{"id":2128,"date":"2024-09-13T10:45:56","date_gmt":"2024-09-13T13:45:56","guid":{"rendered":"https:\/\/cabanadoelfo.com.br\/loja\/?post_type=product&#038;p=2128"},"modified":"2026-02-17T08:42:19","modified_gmt":"2026-02-17T11:42:19","slug":"sociedade-dos-salafrarios","status":"publish","type":"product","link":"https:\/\/cabanadoelfo.com.br\/loja\/jogo\/sociedade-dos-salafrarios\/","title":{"rendered":"Sociedade dos Salafr\u00e1rios"},"content":{"rendered":"<p>A temporada come\u00e7ou novamente: \u00e9 a \u00e9poca do ano quando os rica\u00e7os despreocupados escapam de suas vidas n\u00e3o-t\u00e3o-dif\u00edceis para seus retiros pac\u00edficos&#8230; e tamb\u00e9m \u00e9 quando n\u00f3s da Sociedade nos convidamos para seus saraus, corridas de cavalos e rotinas di\u00e1rias para jogar nosso jogo anual.<\/p>\n<p>O &#8220;Pato&#8221; desse ano j\u00e1 foi escolhido, e o Investigador Soro est\u00e1 seguindo nossos passos. E eu j\u00e1 mencionei que voc\u00ea deve prestar aten\u00e7\u00e3o \u00e0 sua volta? Afinal de contas, roubar de um membro da Sociedade \u00e9 t\u00e3o divertido quanto &#8220;depenar&#8221; o Pato da vez.<\/p>\n<p>Mas enquanto o objetivo \u00e9 roubar itens valiosos e coloc\u00e1-los em seu esconderijo, cada item pilhado tamb\u00e9m tem um valor de suspeita. Portanto, os jogadores devem ser cuidadosos com o quanto de suspeita eles acumulam, porque ao fim do jogo, o jogador com o maior total de suspeita \u00e9 levado para tr\u00e1s das grades pelo Investigador e perde o jogo.<\/p>\n<p><iframe loading=\"lazy\" title=\"Direto ao Ponto - EP 292 - Sociedade dos Salafr\u00e1rios (MeepleBR Jogos)\" width=\"500\" height=\"281\" src=\"https:\/\/www.youtube.com\/embed\/QiTrN6lSPqg?feature=oembed\" frameborder=\"0\" allow=\"accelerometer; autoplay; clipboard-write; encrypted-media; gyroscope; picture-in-picture; web-share\" referrerpolicy=\"strict-origin-when-cross-origin\" allowfullscreen><\/iframe><\/p>\n<h2>Componentes:<\/h2>\n<ul>\n<li>1 Livreto de Regras<\/li>\n<li>1 Marcador de Primeiro Jogador<\/li>\n<li>35 Marcadores de Suspeita<\/li>\n<li>1 Carta de &#8220;Investigador Soro&#8221;<\/li>\n<li>5 Cartas de &#8220;Moedas de Cobre&#8221;<\/li>\n<li>5 Cartas de Alvo Dupla Face<\/li>\n<li>11 Cartas de Salafr\u00e1rios<\/li>\n<li>25 Cartas de A\u00e7\u00e3o (5 de cada: agarrar, armazenar, esgueirar, planejar e trocar)<\/li>\n<li>63 Cartas de Pilhagem Diferentes<\/li>\n<\/ul>\n<h2>Regras para o aluguel:<\/h2>\n<ul>\n<li>O per\u00edodo de aluguel inclui a data de entrega e devolu\u00e7\u00e3o do jogo;<\/li>\n<li>O atraso na devolu\u00e7\u00e3o dos jogos, resultar\u00e1 em cobran\u00e7a adicional no valor de um aluguel di\u00e1rio por cada dia de atraso;<\/li>\n<li>Em caso de danos que comprometam a experi\u00eancia do jogo (perda ou avaria de componentes), o cliente dever\u00e1 arcar com os custos da reposi\u00e7\u00e3o dos componentes (quando dispon\u00edveis no mercado) ou aquisi\u00e7\u00e3o de um novo exemplar do jogo.<\/li>\n<\/ul>\n","protected":false},"excerpt":{"rendered":"<div class=\"woocommerce-product-details__short-description\">\n<p>Em Sociedade dos Salafr\u00e1rios os jogadores assumem o papel de ladr\u00f5es de elite e roubam n\u00e3o s\u00f3 a resid\u00eancia do &#8220;Pato&#8221; (Alvo) da vez, mas tamb\u00e9m uns aos outros, antes que o &#8220;Investigador Soro&#8221; apare\u00e7a, acabando com o jogo.<\/p>\n<p>Ent\u00e3o, voc\u00ea tem os dedos mais leves? O papo mais contagiante? O sorriso mais persuasivo? Ou este ser\u00e1 o ano que voc\u00ea vai para o xadrez?<\/p>\n<\/div>\n<div class=\"more-link-wrapper\"><a class=\"more-link\" href=\"https:\/\/cabanadoelfo.com.br\/loja\/jogo\/sociedade-dos-salafrarios\/\">Read More<span class=\"screen-reader-text\">Sociedade dos Salafr\u00e1rios<\/span><\/a><\/div>\n","protected":false},"featured_media":2131,"comment_status":"open","ping_status":"closed","template":"","meta":[],"product_brand":[],"product_cat":[37],"product_tag":[],"class_list":{"0":"post-2128","1":"product","2":"type-product","3":"status-publish","4":"has-post-thumbnail","6":"product_cat-jogo-de-cartas","7":"pa_complexidade-jogos-expert","8":"pa_designer-nick-little","9":"pa_designer-travis-r-chance","10":"pa_duracao-45-min","11":"pa_editora-meeple-br-jogos","12":"pa_estilo-acao-simultanea","13":"pa_estilo-apostas","14":"pa_estilo-blefe","15":"pa_estilo-colecionar-conjuntos","16":"pa_estilo-gerenciamento-de-maos","17":"pa_estilo-jogadores-com-diferentes-habilidades","18":"pa_estilo-movimento-programado","19":"pa_estilo-toma-essa","20":"pa_idade-61","21":"pa_idioma-portugues","22":"pa_jogadores-2-a-5","23":"pa_modo-multijogador-competitivo","24":"pa_tema-adulto","25":"pa_tema-arte","26":"pa_tema-aventura","27":"pa_tema-humor","28":"entry","30":"first","31":"instock","32":"purchasable","33":"product-type-redq_rental"},"jetpack_sharing_enabled":true,"_links":{"self":[{"href":"https:\/\/cabanadoelfo.com.br\/loja\/wp-json\/wp\/v2\/product\/2128","targetHints":{"allow":["GET"]}}],"collection":[{"href":"https:\/\/cabanadoelfo.com.br\/loja\/wp-json\/wp\/v2\/product"}],"about":[{"href":"https:\/\/cabanadoelfo.com.br\/loja\/wp-json\/wp\/v2\/types\/product"}],"replies":[{"embeddable":true,"href":"https:\/\/cabanadoelfo.com.br\/loja\/wp-json\/wp\/v2\/comments?post=2128"}],"wp:featuredmedia":[{"embeddable":true,"href":"https:\/\/cabanadoelfo.com.br\/loja\/wp-json\/wp\/v2\/media\/2131"}],"wp:attachment":[{"href":"https:\/\/cabanadoelfo.com.br\/loja\/wp-json\/wp\/v2\/media?parent=2128"}],"wp:term":[{"taxonomy":"product_brand","embeddable":true,"href":"https:\/\/cabanadoelfo.com.br\/loja\/wp-json\/wp\/v2\/product_brand?post=2128"},{"taxonomy":"product_cat","embeddable":true,"href":"https:\/\/cabanadoelfo.com.br\/loja\/wp-json\/wp\/v2\/product_cat?post=2128"},{"taxonomy":"product_tag","embeddable":true,"href":"https:\/\/cabanadoelfo.com.br\/loja\/wp-json\/wp\/v2\/product_tag?post=2128"}],"curies":[{"name":"wp","href":"https:\/\/api.w.org\/{rel}","templated":true}]}}