{"id":2119,"date":"2024-09-12T19:39:39","date_gmt":"2024-09-12T22:39:39","guid":{"rendered":"https:\/\/cabanadoelfo.com.br\/loja\/?post_type=product&#038;p=2119"},"modified":"2025-09-20T16:20:50","modified_gmt":"2025-09-20T19:20:50","slug":"civilization-um-novo-amanhecer","status":"publish","type":"product","link":"https:\/\/cabanadoelfo.com.br\/loja\/jogo\/civilization-um-novo-amanhecer\/","title":{"rendered":"Civilization: um novo amanhecer"},"content":{"rendered":"<p>Este jogo apresenta jogadores com um pa\u00eds n\u00e3o descoberto para conquistar, constru\u00eddo a partir de tiles de mapas bem ilustradas. Esses aspirantes a conquistadores constroem e povoam o mapa com b\u00e1rbaros, recursos naturais e cidades-estados, depois formulam seus planos sobre como eles moldar\u00e3o esse mundo para sua vis\u00e3o. Seus objetivos exatos, no entanto, mudam em cada jogo. As agendas s\u00e3o detalhadas sobre as cartas de vit\u00f3ria, tr\u00eas das quais s\u00e3o compradas durante o in\u00edcio do jogo. Os jogadores competem para se tornar o primeiro a realizar uma agenda em cada uma desses cartas de vit\u00f3rias, espalhando-se por todo o mundo e garantindo o lugar da sua civiliza\u00e7\u00e3o como a maior pot\u00eancia mundial.<\/p>\n<p><iframe loading=\"lazy\" title=\"CIVILIZATION A NEW DAWN | Overview | Jogatina BG #74\" width=\"500\" height=\"281\" src=\"https:\/\/www.youtube.com\/embed\/Fx_WW6vMX5Q?feature=oembed\" frameborder=\"0\" allow=\"accelerometer; autoplay; clipboard-write; encrypted-media; gyroscope; picture-in-picture; web-share\" referrerpolicy=\"strict-origin-when-cross-origin\" allowfullscreen><\/iframe><\/p>\n<h2>Componentes:<\/h2>\n<ul>\n<li>1 Livro de Regras<\/li>\n<li>16 Pe\u00e7as de Mapa<\/li>\n<li>8 Fichas de L\u00edder<\/li>\n<li>1 Indicador de Evento<\/li>\n<li>4 Indicadores de Tecnologia (1 por jogador)<\/li>\n<li>2 Dados<\/li>\n<li>4 Barras de Foco (1 por jogador)<\/li>\n<li>44 Miniaturas Pl\u00e1sticas (1 capital, 7 cidades e 3 caravanas por jogador)<\/li>\n<li>1 Marcador de Dire\u00e7\u00e3o de B\u00e1rbaros<\/li>\n<li>4 Marcadores de Cidade-Estado (frente e verso)<\/li>\n<li>4 Marcadores de Maravilhas Naturais (frente e verso)<\/li>\n<li>8 Marcadores de \u00c1gua<\/li>\n<li>9 Marcadores de B\u00e1rbaros<\/li>\n<li>24 Marcadores de Maravilha (6 de cada cor)<\/li>\n<li>32 Marcadores de Recursos (8 por tipo)<\/li>\n<li>34 Marcadores de Com\u00e9rcio<\/li>\n<li>5 Cartas de Vit\u00f3ria<\/li>\n<li>16 Cartas de Diplomacia Cidade-Estado (frente e verso)<\/li>\n<li>16 Cartas de Diplomacia de Jogador (4 por jogador)<\/li>\n<li>24 Cartas de Maravilha (6 de cada cor)<\/li>\n<li>80 Cartas de Foco (20 por jogador)<\/li>\n<\/ul>\n<h2>Regras para o aluguel:<\/h2>\n<ul>\n<li>O per\u00edodo de aluguel inclui a data de entrega e devolu\u00e7\u00e3o do jogo;<\/li>\n<li>O atraso na devolu\u00e7\u00e3o dos jogos, resultar\u00e1 em cobran\u00e7a adicional no valor de um aluguel di\u00e1rio por cada dia de atraso;<\/li>\n<li>Em caso de danos que comprometam a experi\u00eancia do jogo (perda ou avaria de componentes), o cliente dever\u00e1 arcar com os custos da reposi\u00e7\u00e3o dos componentes (quando dispon\u00edveis no mercado) ou aquisi\u00e7\u00e3o de um novo exemplar do jogo.<\/li>\n<\/ul>\n","protected":false},"excerpt":{"rendered":"<div class=\"woocommerce-product-details__short-description\">\n<p>Sid Meier&#8217;s Civilization: um novo amanhecer \u00e9 um jogo de tabuleiro de estrat\u00e9gia no qual dois a quatro jogadores atuam como l\u00edderes dos imp\u00e9rios mais memor\u00e1veis \u200b\u200bda hist\u00f3ria. Ao longo do jogo, os jogadores expandir\u00e3o seus dom\u00ednios, ganhar\u00e3o novas tecnologias e criar\u00e3o muitas das maiores maravilhas da humanidade. No final, uma na\u00e7\u00e3o se elevar\u00e1 acima de todas as outras para deixar sua marca sobre a hist\u00f3ria.<\/p>\n<\/div>\n<div class=\"more-link-wrapper\"><a class=\"more-link\" href=\"https:\/\/cabanadoelfo.com.br\/loja\/jogo\/civilization-um-novo-amanhecer\/\">Read More<span class=\"screen-reader-text\">Civilization: um novo amanhecer<\/span><\/a><\/div>\n","protected":false},"featured_media":2125,"comment_status":"open","ping_status":"closed","template":"","meta":[],"product_brand":[],"product_cat":[15],"product_tag":[],"class_list":{"0":"post-2119","1":"product","2":"type-product","3":"status-publish","4":"has-post-thumbnail","6":"product_cat-jogos-de-tabuleiro","7":"pa_complexidade-jogos-expert","8":"pa_designer-james-kniffen","9":"pa_duracao-150-min","10":"pa_editora-galapagos-jogos","11":"pa_estilo-controle-influencia-de-area","12":"pa_estilo-jogadores-com-diferentes-habilidades","13":"pa_estilo-tabuleiro-modular","14":"pa_idade-61","15":"pa_idioma-portugues","16":"pa_jogadores-2-a-4","17":"pa_modo-multijogador-competitivo","18":"pa_tema-civilizacao","19":"pa_tema-cultura","20":"pa_tema-historia","21":"entry","23":"first","24":"instock","25":"purchasable","26":"product-type-redq_rental"},"jetpack_sharing_enabled":true,"_links":{"self":[{"href":"https:\/\/cabanadoelfo.com.br\/loja\/wp-json\/wp\/v2\/product\/2119","targetHints":{"allow":["GET"]}}],"collection":[{"href":"https:\/\/cabanadoelfo.com.br\/loja\/wp-json\/wp\/v2\/product"}],"about":[{"href":"https:\/\/cabanadoelfo.com.br\/loja\/wp-json\/wp\/v2\/types\/product"}],"replies":[{"embeddable":true,"href":"https:\/\/cabanadoelfo.com.br\/loja\/wp-json\/wp\/v2\/comments?post=2119"}],"wp:featuredmedia":[{"embeddable":true,"href":"https:\/\/cabanadoelfo.com.br\/loja\/wp-json\/wp\/v2\/media\/2125"}],"wp:attachment":[{"href":"https:\/\/cabanadoelfo.com.br\/loja\/wp-json\/wp\/v2\/media?parent=2119"}],"wp:term":[{"taxonomy":"product_brand","embeddable":true,"href":"https:\/\/cabanadoelfo.com.br\/loja\/wp-json\/wp\/v2\/product_brand?post=2119"},{"taxonomy":"product_cat","embeddable":true,"href":"https:\/\/cabanadoelfo.com.br\/loja\/wp-json\/wp\/v2\/product_cat?post=2119"},{"taxonomy":"product_tag","embeddable":true,"href":"https:\/\/cabanadoelfo.com.br\/loja\/wp-json\/wp\/v2\/product_tag?post=2119"}],"curies":[{"name":"wp","href":"https:\/\/api.w.org\/{rel}","templated":true}]}}