{"id":2106,"date":"2024-09-12T18:17:18","date_gmt":"2024-09-12T21:17:18","guid":{"rendered":"https:\/\/cabanadoelfo.com.br\/loja\/?post_type=product&#038;p=2106"},"modified":"2024-09-13T11:59:41","modified_gmt":"2024-09-13T14:59:41","slug":"fantasy-realms","status":"publish","type":"product","link":"https:\/\/cabanadoelfo.com.br\/loja\/jogo\/fantasy-realms\/","title":{"rendered":"Fantasy Realms"},"content":{"rendered":"<p>Fantasy Realms leva segundos para aprender: compre uma carta, descarte uma carta &#8211; embora voc\u00ea possa comprar do deck ou da \u00e1rea de descarte!<\/p>\n<p>Fa\u00e7a a melhor m\u00e3o poss\u00edvel, fazendo os melhores combos. O jogo termina quando dez cartas est\u00e3o na \u00e1rea de descarte. Mire a maior pontua\u00e7\u00e3o para ganhar!<\/p>\n<p>Fantasy Realms \u00e9 um jogo emocionante que coloca os jogadores em um mundo de fantasia. Com tantas possibilidades de combina\u00e7\u00e3o, este jogo oferece uma experi\u00eancia \u00fanica e emocionante a cada partida, garantindo alta rejogabilidade!<\/p>\n<p>Com uma arte impressionante e um design atraente, Fantasy Realms \u00e9 um jogo de cartas que ir\u00e1 cativar qualquer um! Suas partidas s\u00e3o r\u00e1pidas e f\u00e1ceis de aprender, tornando-o ideal para quem procura divers\u00e3o e entretenimento em um curto espa\u00e7o de tempo. Se voc\u00ea procura um jogo que mistura fantasia e estrat\u00e9gia, Fantasy Realms \u00e9 a escolha perfeita. Convide seus amigos e familiares para jogar e descubra o reino fant\u00e1stico que voc\u00ea pode criar!<\/p>\n<p><iframe loading=\"lazy\" title=\"FANTASY REALMS em 7 minutos\" width=\"500\" height=\"281\" src=\"https:\/\/www.youtube.com\/embed\/A5p0oC1eT70?feature=oembed\" frameborder=\"0\" allow=\"accelerometer; autoplay; clipboard-write; encrypted-media; gyroscope; picture-in-picture; web-share\" referrerpolicy=\"strict-origin-when-cross-origin\" allowfullscreen><\/iframe><\/p>\n<p><strong>PR\u00caMIOS E HONRAS:<\/strong><\/p>\n<p><strong>Nomeado para Kennerspiel des Jahres 2021<\/strong><\/p>\n<h2>Componentes:<\/h2>\n<ul>\n<li>1 Livro de Regras<\/li>\n<li>1 Bloco de Pontua\u00e7\u00e3o<\/li>\n<li>55 Cartas (10 tipos, 3 cartas coringa e duas cartas promo)<\/li>\n<\/ul>\n<h2>Regras para o aluguel:<\/h2>\n<ul>\n<li>O per\u00edodo de aluguel inclui a data de entrega e devolu\u00e7\u00e3o do jogo;<\/li>\n<li>O atraso na devolu\u00e7\u00e3o dos jogos, resultar\u00e1 em cobran\u00e7a adicional no valor de um aluguel di\u00e1rio por cada dia de atraso;<\/li>\n<li>Em caso de danos que comprometam a experi\u00eancia do jogo (perda ou avaria de componentes), o cliente dever\u00e1 arcar com os custos da reposi\u00e7\u00e3o dos componentes (quando dispon\u00edveis no mercado) ou aquisi\u00e7\u00e3o de um novo exemplar do jogo.<\/li>\n<\/ul>\n","protected":false},"excerpt":{"rendered":"<div class=\"woocommerce-product-details__short-description\">\n<p>Como governante, cabe a voc\u00ea construir o reino mais poderoso do mundo! Voc\u00ea escolher\u00e1 seguir t\u00e1ticas militares e varrer tudo em seu caminho com um ex\u00e9rcito maci\u00e7o? Voc\u00ea se voltar\u00e1 para a feiti\u00e7aria e controlar\u00e1 uma ilha inacess\u00edvel cercada de chamas impenetr\u00e1veis? A escolha \u00e9 sua, e nenhum dos reinos nunca ser\u00e1 o mesmo em Fantasy Realms, um delicioso jogo de combos de cartas.<\/p>\n<\/div>\n<div class=\"more-link-wrapper\"><a class=\"more-link\" href=\"https:\/\/cabanadoelfo.com.br\/loja\/jogo\/fantasy-realms\/\">Read More<span class=\"screen-reader-text\">Fantasy Realms<\/span><\/a><\/div>\n","protected":false},"featured_media":2138,"comment_status":"open","ping_status":"closed","template":"","meta":[],"product_brand":[],"product_cat":[37],"product_tag":[],"class_list":{"0":"post-2106","1":"product","2":"type-product","3":"status-publish","4":"has-post-thumbnail","6":"product_cat-jogo-de-cartas","7":"pa_complexidade-jogos-familiares","8":"pa_designer-bruce-glassco","9":"pa_duracao-20-min","10":"pa_editora-galapagos-jogos","11":"pa_estilo-bonus-de-fim-de-jogo","12":"pa_estilo-colecionar-conjuntos","13":"pa_estilo-compra-aberta","14":"pa_estilo-gerenciamento-de-maos","15":"pa_idade-61","16":"pa_idioma-portugues","17":"pa_jogadores-2-a-6","18":"pa_modo-multijogador-competitivo","19":"pa_tema-fantasia","20":"pa_tema-medieval","21":"entry","23":"first","24":"instock","25":"purchasable","26":"product-type-redq_rental"},"jetpack_sharing_enabled":true,"_links":{"self":[{"href":"https:\/\/cabanadoelfo.com.br\/loja\/wp-json\/wp\/v2\/product\/2106","targetHints":{"allow":["GET"]}}],"collection":[{"href":"https:\/\/cabanadoelfo.com.br\/loja\/wp-json\/wp\/v2\/product"}],"about":[{"href":"https:\/\/cabanadoelfo.com.br\/loja\/wp-json\/wp\/v2\/types\/product"}],"replies":[{"embeddable":true,"href":"https:\/\/cabanadoelfo.com.br\/loja\/wp-json\/wp\/v2\/comments?post=2106"}],"wp:featuredmedia":[{"embeddable":true,"href":"https:\/\/cabanadoelfo.com.br\/loja\/wp-json\/wp\/v2\/media\/2138"}],"wp:attachment":[{"href":"https:\/\/cabanadoelfo.com.br\/loja\/wp-json\/wp\/v2\/media?parent=2106"}],"wp:term":[{"taxonomy":"product_brand","embeddable":true,"href":"https:\/\/cabanadoelfo.com.br\/loja\/wp-json\/wp\/v2\/product_brand?post=2106"},{"taxonomy":"product_cat","embeddable":true,"href":"https:\/\/cabanadoelfo.com.br\/loja\/wp-json\/wp\/v2\/product_cat?post=2106"},{"taxonomy":"product_tag","embeddable":true,"href":"https:\/\/cabanadoelfo.com.br\/loja\/wp-json\/wp\/v2\/product_tag?post=2106"}],"curies":[{"name":"wp","href":"https:\/\/api.w.org\/{rel}","templated":true}]}}