{"id":2074,"date":"2024-09-11T19:36:48","date_gmt":"2024-09-11T22:36:48","guid":{"rendered":"https:\/\/cabanadoelfo.com.br\/loja\/?post_type=product&#038;p=2074"},"modified":"2025-09-14T12:55:05","modified_gmt":"2025-09-14T15:55:05","slug":"e-top","status":"publish","type":"product","link":"https:\/\/cabanadoelfo.com.br\/loja\/jogo\/e-top\/","title":{"rendered":"\u00c9 Top!?"},"content":{"rendered":"<p>Em \u201c\u00c9 Top!?\u201d, a cada rodada \u00e9 revelada uma nova categoria de Top 10 e voc\u00ea tem que adivinhar algo que conste na lista. Por\u00e9m, voc\u00ea n\u00e3o ganha o jogo sabendo as respostas! Conteste os palpites que voc\u00ea considera errados para ganhar pontos. S\u00f3 tome cuidado, pois se contestar errado, \u00e9 voc\u00ea quem sair\u00e1 perdendo&#8230;<\/p>\n<p><iframe loading=\"lazy\" title=\"\u00c9 Top!? - An\u00e1lise e Como Jogar\" width=\"500\" height=\"281\" src=\"https:\/\/www.youtube.com\/embed\/rCyTufTv2Mk?feature=oembed\" frameborder=\"0\" allow=\"accelerometer; autoplay; clipboard-write; encrypted-media; gyroscope; picture-in-picture; web-share\" referrerpolicy=\"strict-origin-when-cross-origin\" allowfullscreen><\/iframe><\/p>\n<h2>Componentes:<\/h2>\n<ul>\n<li>1 Folheto de Regras<\/li>\n<li>10 Cartas de Personagens<\/li>\n<li>100 Cartas de Perguntas<\/li>\n<\/ul>\n<h2>Regras para o aluguel:<\/h2>\n<ul>\n<li>O per\u00edodo de aluguel inclui a data de entrega e devolu\u00e7\u00e3o do jogo;<\/li>\n<li>O atraso na devolu\u00e7\u00e3o dos jogos, resultar\u00e1 em cobran\u00e7a adicional no valor de um aluguel di\u00e1rio por cada dia de atraso;<\/li>\n<li>Em caso de danos que comprometam a experi\u00eancia do jogo (perda ou avaria de componentes), o cliente dever\u00e1 arcar com os custos da reposi\u00e7\u00e3o dos componentes (quando dispon\u00edveis no mercado) ou aquisi\u00e7\u00e3o de um novo exemplar do jogo.<\/li>\n<\/ul>\n","protected":false},"excerpt":{"rendered":"<div class=\"woocommerce-product-details__short-description\">\n<p>Quais os pa\u00edses com mais castelos?<\/p>\n<p>Quais os animais terrestres mais r\u00e1pidos?<\/p>\n<p>Quais os sucos de fruta mais consumidos do mundo?<\/p>\n<\/div>\n<div class=\"more-link-wrapper\"><a class=\"more-link\" href=\"https:\/\/cabanadoelfo.com.br\/loja\/jogo\/e-top\/\">Read More<span class=\"screen-reader-text\">\u00c9 Top!?<\/span><\/a><\/div>\n","protected":false},"featured_media":2083,"comment_status":"open","ping_status":"closed","template":"","meta":[],"product_brand":[],"product_cat":[37],"product_tag":[],"class_list":{"0":"post-2074","1":"product","2":"type-product","3":"status-publish","4":"has-post-thumbnail","6":"product_cat-jogo-de-cartas","7":"pa_complexidade-jogo-de-entrada","8":"pa_complexidade-jogos-familiares","9":"pa_complexidade-jogo-festivo","10":"pa_designer-leandro-pires","11":"pa_designer-rodrigo-rego","12":"pa_duracao-20-min","13":"pa_editora-grok-games","14":"pa_estilo-apostas","15":"pa_estilo-blefe","16":"pa_estilo-deducao","17":"pa_estilo-trivia","18":"pa_idade-51","19":"pa_idioma-portugues","20":"pa_jogadores-2-a-10","21":"pa_modo-multijogador-competitivo","22":"pa_tema-cultura","23":"pa_tema-educativo","24":"entry","26":"first","27":"instock","28":"purchasable","29":"product-type-redq_rental"},"jetpack_sharing_enabled":true,"_links":{"self":[{"href":"https:\/\/cabanadoelfo.com.br\/loja\/wp-json\/wp\/v2\/product\/2074","targetHints":{"allow":["GET"]}}],"collection":[{"href":"https:\/\/cabanadoelfo.com.br\/loja\/wp-json\/wp\/v2\/product"}],"about":[{"href":"https:\/\/cabanadoelfo.com.br\/loja\/wp-json\/wp\/v2\/types\/product"}],"replies":[{"embeddable":true,"href":"https:\/\/cabanadoelfo.com.br\/loja\/wp-json\/wp\/v2\/comments?post=2074"}],"wp:featuredmedia":[{"embeddable":true,"href":"https:\/\/cabanadoelfo.com.br\/loja\/wp-json\/wp\/v2\/media\/2083"}],"wp:attachment":[{"href":"https:\/\/cabanadoelfo.com.br\/loja\/wp-json\/wp\/v2\/media?parent=2074"}],"wp:term":[{"taxonomy":"product_brand","embeddable":true,"href":"https:\/\/cabanadoelfo.com.br\/loja\/wp-json\/wp\/v2\/product_brand?post=2074"},{"taxonomy":"product_cat","embeddable":true,"href":"https:\/\/cabanadoelfo.com.br\/loja\/wp-json\/wp\/v2\/product_cat?post=2074"},{"taxonomy":"product_tag","embeddable":true,"href":"https:\/\/cabanadoelfo.com.br\/loja\/wp-json\/wp\/v2\/product_tag?post=2074"}],"curies":[{"name":"wp","href":"https:\/\/api.w.org\/{rel}","templated":true}]}}