{"id":2064,"date":"2024-09-11T18:55:07","date_gmt":"2024-09-11T21:55:07","guid":{"rendered":"https:\/\/cabanadoelfo.com.br\/loja\/?post_type=product&#038;p=2064"},"modified":"2024-09-26T16:36:38","modified_gmt":"2024-09-26T19:36:38","slug":"dedin","status":"publish","type":"product","link":"https:\/\/cabanadoelfo.com.br\/loja\/jogo\/dedin\/","title":{"rendered":"Ded\u00edn"},"content":{"rendered":"<p>Blefe, adivinha\u00e7\u00e3o e risadas garantidas! F\u00e1cil de aprender e r\u00e1pido de jogar:<\/p>\n<p>1) Coloque seu dedo sobre a carta,<br \/>\n2) Anuncie um n\u00famero e tire seu dedo\u2026 ou n\u00e3o!<br \/>\n3) Conte os dedos restantes.<\/p>\n<p>Pronto! Voc\u00ea j\u00e1 (quase) sabe como jogar&#8230;<\/p>\n<p>Voc\u00ea s\u00f3 precisa de um Ded\u00edn para se divertir!<\/p>\n<p><iframe loading=\"lazy\" title=\"Aprenda a Jogar - Ded\u00edn\" width=\"500\" height=\"281\" src=\"https:\/\/www.youtube.com\/embed\/fK0ZVxr1KLA?feature=oembed\" frameborder=\"0\" allow=\"accelerometer; autoplay; clipboard-write; encrypted-media; gyroscope; picture-in-picture; web-share\" referrerpolicy=\"strict-origin-when-cross-origin\" allowfullscreen><\/iframe><\/p>\n<h2>Componentes:<\/h2>\n<ul>\n<li>1 Folheto de Regras<\/li>\n<li>33 Cartas\n<ul>\n<li>32 Cartas Base<\/li>\n<li>1 Carta Bot\u00e3o Gominha<\/li>\n<\/ul>\n<\/li>\n<\/ul>\n<h2>Regras para o aluguel:<\/h2>\n<ul>\n<li>O per\u00edodo de aluguel inclui a data de entrega e devolu\u00e7\u00e3o do jogo;<\/li>\n<li>O atraso na devolu\u00e7\u00e3o dos jogos, resultar\u00e1 em cobran\u00e7a adicional no valor de um aluguel di\u00e1rio por cada dia de atraso;<\/li>\n<li>Em caso de danos que comprometam a experi\u00eancia do jogo (perda ou avaria de componentes), o cliente dever\u00e1 arcar com os custos da reposi\u00e7\u00e3o dos componentes (quando dispon\u00edveis no mercado) ou aquisi\u00e7\u00e3o de um novo exemplar do jogo.<\/li>\n<\/ul>\n","protected":false},"excerpt":{"rendered":"<div class=\"woocommerce-product-details__short-description\">\n<p>Antecipe a rea\u00e7\u00e3o dos outros jogadores e ganhe o maior n\u00famero de cartas que conseguir\u2026 com apenas um dedo!<\/p>\n<p># Ded\u00edn \u00e9 mais um jogo da Linha Pocket da PaperGames \u2013 grandes t\u00edtulos que cabem no bolso!<\/p>\n<\/div>\n<div class=\"more-link-wrapper\"><a class=\"more-link\" href=\"https:\/\/cabanadoelfo.com.br\/loja\/jogo\/dedin\/\">Read More<span class=\"screen-reader-text\">Ded\u00edn<\/span><\/a><\/div>\n","protected":false},"featured_media":2070,"comment_status":"open","ping_status":"closed","template":"","meta":[],"product_brand":[],"product_cat":[37],"product_tag":[],"class_list":{"0":"post-2064","1":"product","2":"type-product","3":"status-publish","4":"has-post-thumbnail","6":"product_cat-jogo-de-cartas","7":"pa_complexidade-jogos-familiares","8":"pa_complexidade-jogo-festivo","9":"pa_designer-benoit-turpin","10":"pa_designer-florian-sirieix","11":"pa_duracao-10-min","12":"pa_editora-papergames","13":"pa_estilo-acao-simultanea","14":"pa_estilo-apostas","15":"pa_estilo-blefe","16":"pa_estilo-deducao","17":"pa_idade-133","18":"pa_idioma-portugues","19":"pa_jogadores-2-a-5","20":"pa_modo-multijogador-competitivo","21":"pa_tema-humor","22":"entry","24":"first","25":"instock","26":"purchasable","27":"product-type-redq_rental"},"jetpack_sharing_enabled":true,"_links":{"self":[{"href":"https:\/\/cabanadoelfo.com.br\/loja\/wp-json\/wp\/v2\/product\/2064","targetHints":{"allow":["GET"]}}],"collection":[{"href":"https:\/\/cabanadoelfo.com.br\/loja\/wp-json\/wp\/v2\/product"}],"about":[{"href":"https:\/\/cabanadoelfo.com.br\/loja\/wp-json\/wp\/v2\/types\/product"}],"replies":[{"embeddable":true,"href":"https:\/\/cabanadoelfo.com.br\/loja\/wp-json\/wp\/v2\/comments?post=2064"}],"wp:featuredmedia":[{"embeddable":true,"href":"https:\/\/cabanadoelfo.com.br\/loja\/wp-json\/wp\/v2\/media\/2070"}],"wp:attachment":[{"href":"https:\/\/cabanadoelfo.com.br\/loja\/wp-json\/wp\/v2\/media?parent=2064"}],"wp:term":[{"taxonomy":"product_brand","embeddable":true,"href":"https:\/\/cabanadoelfo.com.br\/loja\/wp-json\/wp\/v2\/product_brand?post=2064"},{"taxonomy":"product_cat","embeddable":true,"href":"https:\/\/cabanadoelfo.com.br\/loja\/wp-json\/wp\/v2\/product_cat?post=2064"},{"taxonomy":"product_tag","embeddable":true,"href":"https:\/\/cabanadoelfo.com.br\/loja\/wp-json\/wp\/v2\/product_tag?post=2064"}],"curies":[{"name":"wp","href":"https:\/\/api.w.org\/{rel}","templated":true}]}}