{"id":2051,"date":"2024-09-11T18:07:39","date_gmt":"2024-09-11T21:07:39","guid":{"rendered":"https:\/\/cabanadoelfo.com.br\/loja\/?post_type=product&#038;p=2051"},"modified":"2024-09-11T18:21:18","modified_gmt":"2024-09-11T21:21:18","slug":"brave-rats","status":"publish","type":"product","link":"https:\/\/cabanadoelfo.com.br\/loja\/jogo\/brave-rats\/","title":{"rendered":"Brave Rats"},"content":{"rendered":"<p>BraveRats, lan\u00e7ado pela primeira vez como R, \u00e9 um jogo simples e curto de sele\u00e7\u00e3o de a\u00e7\u00e3o simult\u00e2nea para dois, jogado com cartas. Ambos os jogadores t\u00eam uma m\u00e3o de oito cartas, numeradas de 0 a 7, sendo que cada carta tem um poder especial. Ambos os jogadores escolhem uma carta e as revelam simultaneamente. A carta mais alta ganha a rodada e os jogadores jogam at\u00e9 que algu\u00e9m ganhe quatro rodadas. Os poderes especiais das cartas influenciam muito o jogo.<\/p>\n<p>Os cl\u00e3s rivais preparam-se para lutar pela coroa, mas um grande segredo pesa sobre eles: ambos os pr\u00edncipes est\u00e3o secretamente apaixonados pela princesa do cl\u00e3 inimigo!<\/p>\n<p>Embora o rato mais forte geralmente ven\u00e7a a luta, um estrategista inteligente usar\u00e1 o poder especial de cada rato para alterar o curso da batalha. Voc\u00ea conseguir\u00e1 liderar seu cl\u00e3 para assumir o controle do reino?<\/p>\n<p><iframe loading=\"lazy\" title=\"Brave Rats -  Regras e Review\" width=\"500\" height=\"281\" src=\"https:\/\/www.youtube.com\/embed\/cmms0thMsXw?feature=oembed\" frameborder=\"0\" allow=\"accelerometer; autoplay; clipboard-write; encrypted-media; gyroscope; picture-in-picture; web-share\" referrerpolicy=\"strict-origin-when-cross-origin\" allowfullscreen><\/iframe><\/p>\n<h2>Componentes:<\/h2>\n<ul>\n<li>1 Livreto de Regras<\/li>\n<li>20 Cartas<\/li>\n<\/ul>\n<h2>Regras para o aluguel:<\/h2>\n<ul>\n<li>O per\u00edodo de aluguel inclui a data de entrega e devolu\u00e7\u00e3o do jogo;<\/li>\n<li>O atraso na devolu\u00e7\u00e3o dos jogos, resultar\u00e1 em cobran\u00e7a adicional no valor de um aluguel di\u00e1rio por cada dia de atraso;<\/li>\n<li>Em caso de danos que comprometam a experi\u00eancia do jogo (perda ou avaria de componentes), o cliente dever\u00e1 arcar com os custos da reposi\u00e7\u00e3o dos componentes (quando dispon\u00edveis no mercado) ou aquisi\u00e7\u00e3o de um novo exemplar do jogo.<\/li>\n<\/ul>\n","protected":false},"excerpt":{"rendered":"<div class=\"woocommerce-product-details__short-description\">\n<p>Terras Altas, S\u00e9culo XIII. Com o s\u00fabito desaparecimento do Rei dos Ratos, o reino est\u00e1 agora sem um soberano. Dois cl\u00e3s de ratos surgiram para reivindicar o poder.<\/p>\n<p>Os Yargs s\u00e3o ratos b\u00e1rbaros, famosos por sua experi\u00eancia em combate e seu tamanho impressionante. Eles vestem a cor azul em combate.<\/p>\n<p>Os Applewoods s\u00e3o ratos civilizados, mas not\u00f3rios por sua obsess\u00e3o por joias e acumula\u00e7\u00e3o de riquezas. Eles vestem a cor vermelha em combate.<\/p>\n<\/div>\n<div class=\"more-link-wrapper\"><a class=\"more-link\" href=\"https:\/\/cabanadoelfo.com.br\/loja\/jogo\/brave-rats\/\">Read More<span class=\"screen-reader-text\">Brave Rats<\/span><\/a><\/div>\n","protected":false},"featured_media":2056,"comment_status":"open","ping_status":"closed","template":"","meta":[],"product_brand":[],"product_cat":[37],"product_tag":[],"class_list":{"0":"post-2051","1":"product","2":"type-product","3":"status-publish","4":"has-post-thumbnail","6":"product_cat-jogo-de-cartas","7":"pa_complexidade-jogos-familiares","8":"pa_designer-seiji-kanai","9":"pa_duracao-5-min","10":"pa_editora-papergames","11":"pa_estilo-acao-simultanea","12":"pa_idade-133","13":"pa_idioma-portugues","14":"pa_jogadores-205","15":"pa_modo-multijogador-competitivo","16":"pa_tema-fantasia","17":"entry","19":"first","20":"instock","21":"purchasable","22":"product-type-redq_rental"},"jetpack_sharing_enabled":true,"_links":{"self":[{"href":"https:\/\/cabanadoelfo.com.br\/loja\/wp-json\/wp\/v2\/product\/2051","targetHints":{"allow":["GET"]}}],"collection":[{"href":"https:\/\/cabanadoelfo.com.br\/loja\/wp-json\/wp\/v2\/product"}],"about":[{"href":"https:\/\/cabanadoelfo.com.br\/loja\/wp-json\/wp\/v2\/types\/product"}],"replies":[{"embeddable":true,"href":"https:\/\/cabanadoelfo.com.br\/loja\/wp-json\/wp\/v2\/comments?post=2051"}],"wp:featuredmedia":[{"embeddable":true,"href":"https:\/\/cabanadoelfo.com.br\/loja\/wp-json\/wp\/v2\/media\/2056"}],"wp:attachment":[{"href":"https:\/\/cabanadoelfo.com.br\/loja\/wp-json\/wp\/v2\/media?parent=2051"}],"wp:term":[{"taxonomy":"product_brand","embeddable":true,"href":"https:\/\/cabanadoelfo.com.br\/loja\/wp-json\/wp\/v2\/product_brand?post=2051"},{"taxonomy":"product_cat","embeddable":true,"href":"https:\/\/cabanadoelfo.com.br\/loja\/wp-json\/wp\/v2\/product_cat?post=2051"},{"taxonomy":"product_tag","embeddable":true,"href":"https:\/\/cabanadoelfo.com.br\/loja\/wp-json\/wp\/v2\/product_tag?post=2051"}],"curies":[{"name":"wp","href":"https:\/\/api.w.org\/{rel}","templated":true}]}}