{"id":2033,"date":"2024-09-11T08:55:58","date_gmt":"2024-09-11T11:55:58","guid":{"rendered":"https:\/\/cabanadoelfo.com.br\/loja\/?post_type=product&#038;p=2033"},"modified":"2025-09-14T12:51:46","modified_gmt":"2025-09-14T15:51:46","slug":"beaver-creek","status":"publish","type":"product","link":"https:\/\/cabanadoelfo.com.br\/loja\/jogo\/beaver-creek\/","title":{"rendered":"Beaver Creek"},"content":{"rendered":"<p>Beaver Creek \u00e9 um jogo de destreza onde os jogadores precisam empilhar meeples de castores e pe\u00e7as de madeira, formando uma barragem. Os dados decidem como ser\u00e3o as jogadas. Um dado mostra quantas pe\u00e7as de cada \u2013 castores e madeiras &#8211; voc\u00ea deve colocar e o outro mostra como elas devem ser colocadas (usando apenas os mendinhos, com a m\u00e3o n\u00e3o dominante, etc). O objetivo do jogo \u00e9 se livrar de todas as madeiras da sua m\u00e3o. Mas cuidado, toda vez que voc\u00ea derruba a constru\u00e7\u00e3o, voc\u00ea fica com madeiras extras.<\/p>\n<p>Beaver Creek \u00e9 um jogo para toda fam\u00edlia e tamb\u00e9m para iniciantes no mundo dos board games. Voc\u00ea pode reunir todo o seu grupo de amigos, j\u00e1 que comporta at\u00e9 6 jogadores, ou pode jogar sozinho no modo solo e tentar aprimorar suas habilidades. Este \u00e9 um jogo de destreza que promete muitas risadas e competi\u00e7\u00e3o. E ent\u00e3o, bora empilhar?<\/p>\n<p><iframe loading=\"lazy\" title=\"Beaver Creek   Regras   Aprenda em Minutos\" width=\"500\" height=\"281\" src=\"https:\/\/www.youtube.com\/embed\/J6f7ONw1ph4?feature=oembed\" frameborder=\"0\" allow=\"accelerometer; autoplay; clipboard-write; encrypted-media; gyroscope; picture-in-picture; web-share\" referrerpolicy=\"strict-origin-when-cross-origin\" allowfullscreen><\/iframe><\/p>\n<h2>Componentes:<\/h2>\n<ul>\n<li>1 Manual de Regras<\/li>\n<li>2 Dados de Madeira<\/li>\n<li>30 Meeples de Castor<\/li>\n<li>50 Pe\u00e7as de Madeira (30 grandes e 20 pequenas)<\/li>\n<\/ul>\n<h2>Regras para o aluguel:<\/h2>\n<ul>\n<li>O per\u00edodo de aluguel inclui a data de entrega e devolu\u00e7\u00e3o do jogo;<\/li>\n<li>O atraso na devolu\u00e7\u00e3o dos jogos, resultar\u00e1 em cobran\u00e7a adicional no valor de um aluguel di\u00e1rio por cada dia de atraso;<\/li>\n<li>Em caso de danos que comprometam a experi\u00eancia do jogo (perda ou avaria de componentes), o cliente dever\u00e1 arcar com os custos da reposi\u00e7\u00e3o dos componentes (quando dispon\u00edveis no mercado) ou aquisi\u00e7\u00e3o de um novo exemplar do jogo.<\/li>\n<\/ul>\n","protected":false},"excerpt":{"rendered":"<div class=\"woocommerce-product-details__short-description\">\n<p>Os castores de Beaver Creek precisam construir uma barragem bem firma para proteger suas casas e se defenderem de predadores e depende de voc\u00ea ajuda-los. Usando madeiras curtas e longas os castores se adentram na barragem para constru\u00ed-la, mas nem sempre elas s\u00e3o muito seguras e tudo pode desmoronar a qualquer momento. Quem vai conseguir construir a barragem sem derrubar?<\/p>\n<\/div>\n<div class=\"more-link-wrapper\"><a class=\"more-link\" href=\"https:\/\/cabanadoelfo.com.br\/loja\/jogo\/beaver-creek\/\">Read More<span class=\"screen-reader-text\">Beaver Creek<\/span><\/a><\/div>\n","protected":false},"featured_media":2039,"comment_status":"open","ping_status":"closed","template":"","meta":[],"product_brand":[],"product_cat":[393,86,15],"product_tag":[],"class_list":{"0":"post-2033","1":"product","2":"type-product","3":"status-publish","4":"has-post-thumbnail","6":"product_cat-jogos-de-blocos","7":"product_cat-jogo-de-dados","8":"product_cat-jogos-de-tabuleiro","9":"pa_complexidade-jogo-de-entrada","10":"pa_complexidade-jogos-familiares","11":"pa_complexidade-jogos-infantis","12":"pa_designer-eurico-da-cunha-neto","13":"pa_designer-guilherme-cavalcante","14":"pa_duracao-15-min","15":"pa_editora-calamity-games","16":"pa_estilo-colocacao-de-pecas","17":"pa_estilo-destreza","18":"pa_estilo-force-sua-sorte","19":"pa_estilo-rolagem-de-dados","20":"pa_estilo-tabuleiro-modular","21":"pa_idade-425","22":"pa_idioma-portugues","23":"pa_jogadores-1-a-5","24":"pa_modo-multijogador-competitivo","25":"pa_tema-animais","26":"pa_tema-biologia","27":"pa_tema-meio-ambiente","28":"entry","30":"first","31":"instock","32":"purchasable","33":"product-type-redq_rental"},"jetpack_sharing_enabled":true,"_links":{"self":[{"href":"https:\/\/cabanadoelfo.com.br\/loja\/wp-json\/wp\/v2\/product\/2033","targetHints":{"allow":["GET"]}}],"collection":[{"href":"https:\/\/cabanadoelfo.com.br\/loja\/wp-json\/wp\/v2\/product"}],"about":[{"href":"https:\/\/cabanadoelfo.com.br\/loja\/wp-json\/wp\/v2\/types\/product"}],"replies":[{"embeddable":true,"href":"https:\/\/cabanadoelfo.com.br\/loja\/wp-json\/wp\/v2\/comments?post=2033"}],"wp:featuredmedia":[{"embeddable":true,"href":"https:\/\/cabanadoelfo.com.br\/loja\/wp-json\/wp\/v2\/media\/2039"}],"wp:attachment":[{"href":"https:\/\/cabanadoelfo.com.br\/loja\/wp-json\/wp\/v2\/media?parent=2033"}],"wp:term":[{"taxonomy":"product_brand","embeddable":true,"href":"https:\/\/cabanadoelfo.com.br\/loja\/wp-json\/wp\/v2\/product_brand?post=2033"},{"taxonomy":"product_cat","embeddable":true,"href":"https:\/\/cabanadoelfo.com.br\/loja\/wp-json\/wp\/v2\/product_cat?post=2033"},{"taxonomy":"product_tag","embeddable":true,"href":"https:\/\/cabanadoelfo.com.br\/loja\/wp-json\/wp\/v2\/product_tag?post=2033"}],"curies":[{"name":"wp","href":"https:\/\/api.w.org\/{rel}","templated":true}]}}