{"id":2032,"date":"2024-09-11T08:43:29","date_gmt":"2024-09-11T11:43:29","guid":{"rendered":"https:\/\/cabanadoelfo.com.br\/loja\/?post_type=product&#038;p=2032"},"modified":"2024-09-11T23:30:14","modified_gmt":"2024-09-12T02:30:14","slug":"camisa-12","status":"publish","type":"product","link":"https:\/\/cabanadoelfo.com.br\/loja\/jogo\/camisa-12\/","title":{"rendered":"Camisa 12"},"content":{"rendered":"<p>Camisa 12 \u00e9 um jogo para 2 jogadores, onde voc\u00ea assumir\u00e1 a torcida organizada do seu time do cora\u00e7\u00e3o. Seu objetivo \u00e9 lotar seu lado da arquibancada, incentivando os jogadores em campo a marcarem gols e trazerem a vit\u00f3ria.<\/p>\n<p>Usando um rondel muito divertido, os jogadores selecionar\u00e3o pe\u00e7as para colocar no seu lado da arquibancada, ao mesmo tempo que descartam uma pe\u00e7a importante para o oponente.<\/p>\n<p>Al\u00e9m delas, os jogadores podem usar habilidades especiais de seus times para realizar a\u00e7\u00f5es poderosas e \u00fanicas. S\u00e3o 24 times diferentes para os jogadores experimentarem, criando mais de 250 combina\u00e7\u00f5es diferentes!<\/p>\n<p>Lote o est\u00e1dio, incentive seu time a ganhar! \u00c9 hora de fazer o est\u00e1dio tremer!<\/p>\n<p><iframe loading=\"lazy\" title=\"Camisa 12\" width=\"500\" height=\"281\" src=\"https:\/\/www.youtube.com\/embed\/mc-1ezkUk-4?feature=oembed\" frameborder=\"0\" allow=\"accelerometer; autoplay; clipboard-write; encrypted-media; gyroscope; picture-in-picture; web-share\" referrerpolicy=\"strict-origin-when-cross-origin\" allowfullscreen><\/iframe><\/p>\n<p><strong>Pr\u00eamios:<\/strong><\/p>\n<p dir=\"ltr\"><strong>2021 &#8211; Indicado ao Pr\u00eamio Ludopedia &#8211; Melhor Jogo Fam\u00edlia (Jurados)<\/strong><\/p>\n<p dir=\"ltr\"><strong>2021 &#8211; Vencedor do\u00a0Pr\u00eamio Ludopedia &#8211; Melhor Jogo Fam\u00edlia Designer Nacional\u00a0(Jurados)<\/strong><\/p>\n<p dir=\"ltr\"><strong>2021 &#8211; Indicado ao\u00a0Pr\u00eamio Ludopedia &#8211; Melhor Jogo Fam\u00edlia Designer Nacional\u00a0(Voto Popular)<\/strong><\/p>\n<h2>Componentes:<\/h2>\n<ul>\n<li>1 Livro de Regras<\/li>\n<li>1 Tabuleiro de Est\u00e1dio<\/li>\n<li>1 Rondel de A\u00e7\u00f5es<\/li>\n<li>72 Pe\u00e7as de Torcida (3 conjuntos frente e verso com 24 pe\u00e7as)<\/li>\n<li>2 Cartas de Refer\u00eancia<\/li>\n<li>4 Cartas de P\u00eanalti<\/li>\n<li>25 Cartas de Mosaico<\/li>\n<li>32 Cartas de Times<\/li>\n<li>6 Marcadores de Pontua\u00e7\u00e3o (1 de cada cor)<\/li>\n<li>1 Ficha de Bola<\/li>\n<li>1 Ficha de Moeda<\/li>\n<li>14 Fichas de Poderes<\/li>\n<\/ul>\n<h2>Regras para o aluguel:<\/h2>\n<ul>\n<li>O per\u00edodo de aluguel inclui a data de entrega e devolu\u00e7\u00e3o do jogo;<\/li>\n<li>O atraso na devolu\u00e7\u00e3o dos jogos, resultar\u00e1 em cobran\u00e7a adicional no valor de um aluguel di\u00e1rio por cada dia de atraso;<\/li>\n<li>Em caso de danos que comprometam a experi\u00eancia do jogo (perda ou avaria de componentes), o cliente dever\u00e1 arcar com os custos da reposi\u00e7\u00e3o dos componentes (quando dispon\u00edveis no mercado) ou aquisi\u00e7\u00e3o de um novo exemplar do jogo.<\/li>\n<\/ul>\n","protected":false},"excerpt":{"rendered":"<div class=\"woocommerce-product-details__short-description\">\n<p>Ser torcedor \u00e9 fazer parte do time em campo!<\/p>\n<p>\u00c9 hora de fazer o est\u00e1dio tremer!<\/p>\n<\/div>\n<div class=\"more-link-wrapper\"><a class=\"more-link\" href=\"https:\/\/cabanadoelfo.com.br\/loja\/jogo\/camisa-12\/\">Read More<span class=\"screen-reader-text\">Camisa 12<\/span><\/a><\/div>\n","protected":false},"featured_media":2075,"comment_status":"open","ping_status":"closed","template":"","meta":[],"product_brand":[],"product_cat":[37,15],"product_tag":[],"class_list":{"0":"post-2032","1":"product","2":"type-product","3":"status-publish","4":"has-post-thumbnail","6":"product_cat-jogo-de-cartas","7":"product_cat-jogos-de-tabuleiro","8":"pa_complexidade-jogos-familiares","9":"pa_designer-rodrigo-rego","10":"pa_duracao-25-min","11":"pa_editora-dijon","12":"pa_estilo-colecionar-conjuntos","13":"pa_estilo-colocacao-de-pecas","14":"pa_estilo-controle-influencia-de-area","15":"pa_estilo-jogadores-com-diferentes-habilidades","16":"pa_estilo-reconhecimento-de-padrao","17":"pa_estilo-tabuleiro-modular","18":"pa_idade-61","19":"pa_idioma-portugues","20":"pa_jogadores-1-a-2","21":"pa_modo-multijogador-competitivo","22":"pa_tema-cultura-brasileira","23":"pa_tema-esportes","24":"entry","26":"first","27":"instock","28":"purchasable","29":"product-type-redq_rental"},"jetpack_sharing_enabled":true,"_links":{"self":[{"href":"https:\/\/cabanadoelfo.com.br\/loja\/wp-json\/wp\/v2\/product\/2032","targetHints":{"allow":["GET"]}}],"collection":[{"href":"https:\/\/cabanadoelfo.com.br\/loja\/wp-json\/wp\/v2\/product"}],"about":[{"href":"https:\/\/cabanadoelfo.com.br\/loja\/wp-json\/wp\/v2\/types\/product"}],"replies":[{"embeddable":true,"href":"https:\/\/cabanadoelfo.com.br\/loja\/wp-json\/wp\/v2\/comments?post=2032"}],"wp:featuredmedia":[{"embeddable":true,"href":"https:\/\/cabanadoelfo.com.br\/loja\/wp-json\/wp\/v2\/media\/2075"}],"wp:attachment":[{"href":"https:\/\/cabanadoelfo.com.br\/loja\/wp-json\/wp\/v2\/media?parent=2032"}],"wp:term":[{"taxonomy":"product_brand","embeddable":true,"href":"https:\/\/cabanadoelfo.com.br\/loja\/wp-json\/wp\/v2\/product_brand?post=2032"},{"taxonomy":"product_cat","embeddable":true,"href":"https:\/\/cabanadoelfo.com.br\/loja\/wp-json\/wp\/v2\/product_cat?post=2032"},{"taxonomy":"product_tag","embeddable":true,"href":"https:\/\/cabanadoelfo.com.br\/loja\/wp-json\/wp\/v2\/product_tag?post=2032"}],"curies":[{"name":"wp","href":"https:\/\/api.w.org\/{rel}","templated":true}]}}