{"id":1959,"date":"2024-07-19T23:38:53","date_gmt":"2024-07-20T02:38:53","guid":{"rendered":"https:\/\/cabanadoelfo.com.br\/loja\/?post_type=product&#038;p=1959"},"modified":"2024-07-20T00:05:29","modified_gmt":"2024-07-20T03:05:29","slug":"riverdragons","status":"publish","type":"product","link":"https:\/\/cabanadoelfo.com.br\/loja\/jogo\/riverdragons\/","title":{"rendered":"River Dragons"},"content":{"rendered":"<p>Em termos de jogo, todos simultaneamente escolhem uma carta do seu baralho at\u00e9 escolherem 5 cartas. As a\u00e7\u00f5es possibilitam aos jogadores colocarem o fundamento da ponte, colocarem pontes, mover seus pe\u00f5es, cancelar a\u00e7\u00f5es de outros jogadores ou remover ponte ou a pedra de fundamento. Como esperado de um design com sele\u00e7\u00e3o de a\u00e7\u00e3o simult\u00e2nea, este jogo \u00e9 ca\u00f3tico.<\/p>\n<p><iframe loading=\"lazy\" title=\"River Dragons - Como Jogar\" width=\"500\" height=\"281\" src=\"https:\/\/www.youtube.com\/embed\/KVhfArif-oM?feature=oembed\" frameborder=\"0\" allow=\"accelerometer; autoplay; clipboard-write; encrypted-media; gyroscope; picture-in-picture; web-share\" referrerpolicy=\"strict-origin-when-cross-origin\" allowfullscreen><\/iframe><\/p>\n<h2>Componentes:<\/h2>\n<ul>\n<li>1 tabuleiro<\/li>\n<li>1 carta de primeiro jogador<\/li>\n<li>6 pe\u00f5es (1 por jogador)<\/li>\n<li>27 pedras<\/li>\n<li>36 t\u00e1buas numeradas (6 por jogador)<\/li>\n<li>78 cartas de a\u00e7\u00e3o (13 por jogador)<\/li>\n<\/ul>\n<h2>Regras para o aluguel:<\/h2>\n<ul>\n<li>O per\u00edodo de aluguel inclui a data de entrega e devolu\u00e7\u00e3o do jogo;<\/li>\n<li>O atraso na devolu\u00e7\u00e3o dos jogos, resultar\u00e1 em cobran\u00e7a adicional no valor de um aluguel di\u00e1rio por cada dia de atraso;<\/li>\n<li>Em caso de danos que comprometam a experi\u00eancia do jogo (perda ou avaria de componentes), o cliente dever\u00e1 arcar com os custos da reposi\u00e7\u00e3o dos componentes (quando dispon\u00edveis no mercado) ou aquisi\u00e7\u00e3o de um novo exemplar do jogo.<\/li>\n<\/ul>\n","protected":false},"excerpt":{"rendered":"<div class=\"woocommerce-product-details__short-description\">\n<p>Em Dragon Delta, voc\u00ea quer mover seu pe\u00e3o para o outro lado do tabuleiro sobre um sistema de ponte de madeira. Uma tarefa f\u00e1cil! Ou pelo menos seria se todos os outros jogadores trabalhassem juntos, mas neste caso n\u00e3o est\u00e3o. Ao inv\u00e9s disso todos est\u00e3o trabalhando sozinhos e pr\u00f3ximos aos outros jogadores, cada um certo de que seu caminho \u00e9 o melhor.<\/p>\n<\/div>\n<div class=\"more-link-wrapper\"><a class=\"more-link\" href=\"https:\/\/cabanadoelfo.com.br\/loja\/jogo\/riverdragons\/\">Read More<span class=\"screen-reader-text\">River Dragons<\/span><\/a><\/div>\n","protected":false},"featured_media":1961,"comment_status":"open","ping_status":"closed","template":"","meta":[],"product_brand":[],"product_cat":[37,15],"product_tag":[],"class_list":{"0":"post-1959","1":"product","2":"type-product","3":"status-publish","4":"has-post-thumbnail","6":"product_cat-jogo-de-cartas","7":"product_cat-jogos-de-tabuleiro","8":"pa_complexidade-jogos-familiares","9":"pa_designer-roberto-fraga","10":"pa_duracao-30-min","11":"pa_editora-buro","12":"pa_estilo-movimento-ponto-a-ponto","13":"pa_estilo-movimento-programado","14":"pa_estilo-selecao-de-acao-simultanea","15":"pa_idade-50","16":"pa_idioma-portugues","17":"pa_jogadores-2-a-6","18":"pa_modo-multijogador-competitivo","19":"pa_tema-cultura-oriental","20":"pa_tema-esportes","21":"entry","23":"first","24":"instock","25":"purchasable","26":"product-type-redq_rental"},"jetpack_sharing_enabled":true,"_links":{"self":[{"href":"https:\/\/cabanadoelfo.com.br\/loja\/wp-json\/wp\/v2\/product\/1959","targetHints":{"allow":["GET"]}}],"collection":[{"href":"https:\/\/cabanadoelfo.com.br\/loja\/wp-json\/wp\/v2\/product"}],"about":[{"href":"https:\/\/cabanadoelfo.com.br\/loja\/wp-json\/wp\/v2\/types\/product"}],"replies":[{"embeddable":true,"href":"https:\/\/cabanadoelfo.com.br\/loja\/wp-json\/wp\/v2\/comments?post=1959"}],"wp:featuredmedia":[{"embeddable":true,"href":"https:\/\/cabanadoelfo.com.br\/loja\/wp-json\/wp\/v2\/media\/1961"}],"wp:attachment":[{"href":"https:\/\/cabanadoelfo.com.br\/loja\/wp-json\/wp\/v2\/media?parent=1959"}],"wp:term":[{"taxonomy":"product_brand","embeddable":true,"href":"https:\/\/cabanadoelfo.com.br\/loja\/wp-json\/wp\/v2\/product_brand?post=1959"},{"taxonomy":"product_cat","embeddable":true,"href":"https:\/\/cabanadoelfo.com.br\/loja\/wp-json\/wp\/v2\/product_cat?post=1959"},{"taxonomy":"product_tag","embeddable":true,"href":"https:\/\/cabanadoelfo.com.br\/loja\/wp-json\/wp\/v2\/product_tag?post=1959"}],"curies":[{"name":"wp","href":"https:\/\/api.w.org\/{rel}","templated":true}]}}