{"id":1900,"date":"2024-05-04T19:48:42","date_gmt":"2024-05-04T22:48:42","guid":{"rendered":"https:\/\/cabanadoelfo.com.br\/loja\/?post_type=product&#038;p=1900"},"modified":"2024-09-11T17:54:31","modified_gmt":"2024-09-11T20:54:31","slug":"velonimo","status":"publish","type":"product","link":"https:\/\/cabanadoelfo.com.br\/loja\/jogo\/velonimo\/","title":{"rendered":"Velonimo"},"content":{"rendered":"<p>Conforme a corrida avan\u00e7a, os jogadores precisar\u00e3o manter a concentra\u00e7\u00e3o e vencer as etapas, com n\u00edveis de dificuldade crescentes, descartando suas cartas o mais r\u00e1pido que puderem (ou esperando pelo momento certo!).<\/p>\n<p>Ao final de 5 etapas, somente o jogador com mais pontos ir\u00e1 subir ao degrau mais alto do p\u00f3dio e vestir a prestigiada camisa \u201cErvilhas-com-Cenouras\u201d, s\u00edmbolo da vit\u00f3ria nessa disputa.<\/p>\n<p>Regras muito simples em um jogo inteligente e viciante, do premiado autor Bruno Cathala!<\/p>\n<p>Quem ser\u00e1 o rei das montanhas?<\/p>\n<p><iframe loading=\"lazy\" title=\"Velonimo - Unboxing e Como Jogar\" width=\"500\" height=\"281\" src=\"https:\/\/www.youtube.com\/embed\/_ni1orGZJNs?feature=oembed\" frameborder=\"0\" allow=\"accelerometer; autoplay; clipboard-write; encrypted-media; gyroscope; picture-in-picture; web-share\" referrerpolicy=\"strict-origin-when-cross-origin\" allowfullscreen><\/iframe><\/p>\n<h2>Componentes:<\/h2>\n<ul>\n<li>56 cartas<\/li>\n<li>1 bloco de pontua\u00e7\u00e3o<\/li>\n<li>1 folheto de regras<\/li>\n<\/ul>\n<h2>Regras para o aluguel:<\/h2>\n<ul>\n<li>O per\u00edodo de aluguel inclui a data de entrega e devolu\u00e7\u00e3o do jogo;<\/li>\n<li>O atraso na devolu\u00e7\u00e3o dos jogos, resultar\u00e1 em cobran\u00e7a adicional no valor de um aluguel di\u00e1rio por cada dia de atraso;<\/li>\n<li>Em caso de danos que comprometam a experi\u00eancia do jogo (perda ou avaria de componentes), o cliente dever\u00e1 arcar com os custos da reposi\u00e7\u00e3o dos componentes (quando dispon\u00edveis no mercado) ou aquisi\u00e7\u00e3o de um novo exemplar do jogo.<\/li>\n<\/ul>\n","protected":false},"excerpt":{"rendered":"<div class=\"woocommerce-product-details__short-description\">\n<p>Em Velonimo, animais participam de uma competi\u00e7\u00e3o de ciclismo nas montanhas, disputando intensamente as melhores posi\u00e7\u00f5es.<\/p>\n<\/div>\n<div class=\"more-link-wrapper\"><a class=\"more-link\" href=\"https:\/\/cabanadoelfo.com.br\/loja\/jogo\/velonimo\/\">Read More<span class=\"screen-reader-text\">Velonimo<\/span><\/a><\/div>\n","protected":false},"featured_media":2049,"comment_status":"open","ping_status":"closed","template":"","meta":[],"product_brand":[],"product_cat":[15],"product_tag":[],"class_list":{"0":"post-1900","1":"product","2":"type-product","3":"status-publish","4":"has-post-thumbnail","6":"product_cat-jogos-de-tabuleiro","7":"pa_complexidade-jogos-familiares","8":"pa_designer-bruno-cathala","9":"pa_duracao-30-min","10":"pa_editora-papergames","11":"pa_estilo-apostas","12":"pa_estilo-blefe","13":"pa_estilo-gerenciamento-de-maos","14":"pa_idade-133","15":"pa_idioma-portugues","16":"pa_jogadores-2-a-5","17":"pa_modo-multijogador-competitivo","18":"pa_tema-animais","19":"pa_tema-corrida","20":"pa_tema-esportes","21":"entry","23":"first","24":"instock","25":"purchasable","26":"product-type-redq_rental"},"jetpack_sharing_enabled":true,"_links":{"self":[{"href":"https:\/\/cabanadoelfo.com.br\/loja\/wp-json\/wp\/v2\/product\/1900","targetHints":{"allow":["GET"]}}],"collection":[{"href":"https:\/\/cabanadoelfo.com.br\/loja\/wp-json\/wp\/v2\/product"}],"about":[{"href":"https:\/\/cabanadoelfo.com.br\/loja\/wp-json\/wp\/v2\/types\/product"}],"replies":[{"embeddable":true,"href":"https:\/\/cabanadoelfo.com.br\/loja\/wp-json\/wp\/v2\/comments?post=1900"}],"wp:featuredmedia":[{"embeddable":true,"href":"https:\/\/cabanadoelfo.com.br\/loja\/wp-json\/wp\/v2\/media\/2049"}],"wp:attachment":[{"href":"https:\/\/cabanadoelfo.com.br\/loja\/wp-json\/wp\/v2\/media?parent=1900"}],"wp:term":[{"taxonomy":"product_brand","embeddable":true,"href":"https:\/\/cabanadoelfo.com.br\/loja\/wp-json\/wp\/v2\/product_brand?post=1900"},{"taxonomy":"product_cat","embeddable":true,"href":"https:\/\/cabanadoelfo.com.br\/loja\/wp-json\/wp\/v2\/product_cat?post=1900"},{"taxonomy":"product_tag","embeddable":true,"href":"https:\/\/cabanadoelfo.com.br\/loja\/wp-json\/wp\/v2\/product_tag?post=1900"}],"curies":[{"name":"wp","href":"https:\/\/api.w.org\/{rel}","templated":true}]}}