{"id":1884,"date":"2024-04-23T20:30:59","date_gmt":"2024-04-23T23:30:59","guid":{"rendered":"https:\/\/cabanadoelfo.com.br\/loja\/?post_type=product&#038;p=1884"},"modified":"2024-04-23T21:12:43","modified_gmt":"2024-04-24T00:12:43","slug":"azul","status":"publish","type":"product","link":"https:\/\/cabanadoelfo.com.br\/loja\/jogo\/azul\/","title":{"rendered":"Azul"},"content":{"rendered":"<p>Introduzidos pelos mouros, os azulejos (originalmente azulejos brancos e azuis) foram completamente aceitos pelos portugueses quando seu rei Manuel I, em visita ao pal\u00e1cio de Alhambra no sul da Espanha, ficou fascinado com a beleza deslumbrante dos azulejos decorativos mouros. O rei, impressionado pela beleza interior de Alhambra, ordenou imediatamente que seu pr\u00f3prio pal\u00e1cio em Portugal fosse decorado com azulejos de parede semelhantes. Como artista de azulejos, Azul leva voc\u00ea a embelezar as paredes do Pal\u00e1cio Real de \u00c9vora.<\/p>\n<p><iframe loading=\"lazy\" title=\"Covil dos Jogos - Regras e Gameplay Azul (Versus Especial)\" width=\"500\" height=\"281\" src=\"https:\/\/www.youtube.com\/embed\/3HcyDEVzUGg?feature=oembed\" frameborder=\"0\" allow=\"accelerometer; autoplay; clipboard-write; encrypted-media; gyroscope; picture-in-picture; web-share\" referrerpolicy=\"strict-origin-when-cross-origin\" allowfullscreen><\/iframe><\/p>\n<h2>Componentes:<\/h2>\n<ul>\n<li>100 azulejos de resina<\/li>\n<li>4 tabuleiros de jogador<\/li>\n<li>9 expositores de f\u00e1brica<\/li>\n<li>4 marcadores de pontua\u00e7\u00e3o<\/li>\n<li>1 marcador de primeiro jogador<\/li>\n<li>1 saco de tecido<\/li>\n<li>1 livro de regras<\/li>\n<\/ul>\n<h2>Regras para o aluguel:<\/h2>\n<ul>\n<li>O per\u00edodo de aluguel inclui a data de entrega e devolu\u00e7\u00e3o do jogo;<\/li>\n<li>O atraso na devolu\u00e7\u00e3o dos jogos, resultar\u00e1 em cobran\u00e7a adicional no valor de um aluguel di\u00e1rio por cada dia de atraso;<\/li>\n<li>Em caso de danos que comprometam a experi\u00eancia do jogo (perda ou avaria de componentes), o cliente dever\u00e1 arcar com os custos da reposi\u00e7\u00e3o dos componentes (quando dispon\u00edveis no mercado) ou aquisi\u00e7\u00e3o de um novo exemplar do jogo.<\/li>\n<\/ul>\n","protected":false},"excerpt":{"rendered":"<div class=\"woocommerce-product-details__short-description\">\n<p>No jogo, os jogadores se revezam, comprando tiles coloridos dos fornecedores para seu pr\u00f3prio tabuleiro. Mais tarde na rodada, os jogadores marcam pontos com base em como eles colocaram seus azulejos para decorar o pal\u00e1cio. Pontos extras s\u00e3o pontuados para padr\u00f5es espec\u00edficos e conjuntos completos; os suprimentos desperdi\u00e7ados danificam a pontua\u00e7\u00e3o do jogador. Ganha o jogador com mais pontos no final do jogo.<\/p>\n<p><strong>Vencedor do Spiel des Jahres (Jogo do Ano) em 2018<\/strong><br \/>\n<strong>Vencedor do Pr\u00eamio Ludopedia Jogo Fam\u00edlia do Ano 2018<\/strong><br \/>\n<strong>Vencedor do Pr\u00eamio Ludopedia Jogo Fam\u00edlia do Ano 2018 &#8211; Voto Popular<\/strong><\/p>\n<\/div>\n<div class=\"more-link-wrapper\"><a class=\"more-link\" href=\"https:\/\/cabanadoelfo.com.br\/loja\/jogo\/azul\/\">Read More<span class=\"screen-reader-text\">Azul<\/span><\/a><\/div>\n","protected":false},"featured_media":1887,"comment_status":"open","ping_status":"closed","template":"","meta":[],"product_brand":[],"product_cat":[15],"product_tag":[],"class_list":{"0":"post-1884","1":"product","2":"type-product","3":"status-publish","4":"has-post-thumbnail","6":"product_cat-jogos-de-tabuleiro","7":"pa_complexidade-jogos-familiares","8":"pa_designer-chris-quilliams","9":"pa_designer-philippe-guerin","10":"pa_duracao-45-min","11":"pa_editora-galapagos-jogos","12":"pa_estilo-colocacao-de-pecas","13":"pa_estilo-construcao-a-partir-de-modelo","14":"pa_idade-133","15":"pa_idioma-portugues","16":"pa_jogadores-2-a-4","17":"pa_modo-multijogador-competitivo","18":"pa_tema-arte","19":"entry","21":"first","22":"instock","23":"purchasable","24":"product-type-redq_rental"},"jetpack_sharing_enabled":true,"_links":{"self":[{"href":"https:\/\/cabanadoelfo.com.br\/loja\/wp-json\/wp\/v2\/product\/1884","targetHints":{"allow":["GET"]}}],"collection":[{"href":"https:\/\/cabanadoelfo.com.br\/loja\/wp-json\/wp\/v2\/product"}],"about":[{"href":"https:\/\/cabanadoelfo.com.br\/loja\/wp-json\/wp\/v2\/types\/product"}],"replies":[{"embeddable":true,"href":"https:\/\/cabanadoelfo.com.br\/loja\/wp-json\/wp\/v2\/comments?post=1884"}],"wp:featuredmedia":[{"embeddable":true,"href":"https:\/\/cabanadoelfo.com.br\/loja\/wp-json\/wp\/v2\/media\/1887"}],"wp:attachment":[{"href":"https:\/\/cabanadoelfo.com.br\/loja\/wp-json\/wp\/v2\/media?parent=1884"}],"wp:term":[{"taxonomy":"product_brand","embeddable":true,"href":"https:\/\/cabanadoelfo.com.br\/loja\/wp-json\/wp\/v2\/product_brand?post=1884"},{"taxonomy":"product_cat","embeddable":true,"href":"https:\/\/cabanadoelfo.com.br\/loja\/wp-json\/wp\/v2\/product_cat?post=1884"},{"taxonomy":"product_tag","embeddable":true,"href":"https:\/\/cabanadoelfo.com.br\/loja\/wp-json\/wp\/v2\/product_tag?post=1884"}],"curies":[{"name":"wp","href":"https:\/\/api.w.org\/{rel}","templated":true}]}}