{"id":186,"date":"2020-11-19T00:45:31","date_gmt":"2020-11-19T03:45:31","guid":{"rendered":"https:\/\/bloopix.com.br\/cabt2\/loja\/?post_type=product&#038;p=186"},"modified":"2024-03-11T08:02:08","modified_gmt":"2024-03-11T11:02:08","slug":"eldritch-horror","status":"publish","type":"product","link":"https:\/\/cabanadoelfo.com.br\/loja\/jogo\/eldritch-horror\/","title":{"rendered":"Eldritch Horror"},"content":{"rendered":"<p>Eldritch Horror \u00e9 um jogo cooperativo de investiga\u00e7\u00e3o e horror inspirado pelos textos de H. P. Lovecraft. Em cada partida, um dos Anci\u00f5es, um ser de poder inimagin\u00e1vel que desafia o pr\u00f3prio conceito do tempo, est\u00e1 prestes a despertar.<\/p>\n<p>Os jogadores assumem o papel de investigadores que andam pelo mundo, trabalhando juntos, e devem resolver mist\u00e9rios relacionados aos Grandes Antigos cuja inten\u00e7\u00e3o \u00e9 a destrui\u00e7\u00e3o global. Nessa busca voc\u00ea pode reunir pistas, encontrar situa\u00e7\u00f5es estranhas, lutar contra monstros e embarcar em expedi\u00e7\u00f5es ousadas. Voc\u00ea tem a coragem de salvar o mundo?<\/p>\n<p>Nessa corrida contra o mal que se espalha pelo mundo, voc\u00ea e um grupo de investigadores ir\u00e3o viajar para as principais cidades do mundo, desertos remotos, enquanto trabalham para evitar a destrui\u00e7\u00e3o de toda a terra.<\/p>\n<p>Cada elemento do Eldritch Horror \u00e9 projetado para voc\u00ea mergulhar no tema da narrativa de horror e aventura mundiais. \u00c0 medida que o jogo se desenrola, a narrativa tecida ao longo de cada elemento presento no jogo intensifica a tens\u00e3o.<\/p>\n<p>Inspirado no jogo de tabuleiro Arkham Horror, e localizado nos mesmos mist\u00e9rios do Mythos, Eldritch Horror apresenta uma aventura global \u00fanica para aquelas almas corajosas o suficiente para embarcar nesta viagem.<\/p>\n<h2>Componentes:<\/h2>\n<ul>\n<li>1 Manual de Regras<\/li>\n<li>1 Guia de Refer\u00eancia<\/li>\n<li>1 Bolsa de Compra de Monstros<\/li>\n<li>1 Tabuleiro<\/li>\n<li>12 Fichas de Personagem com os Respectivos Suportes Pl\u00e1sticos e Marcadores<\/li>\n<li>4 Fichas de Anci\u00e3o<\/li>\n<li>51 Cartas de Mito<\/li>\n<li>16 Cartas de Mist\u00e9rio<\/li>\n<li>14 Cartas de Artefato<\/li>\n<li>40 Cartas de Recurso<\/li>\n<li>36 Cartas de Condi\u00e7\u00e3o<\/li>\n<li>20 Cartas de Feiti\u00e7o<\/li>\n<li>122 Cartas de Encontro<\/li>\n<li>43 Marcadores de Monstros<\/li>\n<li>1 Indicador de Investigador-Chefe<\/li>\n<li>20 Fichas de Bilhete de Viagem<\/li>\n<li>30 Fichas de Aprimoramento<\/li>\n<li>78 Fichas de Vida e Sanidade<\/li>\n<li>1 Marcador de Mist\u00e9rio<\/li>\n<li>4 Marcadores de Rumor<\/li>\n<li>36 Marcadores de Pista<\/li>\n<li>1 Marcador de Press\u00e1gio<\/li>\n<li>20 Marcadores T\u00e9tricos<\/li>\n<li>1 Marcador de Perdi\u00e7\u00e3o<\/li>\n<li>9 Marcadores de Portal<\/li>\n<li>6 Dados<\/li>\n<li>4 Cartas de Refer\u00eancia<\/li>\n<li>1 Marcador de Expedi\u00e7\u00e3o Ativa<\/li>\n<\/ul>\n<h2>Regras para o aluguel:<\/h2>\n<ul>\n<li>O per\u00edodo de aluguel inclui a data de entrega e devolu\u00e7\u00e3o do jogo;<\/li>\n<li>O atraso na devolu\u00e7\u00e3o dos jogos, resultar\u00e1 em cobran\u00e7a adicional no valor de um aluguel di\u00e1rio por cada dia de atraso;<\/li>\n<li>Em caso de danos que comprometam a experi\u00eancia do jogo (perda ou avaria de componentes), o cliente dever\u00e1 arcar com os custos da reposi\u00e7\u00e3o dos componentes (quando dispon\u00edveis no mercado) ou aquisi\u00e7\u00e3o de um novo exemplar do jogo.<\/li>\n<\/ul>\n","protected":false},"excerpt":{"rendered":"<div class=\"woocommerce-product-details__short-description\">\n<p>O valor corresponde ao aluguel di\u00e1rio do jogo. Consulte as condi\u00e7\u00f5es abaixo.<\/p>\n<\/div>\n<div class=\"more-link-wrapper\"><a class=\"more-link\" href=\"https:\/\/cabanadoelfo.com.br\/loja\/jogo\/eldritch-horror\/\">Read More<span class=\"screen-reader-text\">Eldritch Horror<\/span><\/a><\/div>\n","protected":false},"featured_media":188,"comment_status":"open","ping_status":"closed","template":"","meta":[],"product_brand":[],"product_cat":[15],"product_tag":[],"class_list":{"0":"post-186","1":"product","2":"type-product","3":"status-publish","4":"has-post-thumbnail","6":"product_cat-jogos-de-tabuleiro","7":"pa_complexidade-jogos-expert","8":"pa_designer-corey-konieczka","9":"pa_designer-nikki-valens","10":"pa_duracao-240-min","11":"pa_editora-galapagos-jogos","12":"pa_estilo-jogadores-com-diferentes-habilidades","13":"pa_estilo-movimento-ponto-a-ponto","14":"pa_estilo-narracao-de-historias","15":"pa_estilo-rolagem-de-dados","16":"pa_idade-61","17":"pa_idioma-portugues","18":"pa_jogadores-1-a-8","19":"pa_modo-multijogador-cooperativo","20":"pa_tema-aventura","21":"pa_tema-fantasia","22":"pa_tema-horror","23":"pa_tema-literatura-livros","24":"pa_tema-luta-artes-marciais","25":"entry","27":"first","28":"instock","29":"purchasable","30":"product-type-redq_rental"},"jetpack_sharing_enabled":true,"_links":{"self":[{"href":"https:\/\/cabanadoelfo.com.br\/loja\/wp-json\/wp\/v2\/product\/186","targetHints":{"allow":["GET"]}}],"collection":[{"href":"https:\/\/cabanadoelfo.com.br\/loja\/wp-json\/wp\/v2\/product"}],"about":[{"href":"https:\/\/cabanadoelfo.com.br\/loja\/wp-json\/wp\/v2\/types\/product"}],"replies":[{"embeddable":true,"href":"https:\/\/cabanadoelfo.com.br\/loja\/wp-json\/wp\/v2\/comments?post=186"}],"wp:featuredmedia":[{"embeddable":true,"href":"https:\/\/cabanadoelfo.com.br\/loja\/wp-json\/wp\/v2\/media\/188"}],"wp:attachment":[{"href":"https:\/\/cabanadoelfo.com.br\/loja\/wp-json\/wp\/v2\/media?parent=186"}],"wp:term":[{"taxonomy":"product_brand","embeddable":true,"href":"https:\/\/cabanadoelfo.com.br\/loja\/wp-json\/wp\/v2\/product_brand?post=186"},{"taxonomy":"product_cat","embeddable":true,"href":"https:\/\/cabanadoelfo.com.br\/loja\/wp-json\/wp\/v2\/product_cat?post=186"},{"taxonomy":"product_tag","embeddable":true,"href":"https:\/\/cabanadoelfo.com.br\/loja\/wp-json\/wp\/v2\/product_tag?post=186"}],"curies":[{"name":"wp","href":"https:\/\/api.w.org\/{rel}","templated":true}]}}