{"id":1741,"date":"2024-01-13T17:35:22","date_gmt":"2024-01-13T20:35:22","guid":{"rendered":"https:\/\/cabanadoelfo.com.br\/loja\/?post_type=product&#038;p=1741"},"modified":"2024-03-11T07:38:23","modified_gmt":"2024-03-11T10:38:23","slug":"cacao","status":"publish","type":"product","link":"https:\/\/cabanadoelfo.com.br\/loja\/jogo\/cacao\/","title":{"rendered":"Cacao"},"content":{"rendered":"<p>Envolva-se no mundo ex\u00f3tico da fruta dos deuses. Cada jogador ir\u00e1 tornar-se o chefe de uma tribo e ter\u00e1 que produzir e vender cacau, adorar os deuses nos templos, obter \u00e1gua para prosperar e fazer da sua tribo a mais rica da selva.<\/p>\n<p>Cacau \u00e9 um jogo r\u00e1pido de f\u00e1cil aprendizagem em que mediante a coloca\u00e7\u00e3o de pe\u00e7as e gest\u00e3o de recursos, os jogadores dever\u00e3o encontrar a melhor estrat\u00e9gia para ganhar o ouro, tornar-se mais ricos e chegar \u00e0 vit\u00f3ria.<\/p>\n<p><iframe loading=\"lazy\" title=\"CACAO | REGRAS E GAMEPLAY\" width=\"500\" height=\"281\" src=\"https:\/\/www.youtube.com\/embed\/TMO7qG-B_RY?feature=oembed\" frameborder=\"0\" allow=\"accelerometer; autoplay; clipboard-write; encrypted-media; gyroscope; picture-in-picture; web-share\" referrerpolicy=\"strict-origin-when-cross-origin\" allowfullscreen><\/iframe><\/p>\n<h2>Componentes:<\/h2>\n<ul>\n<li>1 Manual de Regras<\/li>\n<li>4 Tabuleiros de Vila (1 de cada cor)<\/li>\n<li>4 Meeples (1 de cada cor)<\/li>\n<li>12 Marcadores de Sol<\/li>\n<li>20 Frutos de Cacao em Madeira<\/li>\n<li>28 Tiles de Selva<\/li>\n<li>42 Moedas de Outro (1, 5 e 10)<\/li>\n<li>44 Tiles de Trabalhadores (11 de cada cor)<\/li>\n<\/ul>\n<h2>Regras para o aluguel:<\/h2>\n<ul>\n<li>O per\u00edodo de aluguel inclui a data de entrega e devolu\u00e7\u00e3o do jogo;<\/li>\n<li>O atraso na devolu\u00e7\u00e3o dos jogos, resultar\u00e1 em cobran\u00e7a adicional no valor de um aluguel di\u00e1rio por cada dia de atraso;<\/li>\n<li>Em caso de danos que comprometam a experi\u00eancia do jogo (perda ou avaria de componentes), o cliente dever\u00e1 arcar com os custos da reposi\u00e7\u00e3o dos componentes (quando dispon\u00edveis no mercado) ou aquisi\u00e7\u00e3o de um novo exemplar do jogo.<\/li>\n<\/ul>\n","protected":false},"excerpt":{"rendered":"<div class=\"woocommerce-product-details__short-description\">\n<p>Cacao \u00e9 um jogo de coloca\u00e7\u00e3o de pe\u00e7as que mergulha os jogadores no mundo ex\u00f3tico do &#8220;fruto dos deuses&#8221;. Como o chefe de sua tribo, voc\u00ea deve conduzir o seu povo \u00e0 prosperidade atrav\u00e9s do cultivo e com\u00e9rcio de cacau &#8211; e para fazer isso, voc\u00ea precisa coloc\u00e1-los para trabalhar da melhor maneira poss\u00edvel.<\/p>\n<\/div>\n<div class=\"more-link-wrapper\"><a class=\"more-link\" href=\"https:\/\/cabanadoelfo.com.br\/loja\/jogo\/cacao\/\">Read More<span class=\"screen-reader-text\">Cacao<\/span><\/a><\/div>\n","protected":false},"featured_media":1749,"comment_status":"open","ping_status":"closed","template":"","meta":[],"product_brand":[],"product_cat":[15],"product_tag":[],"class_list":{"0":"post-1741","1":"product","2":"type-product","3":"status-publish","4":"has-post-thumbnail","6":"product_cat-jogos-de-tabuleiro","7":"pa_complexidade-jogos-familiares","8":"pa_designer-phil-walker-harding","9":"pa_duracao-45-min","10":"pa_editora-devir","11":"pa_estilo-colocacao-de-pecas","12":"pa_estilo-controle-influencia-de-area","13":"pa_estilo-gerenciamento-de-maos","14":"pa_idade-133","15":"pa_idioma-portugues","16":"pa_jogadores-2-a-4","17":"pa_modo-multijogador-competitivo","18":"pa_tema-cultura-brasileira","19":"pa_tema-economia-producao","20":"entry","22":"first","23":"instock","24":"purchasable","25":"product-type-redq_rental"},"jetpack_sharing_enabled":true,"_links":{"self":[{"href":"https:\/\/cabanadoelfo.com.br\/loja\/wp-json\/wp\/v2\/product\/1741","targetHints":{"allow":["GET"]}}],"collection":[{"href":"https:\/\/cabanadoelfo.com.br\/loja\/wp-json\/wp\/v2\/product"}],"about":[{"href":"https:\/\/cabanadoelfo.com.br\/loja\/wp-json\/wp\/v2\/types\/product"}],"replies":[{"embeddable":true,"href":"https:\/\/cabanadoelfo.com.br\/loja\/wp-json\/wp\/v2\/comments?post=1741"}],"wp:featuredmedia":[{"embeddable":true,"href":"https:\/\/cabanadoelfo.com.br\/loja\/wp-json\/wp\/v2\/media\/1749"}],"wp:attachment":[{"href":"https:\/\/cabanadoelfo.com.br\/loja\/wp-json\/wp\/v2\/media?parent=1741"}],"wp:term":[{"taxonomy":"product_brand","embeddable":true,"href":"https:\/\/cabanadoelfo.com.br\/loja\/wp-json\/wp\/v2\/product_brand?post=1741"},{"taxonomy":"product_cat","embeddable":true,"href":"https:\/\/cabanadoelfo.com.br\/loja\/wp-json\/wp\/v2\/product_cat?post=1741"},{"taxonomy":"product_tag","embeddable":true,"href":"https:\/\/cabanadoelfo.com.br\/loja\/wp-json\/wp\/v2\/product_tag?post=1741"}],"curies":[{"name":"wp","href":"https:\/\/api.w.org\/{rel}","templated":true}]}}