{"id":1731,"date":"2024-01-13T01:23:07","date_gmt":"2024-01-13T04:23:07","guid":{"rendered":"https:\/\/cabanadoelfo.com.br\/loja\/?post_type=product&#038;p=1731"},"modified":"2024-06-01T19:37:00","modified_gmt":"2024-06-01T22:37:00","slug":"vast-as-cavernas-de-cristal","status":"publish","type":"product","link":"https:\/\/cabanadoelfo.com.br\/loja\/jogo\/vast-as-cavernas-de-cristal\/","title":{"rendered":"Vast: As Cavernas de Cristal"},"content":{"rendered":"<p>Jogue como o cl\u00e1ssico Cavaleiro, a horda Goblin ca\u00f3tica, o colossal e ganancioso Drag\u00e3o, o sorrateiro Ladr\u00e3o ou mesmo com a pr\u00f3pria Caverna &#8211; poderosa e com a inten\u00e7\u00e3o de esmagar os seres vivos que ousam perturbar suas profundezas sombrias. Cada fun\u00e7\u00e3o tem seus pr\u00f3prios poderes, pe\u00e7as, e os caminhos para a vit\u00f3ria&#8230; e s\u00f3 pode haver um vencedor.<\/p>\n<p>Como um jogo de tabuleiro assim\u00e9trico, Vast: As Cavernas de Cristal fornece uma aventura sem limites, jog\u00e1vel novamente e novamente enquanto voc\u00ea e seus amigos exploram os cinco pap\u00e9is em diferentes combina\u00e7\u00f5es.<\/p>\n<p><iframe loading=\"lazy\" title=\"Desregrando: Vast\" width=\"500\" height=\"281\" src=\"https:\/\/www.youtube.com\/embed\/Lpmb15Oyty8?feature=oembed\" frameborder=\"0\" allow=\"accelerometer; autoplay; clipboard-write; encrypted-media; gyroscope; picture-in-picture; web-share\" referrerpolicy=\"strict-origin-when-cross-origin\" allowfullscreen><\/iframe><\/p>\n<h2>Componentes:<\/h2>\n<ul>\n<li>1 Manual de Regras<\/li>\n<\/ul>\n<h3>Cavaleira:<\/h3>\n<ul>\n<li>1 Tabuleiro de Cavaleira<\/li>\n<li>1 Miniatura da Cavaleira<\/li>\n<li>2 Marcadores de Vida &amp; Brio (cubos vermelhos)<\/li>\n<li>3 Fichas de Bomba<\/li>\n<li>7 Cubos de Her\u00f3i (amarelos)<\/li>\n<li>10 Cartas de Miss\u00f5es<\/li>\n<\/ul>\n<h3>Goblins:<\/h3>\n<ul>\n<li>1 Tabuleiro dos Goblins<\/li>\n<li>1 Pe\u00e7a de F\u00faria<\/li>\n<li>3 Miniaturas de Tribo Goblin<\/li>\n<li>4 Discos de For\u00e7a (vermelhos)<\/li>\n<li>12 Discos Goblins (verdes)<\/li>\n<li>10 Cartas de Guerra<\/li>\n<li>10 Cartas de Monstros<\/li>\n<li>10 Cartas de Segredos<\/li>\n<\/ul>\n<h3>Drag\u00e3o:<\/h3>\n<ul>\n<li>1 Tabuleiro do Drag\u00e3o<\/li>\n<li>1 Dado do Drag\u00e3o<\/li>\n<li>1 Pe\u00e7a de Rosnado<\/li>\n<li>1 Pe\u00e7a de Muralha de Fogo<\/li>\n<li>1 Marcador de Vida (cubo vermelho)<\/li>\n<li>1 Marcador de Goblin Devorado (cubo verde)<\/li>\n<li>2 Miniaturas do Drag\u00e3o (adormecido\/acordado)<\/li>\n<li>3 Marcadores de Gema do Drag\u00e3o;<\/li>\n<li>14 Cubos de Pregui\u00e7a (vermelho escuro)<\/li>\n<li>18 Cartas de Poder<\/li>\n<\/ul>\n<h3>Ladr\u00e3o:<\/h3>\n<ul>\n<li>1 Tabuleiro do Ladr\u00e3o<\/li>\n<li>1 Miniatura do Ladr\u00e3o<\/li>\n<li>1 Dado de A\u00e7\u00e3o<\/li>\n<li>1 Marcador de Esp\u00f3lio<\/li>\n<li>3 Marcadores de Atributo<\/li>\n<li>5 Cubos de A\u00e7\u00e3o (cinzas)<\/li>\n<li>6 Marcadores de Cofre<\/li>\n<\/ul>\n<h3>Caverna:<\/h3>\n<ul>\n<li>1 Tabuleiro da Caverna<\/li>\n<li>1 carta de Refer\u00eancia da Caverna<\/li>\n<li>3 Marcadores de Deslizamento<\/li>\n<li>9 Marcadores de Cristal<\/li>\n<li>10 Marcadores de Evento<\/li>\n<li>12 Marcadores de Tesouro<\/li>\n<li>36 Marcadores de Aug\u00faria + Bolsa para Marcadores<\/li>\n<li>52 Fichas de Caverna<\/li>\n<li>7 cartas de Tesouro<\/li>\n<li>15 Cartas de Evento<\/li>\n<\/ul>\n<h2>Regras para o aluguel:<\/h2>\n<ul>\n<li>O per\u00edodo de aluguel inclui a data de entrega e devolu\u00e7\u00e3o do jogo;<\/li>\n<li>O atraso na devolu\u00e7\u00e3o dos jogos, resultar\u00e1 em cobran\u00e7a adicional no valor de um aluguel di\u00e1rio por cada dia de atraso;<\/li>\n<li>Em caso de danos que comprometam a experi\u00eancia do jogo (perda ou avaria de componentes), o cliente dever\u00e1 arcar com os custos da reposi\u00e7\u00e3o dos componentes (quando dispon\u00edveis no mercado) ou aquisi\u00e7\u00e3o de um novo exemplar do jogo.<\/li>\n<\/ul>\n","protected":false},"excerpt":{"rendered":"<div class=\"woocommerce-product-details__short-description\">\n<p>Vast leva voc\u00ea e seus amigos para a luz da tocha em uma aventura cl\u00e1ssica de explora\u00e7\u00e3o de caverna, constru\u00edda sobre o conceito de assimetria total. Voc\u00ea far\u00e1 parte de uma nova lenda&#8230;<\/p>\n<\/div>\n<div class=\"more-link-wrapper\"><a class=\"more-link\" href=\"https:\/\/cabanadoelfo.com.br\/loja\/jogo\/vast-as-cavernas-de-cristal\/\">Read More<span class=\"screen-reader-text\">Vast: As Cavernas de Cristal<\/span><\/a><\/div>\n","protected":false},"featured_media":1733,"comment_status":"open","ping_status":"closed","template":"","meta":[],"product_brand":[],"product_cat":[15],"product_tag":[],"class_list":{"0":"post-1731","1":"product","2":"type-product","3":"status-publish","4":"has-post-thumbnail","6":"product_cat-jogos-de-tabuleiro","7":"pa_complexidade-jogos-expert","8":"pa_designer-david-somerville","9":"pa_designer-patrick-leder","10":"pa_duracao-75-min","11":"pa_editora-grok-games","12":"pa_estilo-colocacao-de-pecas","13":"pa_estilo-force-sua-sorte","14":"pa_estilo-jogadores-com-diferentes-habilidades","15":"pa_estilo-sistema-de-pontos-de-acao","16":"pa_estilo-tabuleiro-modular","17":"pa_idade-61","18":"pa_idioma-portugues","19":"pa_jogadores-1-a-5","20":"pa_modo-multijogador-competitivo","21":"pa_tema-aventura","22":"pa_tema-fantasia","23":"entry","25":"first","26":"instock","27":"purchasable","28":"product-type-redq_rental"},"jetpack_sharing_enabled":true,"_links":{"self":[{"href":"https:\/\/cabanadoelfo.com.br\/loja\/wp-json\/wp\/v2\/product\/1731","targetHints":{"allow":["GET"]}}],"collection":[{"href":"https:\/\/cabanadoelfo.com.br\/loja\/wp-json\/wp\/v2\/product"}],"about":[{"href":"https:\/\/cabanadoelfo.com.br\/loja\/wp-json\/wp\/v2\/types\/product"}],"replies":[{"embeddable":true,"href":"https:\/\/cabanadoelfo.com.br\/loja\/wp-json\/wp\/v2\/comments?post=1731"}],"wp:featuredmedia":[{"embeddable":true,"href":"https:\/\/cabanadoelfo.com.br\/loja\/wp-json\/wp\/v2\/media\/1733"}],"wp:attachment":[{"href":"https:\/\/cabanadoelfo.com.br\/loja\/wp-json\/wp\/v2\/media?parent=1731"}],"wp:term":[{"taxonomy":"product_brand","embeddable":true,"href":"https:\/\/cabanadoelfo.com.br\/loja\/wp-json\/wp\/v2\/product_brand?post=1731"},{"taxonomy":"product_cat","embeddable":true,"href":"https:\/\/cabanadoelfo.com.br\/loja\/wp-json\/wp\/v2\/product_cat?post=1731"},{"taxonomy":"product_tag","embeddable":true,"href":"https:\/\/cabanadoelfo.com.br\/loja\/wp-json\/wp\/v2\/product_tag?post=1731"}],"curies":[{"name":"wp","href":"https:\/\/api.w.org\/{rel}","templated":true}]}}