{"id":1721,"date":"2024-01-13T00:15:29","date_gmt":"2024-01-13T03:15:29","guid":{"rendered":"https:\/\/cabanadoelfo.com.br\/loja\/?post_type=product&#038;p=1721"},"modified":"2024-04-20T14:00:10","modified_gmt":"2024-04-20T17:00:10","slug":"turing-machine","status":"publish","type":"product","link":"https:\/\/cabanadoelfo.com.br\/loja\/jogo\/turing-machine\/","title":{"rendered":"Turing Machine"},"content":{"rendered":"<p>Essa inven\u00e7\u00e3o foi a inspira\u00e7\u00e3o para Turing Machine, um jogo de dedu\u00e7\u00e3o \u00fanico que usa um protocomputador que funciona sem eletr\u00f4nicos ou eletricidade. Seu objetivo: encontrar o \u00fanico c\u00f3digo que passar\u00e1 no teste de todos os &#8220;verificadores&#8221;, IAs que respondem \u00e0s suas propostas usando um sistema de cart\u00e3o perfurado nunca antes visto! O jogo oferece mais de quatro milh\u00f5es de problemas, de simples a incrivelmente complexos.<\/p>\n<p>O objetivo? Encontre o c\u00f3digo secreto antes dos outros jogadores, questionando a m\u00e1quina de forma inteligente. Com a Turing Machine, voc\u00ea usar\u00e1 um computador anal\u00f3gico com componentes exclusivos feitos de cart\u00f5es perfurados nunca antes vistos.<br \/>\nO jogo oferece mais de sete milh\u00f5es de problemas, desde combina\u00e7\u00f5es simples at\u00e9 combina\u00e7\u00f5es incrivelmente complexas, tornando a jogabilidade praticamente infinita!<\/p>\n<p>Incluindo o modo competitivo original, voc\u00ea pode combinar o poder do seu c\u00e9rebro em equipe ou tentar vencer o jogo jogando sozinho.<\/p>\n<p>Voc\u00ea est\u00e1 pronto para uma intensa experi\u00eancia de jogo cerebral?<\/p>\n<p><iframe loading=\"lazy\" title=\"Turing Machine | Vis\u00e3o geral e componentes\" width=\"500\" height=\"281\" src=\"https:\/\/www.youtube.com\/embed\/_qsxdNc201k?feature=oembed\" frameborder=\"0\" allow=\"accelerometer; autoplay; clipboard-write; encrypted-media; gyroscope; picture-in-picture; web-share\" referrerpolicy=\"strict-origin-when-cross-origin\" allowfullscreen><\/iframe><\/p>\n<h2>Componentes:<\/h2>\n<ul>\n<li>1 Manual de Regras<\/li>\n<li>1 Pe\u00e7a da M\u00e1quina<\/li>\n<li>1 Canetinha Apag\u00e1vel<\/li>\n<li>1 Suporte de Cart\u00f5es Perfurados<\/li>\n<li>4 Aux\u00edlio ao Jogador<\/li>\n<li>15 Conjuntos de Cart\u00f5es Perfurados (numerados de 1 a 5 em 3 cores)<\/li>\n<li>48 Cartas de Crit\u00e9rio<\/li>\n<li>50 Folhas De Anota\u00e7\u00f5es<\/li>\n<li>95 Cartas de Verifica\u00e7\u00e3o<\/li>\n<\/ul>\n<h2>Regras para o aluguel:<\/h2>\n<ul>\n<li>O per\u00edodo de aluguel inclui a data de entrega e devolu\u00e7\u00e3o do jogo;<\/li>\n<li>O atraso na devolu\u00e7\u00e3o dos jogos, resultar\u00e1 em cobran\u00e7a adicional no valor de um aluguel di\u00e1rio por cada dia de atraso;<\/li>\n<li>Em caso de danos que comprometam a experi\u00eancia do jogo (perda ou avaria de componentes), o cliente dever\u00e1 arcar com os custos da reposi\u00e7\u00e3o dos componentes (quando dispon\u00edveis no mercado) ou aquisi\u00e7\u00e3o de um novo exemplar do jogo.<\/li>\n<\/ul>\n","protected":false},"excerpt":{"rendered":"<div class=\"woocommerce-product-details__short-description\">\n<p>O matem\u00e1tico, l\u00f3gico e criptoanalista brit\u00e2nico Alan Turing criou uma m\u00e1quina de descriptografia em 1936 que mudaria o curso da hist\u00f3ria. A inven\u00e7\u00e3o da M\u00e1quina de Turing foi a primeira vez que uma intelig\u00eancia artificial foi capaz de responder a perguntas &#8216;sim\/n\u00e3o&#8217; e abriu caminho para novos desenvolvimentos que trouxeram o mundo para a Era do Computador.<\/p>\n<p>Turing Machine \u00e9 um jogo de dedu\u00e7\u00e3o fascinante e competitivo. Oferece uma experi\u00eancia \u00fanica de questionar um protocomputador que funciona sem eletricidade ou qualquer tipo de tecnologia, abrindo caminho para uma nova gera\u00e7\u00e3o de jogos de dedu\u00e7\u00e3o.<\/p>\n<\/div>\n<div class=\"more-link-wrapper\"><a class=\"more-link\" href=\"https:\/\/cabanadoelfo.com.br\/loja\/jogo\/turing-machine\/\">Read More<span class=\"screen-reader-text\">Turing Machine<\/span><\/a><\/div>\n","protected":false},"featured_media":1725,"comment_status":"open","ping_status":"closed","template":"","meta":[],"product_brand":[],"product_cat":[15],"product_tag":[],"class_list":{"0":"post-1721","1":"product","2":"type-product","3":"status-publish","4":"has-post-thumbnail","6":"product_cat-jogos-de-tabuleiro","7":"pa_complexidade-jogos-familiares","8":"pa_designer-fabien-gridel","9":"pa_designer-yoann-levet","10":"pa_duracao-20-min","11":"pa_editora-galapagos-jogos","12":"pa_estilo-deducao","13":"pa_idade-51","14":"pa_idioma-portugues","15":"pa_jogadores-1-a-4","16":"pa_modo-multijogador-competitivo","17":"pa_tema-historia","18":"pa_tema-quebra-cabeca","19":"pa_tema-raciocinio-logico","20":"entry","22":"first","23":"instock","24":"purchasable","25":"product-type-redq_rental"},"jetpack_sharing_enabled":true,"_links":{"self":[{"href":"https:\/\/cabanadoelfo.com.br\/loja\/wp-json\/wp\/v2\/product\/1721","targetHints":{"allow":["GET"]}}],"collection":[{"href":"https:\/\/cabanadoelfo.com.br\/loja\/wp-json\/wp\/v2\/product"}],"about":[{"href":"https:\/\/cabanadoelfo.com.br\/loja\/wp-json\/wp\/v2\/types\/product"}],"replies":[{"embeddable":true,"href":"https:\/\/cabanadoelfo.com.br\/loja\/wp-json\/wp\/v2\/comments?post=1721"}],"wp:featuredmedia":[{"embeddable":true,"href":"https:\/\/cabanadoelfo.com.br\/loja\/wp-json\/wp\/v2\/media\/1725"}],"wp:attachment":[{"href":"https:\/\/cabanadoelfo.com.br\/loja\/wp-json\/wp\/v2\/media?parent=1721"}],"wp:term":[{"taxonomy":"product_brand","embeddable":true,"href":"https:\/\/cabanadoelfo.com.br\/loja\/wp-json\/wp\/v2\/product_brand?post=1721"},{"taxonomy":"product_cat","embeddable":true,"href":"https:\/\/cabanadoelfo.com.br\/loja\/wp-json\/wp\/v2\/product_cat?post=1721"},{"taxonomy":"product_tag","embeddable":true,"href":"https:\/\/cabanadoelfo.com.br\/loja\/wp-json\/wp\/v2\/product_tag?post=1721"}],"curies":[{"name":"wp","href":"https:\/\/api.w.org\/{rel}","templated":true}]}}