{"id":1706,"date":"2024-01-12T22:55:03","date_gmt":"2024-01-13T01:55:03","guid":{"rendered":"https:\/\/cabanadoelfo.com.br\/loja\/?post_type=product&#038;p=1706"},"modified":"2024-06-30T15:52:17","modified_gmt":"2024-06-30T18:52:17","slug":"tiny-epic-dungeons-copia","status":"publish","type":"product","link":"https:\/\/cabanadoelfo.com.br\/loja\/jogo\/tiny-epic-dungeons-copia\/","title":{"rendered":"Tiny Epic Pirates"},"content":{"rendered":"<p>Todo c\u00e3o do mar j\u00e1 ouviu a lenda do Pirata Fantasma Amdiak. Quer seja do conto de b\u00eabados em uma taverna do porto ou dos l\u00e1bios de escorbuto de um marujo envelhecido.<\/p>\n<p>O Navio Fantasma (e seu tesouro amaldi\u00e7oado) n\u00e3o \u00e9 mais um conto do mar! Em uma manobra arriscada, voc\u00ea roubou uma parte do tesouro de Amdiak, e agora ele e seu terr\u00edvel navio ressurgiram das profundezas geladas para recuper\u00e1-lo.<\/p>\n<p>Mas basta, como diz a velha lenda: &#8221;Os restos mortais de Amdiak, em urnas lacradas est\u00e3o. Enterre-as em solo maldito e liberte sua alma da maldi\u00e7\u00e3o.&#8221;<\/p>\n<p><iframe loading=\"lazy\" title=\"TINY EPIC PIRATES | Regras + Review\" width=\"500\" height=\"281\" src=\"https:\/\/www.youtube.com\/embed\/H7H9OARd3Zk?feature=oembed\" frameborder=\"0\" allow=\"accelerometer; autoplay; clipboard-write; encrypted-media; gyroscope; picture-in-picture; web-share\" referrerpolicy=\"strict-origin-when-cross-origin\" allowfullscreen><\/iframe><\/p>\n<h2>Componentes:<\/h2>\n<ul>\n<li>1 Manual de Regras<\/li>\n<li>1 Bolsa de Tecido<\/li>\n<li>1 Tabuleiro de Mercado<\/li>\n<li>4 Tabuleiros de Tim\u00e3o<\/li>\n<li>4 Tabuleiros de Lenda<\/li>\n<li>3 Dados<\/li>\n<li>4 Dobr\u00f5es de Metal<\/li>\n<li>7 Navios Pl\u00e1sticos<\/li>\n<li>40 Caixotes de Esp\u00f3lios<\/li>\n<li>42 Marcadores Cartonados<\/li>\n<li>48 Componentes de Madeira<\/li>\n<li>11 Cartas de Mercadores<\/li>\n<li>16 Cartas de Mapa<\/li>\n<li>28 Cartas de Capit\u00e3o e Tripula\u00e7\u00e3o<\/li>\n<\/ul>\n<h2>Componentes da Expans\u00e3o Hist\u00f3rias:<\/h2>\n<ul>\n<li>1 Manual de Regras<\/li>\n<li>1 Navio Fantasma<\/li>\n<li>4 Urnas de Amdiak (nas cores dos jogadores)<\/li>\n<li>12 Cubos de Tesouro Amaldi\u00e7oado<\/li>\n<li>15 Fichas de Fantasma<\/li>\n<li>1 Carta de Pirata Fantasma<\/li>\n<li>2 Cartas de Jogo Solo<\/li>\n<li>4 Cartas de Capit\u00e3es Amaldi\u00e7oados<\/li>\n<li>9 Cartas de Tripula\u00e7\u00e3o Esqueleto<\/li>\n<\/ul>\n<h2>Regras para o aluguel:<\/h2>\n<ul>\n<li>O per\u00edodo de aluguel inclui a data de entrega e devolu\u00e7\u00e3o do jogo;<\/li>\n<li>O atraso na devolu\u00e7\u00e3o dos jogos, resultar\u00e1 em cobran\u00e7a adicional no valor de um aluguel di\u00e1rio por cada dia de atraso;<\/li>\n<li>Em caso de danos que comprometam a experi\u00eancia do jogo (perda ou avaria de componentes), o cliente dever\u00e1 arcar com os custos da reposi\u00e7\u00e3o dos componentes (quando dispon\u00edveis no mercado) ou aquisi\u00e7\u00e3o de um novo exemplar do jogo.<\/li>\n<\/ul>\n","protected":false},"excerpt":{"rendered":"<div class=\"woocommerce-product-details__short-description\">\n<p>Tiny Epic Pirates \u00e9 um jogo de aventura em alto mar de 45 minutos para 1 a 4 jogadores, utilizando um sistema de a\u00e7\u00e3o rondel vari\u00e1vel e combina\u00e7\u00e3o de a\u00e7\u00e3o! Em Tiny Epic Pirates, voc\u00ea assume o controle de um navio pirata com o objetivo de enterrar grandes quantidades de riqueza em esconderijos secretos em ilhas.<\/p>\n<p><strong>Inclui a expans\u00e3o:<\/strong><\/p>\n<ul>\n<li><b>Maldi\u00e7\u00e3o de Amdiak<\/b><\/li>\n<\/ul>\n<\/div>\n<div class=\"more-link-wrapper\"><a class=\"more-link\" href=\"https:\/\/cabanadoelfo.com.br\/loja\/jogo\/tiny-epic-dungeons-copia\/\">Read More<span class=\"screen-reader-text\">Tiny Epic Pirates<\/span><\/a><\/div>\n","protected":false},"featured_media":1718,"comment_status":"open","ping_status":"closed","template":"","meta":[],"product_brand":[],"product_cat":[86,15],"product_tag":[],"class_list":{"0":"post-1706","1":"product","2":"type-product","3":"status-publish","4":"has-post-thumbnail","6":"product_cat-jogo-de-dados","7":"product_cat-jogos-de-tabuleiro","8":"pa_complexidade-jogos-expert","9":"pa_designer-scott-almes","10":"pa_duracao-60-min","11":"pa_editora-meeple-br-jogos","12":"pa_estilo-movimento-ponto-a-ponto","13":"pa_estilo-pegar-e-entregar","14":"pa_estilo-rolagem-de-dados","15":"pa_estilo-rondel","16":"pa_estilo-tabuleiro-modular","17":"pa_idade-61","18":"pa_idioma-portugues","19":"pa_jogadores-1-a-4","20":"pa_modo-multijogador-competitivo","21":"pa_tema-aventura","22":"pa_tema-horror","23":"pa_tema-piratas","24":"pa_tema-transportes","25":"entry","27":"first","28":"instock","29":"purchasable","30":"product-type-redq_rental"},"jetpack_sharing_enabled":true,"_links":{"self":[{"href":"https:\/\/cabanadoelfo.com.br\/loja\/wp-json\/wp\/v2\/product\/1706","targetHints":{"allow":["GET"]}}],"collection":[{"href":"https:\/\/cabanadoelfo.com.br\/loja\/wp-json\/wp\/v2\/product"}],"about":[{"href":"https:\/\/cabanadoelfo.com.br\/loja\/wp-json\/wp\/v2\/types\/product"}],"replies":[{"embeddable":true,"href":"https:\/\/cabanadoelfo.com.br\/loja\/wp-json\/wp\/v2\/comments?post=1706"}],"wp:featuredmedia":[{"embeddable":true,"href":"https:\/\/cabanadoelfo.com.br\/loja\/wp-json\/wp\/v2\/media\/1718"}],"wp:attachment":[{"href":"https:\/\/cabanadoelfo.com.br\/loja\/wp-json\/wp\/v2\/media?parent=1706"}],"wp:term":[{"taxonomy":"product_brand","embeddable":true,"href":"https:\/\/cabanadoelfo.com.br\/loja\/wp-json\/wp\/v2\/product_brand?post=1706"},{"taxonomy":"product_cat","embeddable":true,"href":"https:\/\/cabanadoelfo.com.br\/loja\/wp-json\/wp\/v2\/product_cat?post=1706"},{"taxonomy":"product_tag","embeddable":true,"href":"https:\/\/cabanadoelfo.com.br\/loja\/wp-json\/wp\/v2\/product_tag?post=1706"}],"curies":[{"name":"wp","href":"https:\/\/api.w.org\/{rel}","templated":true}]}}