{"id":1679,"date":"2024-01-08T22:39:56","date_gmt":"2024-01-09T01:39:56","guid":{"rendered":"https:\/\/cabanadoelfo.com.br\/loja\/?post_type=product&#038;p=1679"},"modified":"2024-03-11T07:39:15","modified_gmt":"2024-03-11T10:39:15","slug":"the-loop","status":"publish","type":"product","link":"https:\/\/cabanadoelfo.com.br\/loja\/jogo\/the-loop\/","title":{"rendered":"The Loop"},"content":{"rendered":"<p>O malvado Dr. Foo construiu uma m\u00e1quina do tempo terr\u00edvel! Com a ajuda de duplicatas de si mesmo que vem criando ao longo dos tempos, ele pretende realizar seu projeto Omniscience 2000 para se tornar o mestre do universo. Mas as fendas que ele est\u00e1 abrindo no espa\u00e7o-tempo provavelmente destruir\u00e3o o espa\u00e7o qu\u00e2ntico muito mais cedo &#8230;<\/p>\n<p>Junte-se \u00e0 Ag\u00eancia na pele de um de seus agentes mais lend\u00e1rios e coopere para frustrar os esquemas diab\u00f3licos do Doutor Foo, usando artefatos peculiares, mas ainda poderosos.<\/p>\n<p><iframe loading=\"lazy\" title=\"THE LOOP | Regras + Review\" width=\"500\" height=\"281\" src=\"https:\/\/www.youtube.com\/embed\/79fofRam65Y?feature=oembed\" frameborder=\"0\" allow=\"accelerometer; autoplay; clipboard-write; encrypted-media; gyroscope; picture-in-picture; web-share\" referrerpolicy=\"strict-origin-when-cross-origin\" allowfullscreen><\/iframe><\/p>\n<h2>Componentes:<\/h2>\n<ul>\n<li>1 Manual Operacional<\/li>\n<li>1 Manual de Regras de Procedimento<\/li>\n<li>1 Folheto de Modo Solo<\/li>\n<li>1 Tabuleiro do Espa\u00e7o-Tempo<\/li>\n<li>1 Tabuleiro QG<\/li>\n<li>1 Saco<\/li>\n<li>1 M\u00e1quina do Tempo em 3D<\/li>\n<li>3 Pe\u00e7as de V\u00f3rtices<\/li>\n<li>5 Pe\u00f5es de Madeira<\/li>\n<li>8 Pe\u00e7as Grandes<\/li>\n<li>10 Pe\u00e7as de Sabotagem<\/li>\n<li>38 Fichas<\/li>\n<li>65 Cubos de Pl\u00e1stico<\/li>\n<li>100 Cartas<\/li>\n<\/ul>\n<h2>Regras para o aluguel:<\/h2>\n<ul>\n<li>O per\u00edodo de aluguel inclui a data de entrega e devolu\u00e7\u00e3o do jogo;<\/li>\n<li>O atraso na devolu\u00e7\u00e3o dos jogos, resultar\u00e1 em cobran\u00e7a adicional no valor de um aluguel di\u00e1rio por cada dia de atraso;<\/li>\n<li>Em caso de danos que comprometam a experi\u00eancia do jogo (perda ou avaria de componentes), o cliente dever\u00e1 arcar com os custos da reposi\u00e7\u00e3o dos componentes (quando dispon\u00edveis no mercado) ou aquisi\u00e7\u00e3o de um novo exemplar do jogo.<\/li>\n<\/ul>\n","protected":false},"excerpt":{"rendered":"<div class=\"woocommerce-product-details__short-description\">\n<p>O LOOP \u00e9 um jogo cooperativo peculiar no qual voc\u00ea luta contra o malvado Dr. Foo. Jogue um Agente Temporal em quatro modos de jogo diferentes, cheios de novos desafios e valor de repeti\u00e7\u00e3o. Re\u00fana artefatos poderosos, desafie as duplicatas do Dr. Foo e sabote sua m\u00e1quina man\u00edaca. Aproveite ao m\u00e1ximo seus cart\u00f5es e domine o LOOP para us\u00e1-los v\u00e1rias vezes em cadeias impressionantes &#8211; mas o doutor n\u00e3o vai facilitar isso para voc\u00ea!<\/p>\n<\/div>\n<div class=\"more-link-wrapper\"><a class=\"more-link\" href=\"https:\/\/cabanadoelfo.com.br\/loja\/jogo\/the-loop\/\">Read More<span class=\"screen-reader-text\">The Loop<\/span><\/a><\/div>\n","protected":false},"featured_media":1685,"comment_status":"open","ping_status":"closed","template":"","meta":[],"product_brand":[],"product_cat":[15],"product_tag":[],"class_list":{"0":"post-1679","1":"product","2":"type-product","3":"status-publish","4":"has-post-thumbnail","6":"product_cat-jogos-de-tabuleiro","7":"pa_complexidade-jogos-expert","8":"pa_designer-maxime-rambourg","9":"pa_designer-theo-riviere","10":"pa_duracao-60-min","11":"pa_editora-across-the-board","12":"pa_estilo-campanha-batalhas-dirigidas-por-cartas","13":"pa_estilo-construcao-de-baralho-pecas","14":"pa_estilo-jogadores-com-diferentes-habilidades","15":"pa_idade-51","16":"pa_idioma-portugues","17":"pa_jogadores-1-a-4","18":"pa_modo-multijogador-cooperativo","19":"pa_tema-ficcao-cientifica","20":"entry","22":"first","23":"instock","24":"featured","25":"purchasable","26":"product-type-redq_rental"},"jetpack_sharing_enabled":true,"_links":{"self":[{"href":"https:\/\/cabanadoelfo.com.br\/loja\/wp-json\/wp\/v2\/product\/1679","targetHints":{"allow":["GET"]}}],"collection":[{"href":"https:\/\/cabanadoelfo.com.br\/loja\/wp-json\/wp\/v2\/product"}],"about":[{"href":"https:\/\/cabanadoelfo.com.br\/loja\/wp-json\/wp\/v2\/types\/product"}],"replies":[{"embeddable":true,"href":"https:\/\/cabanadoelfo.com.br\/loja\/wp-json\/wp\/v2\/comments?post=1679"}],"wp:featuredmedia":[{"embeddable":true,"href":"https:\/\/cabanadoelfo.com.br\/loja\/wp-json\/wp\/v2\/media\/1685"}],"wp:attachment":[{"href":"https:\/\/cabanadoelfo.com.br\/loja\/wp-json\/wp\/v2\/media?parent=1679"}],"wp:term":[{"taxonomy":"product_brand","embeddable":true,"href":"https:\/\/cabanadoelfo.com.br\/loja\/wp-json\/wp\/v2\/product_brand?post=1679"},{"taxonomy":"product_cat","embeddable":true,"href":"https:\/\/cabanadoelfo.com.br\/loja\/wp-json\/wp\/v2\/product_cat?post=1679"},{"taxonomy":"product_tag","embeddable":true,"href":"https:\/\/cabanadoelfo.com.br\/loja\/wp-json\/wp\/v2\/product_tag?post=1679"}],"curies":[{"name":"wp","href":"https:\/\/api.w.org\/{rel}","templated":true}]}}