{"id":1670,"date":"2024-01-08T21:57:56","date_gmt":"2024-01-09T00:57:56","guid":{"rendered":"https:\/\/cabanadoelfo.com.br\/loja\/?post_type=product&#038;p=1670"},"modified":"2024-03-11T07:39:24","modified_gmt":"2024-03-11T10:39:24","slug":"renature-copia","status":"publish","type":"product","link":"https:\/\/cabanadoelfo.com.br\/loja\/jogo\/renature-copia\/","title":{"rendered":"Stone Age"},"content":{"rendered":"<p>De fato, os tempos eram dif\u00edceis nos prim\u00f3rdios da humanidade. Em seus pap\u00e9is como ca\u00e7adores, coletores, agricultores e fabricantes de ferramentas, os nossos antepassados trabalharam com suas pernas e costas lutando contra arados de madeira na terra pedregosa.<\/p>\n<p>Em \u201cStone Age\u201d, os jogadores vivem nesse tempo, assim como nossos antepassados fizeram. Eles recolhem madeira, quebram pedra e lavam o ouro do rio. Negociando livremente, expandindo suas aldeias e, assim, alcan\u00e7ando novos n\u00edveis de civiliza\u00e7\u00e3o.<\/p>\n<p><iframe loading=\"lazy\" title=\"Jack Explicador - Stone Age - Aprenda Jogando 01\" width=\"500\" height=\"281\" src=\"https:\/\/www.youtube.com\/embed\/g-Lhsf-xVsk?feature=oembed\" frameborder=\"0\" allow=\"accelerometer; autoplay; clipboard-write; encrypted-media; gyroscope; picture-in-picture; web-share\" referrerpolicy=\"strict-origin-when-cross-origin\" allowfullscreen><\/iframe><\/p>\n<h2>Componentes:<\/h2>\n<ul>\n<li>1 Livro de Regras<\/li>\n<li>1 Tabuleiro Central<\/li>\n<li>1 Copo de Couro<\/li>\n<li>1 Figura de Jogador Inicial<\/li>\n<li>4 Tabuleiros Individuais<\/li>\n<li>7 Dados<\/li>\n<li>8 Marcadores de Madeira (de 2 tamanhos)<\/li>\n<li>18 Marcadores de Ferramentas<\/li>\n<li>28 Marcadores de Constru\u00e7\u00f5es<\/li>\n<li>53 Marcadores de Comida<\/li>\n<li>58 Pe\u00e7as de Recursos de Madeira<\/li>\n<li>40 Meeples de Madeira<\/li>\n<li>36 Cartas de Civiliza\u00e7\u00f5es<\/li>\n<\/ul>\n<h2>Regras para o aluguel:<\/h2>\n<ul>\n<li>O per\u00edodo de aluguel inclui a data de entrega e devolu\u00e7\u00e3o do jogo;<\/li>\n<li>O atraso na devolu\u00e7\u00e3o dos jogos, resultar\u00e1 em cobran\u00e7a adicional no valor de um aluguel di\u00e1rio por cada dia de atraso;<\/li>\n<li>Em caso de danos que comprometam a experi\u00eancia do jogo (perda ou avaria de componentes), o cliente dever\u00e1 arcar com os custos da reposi\u00e7\u00e3o dos componentes (quando dispon\u00edveis no mercado) ou aquisi\u00e7\u00e3o de um novo exemplar do jogo.<\/li>\n<\/ul>\n","protected":false},"excerpt":{"rendered":"<div class=\"woocommerce-product-details__short-description\">\n<p>Os jogadores lutam para sobreviver \u00e0 Idade da Pedra, trabalhando como ca\u00e7adores, coletores, agricultores e fabricantes de ferramentas. Voc\u00ea deve reunir recursos e crescer com a sua popula\u00e7\u00e3o, construindo as ferramentas necess\u00e1rias para desenvolver sua civiliza\u00e7\u00e3o.<\/p>\n<\/div>\n<div class=\"more-link-wrapper\"><a class=\"more-link\" href=\"https:\/\/cabanadoelfo.com.br\/loja\/jogo\/renature-copia\/\">Read More<span class=\"screen-reader-text\">Stone Age<\/span><\/a><\/div>\n","protected":false},"featured_media":1675,"comment_status":"open","ping_status":"closed","template":"","meta":[],"product_brand":[],"product_cat":[86,15],"product_tag":[],"class_list":{"0":"post-1670","1":"product","2":"type-product","3":"status-publish","4":"has-post-thumbnail","6":"product_cat-jogo-de-dados","7":"product_cat-jogos-de-tabuleiro","8":"pa_complexidade-jogos-familiares","9":"pa_designer-bernd-brunnhofer","10":"pa_duracao-60-min","11":"pa_editora-devir","12":"pa_estilo-alocacao-de-trabalhadores","13":"pa_estilo-bonus-de-fim-de-jogo","14":"pa_estilo-colecionar-conjuntos","15":"pa_estilo-colocacao-de-pecas","16":"pa_estilo-gerenciamento-de-maos","17":"pa_estilo-ordem-de-fases-variavel","18":"pa_estilo-rolagem-de-dados","19":"pa_idade-35","20":"pa_idioma-portugues","21":"pa_jogadores-2-a-4","22":"pa_modo-multijogador-competitivo","23":"pa_tema-economia-producao","24":"pa_tema-pre-historico","25":"entry","27":"first","28":"instock","29":"purchasable","30":"product-type-redq_rental"},"jetpack_sharing_enabled":true,"_links":{"self":[{"href":"https:\/\/cabanadoelfo.com.br\/loja\/wp-json\/wp\/v2\/product\/1670","targetHints":{"allow":["GET"]}}],"collection":[{"href":"https:\/\/cabanadoelfo.com.br\/loja\/wp-json\/wp\/v2\/product"}],"about":[{"href":"https:\/\/cabanadoelfo.com.br\/loja\/wp-json\/wp\/v2\/types\/product"}],"replies":[{"embeddable":true,"href":"https:\/\/cabanadoelfo.com.br\/loja\/wp-json\/wp\/v2\/comments?post=1670"}],"wp:featuredmedia":[{"embeddable":true,"href":"https:\/\/cabanadoelfo.com.br\/loja\/wp-json\/wp\/v2\/media\/1675"}],"wp:attachment":[{"href":"https:\/\/cabanadoelfo.com.br\/loja\/wp-json\/wp\/v2\/media?parent=1670"}],"wp:term":[{"taxonomy":"product_brand","embeddable":true,"href":"https:\/\/cabanadoelfo.com.br\/loja\/wp-json\/wp\/v2\/product_brand?post=1670"},{"taxonomy":"product_cat","embeddable":true,"href":"https:\/\/cabanadoelfo.com.br\/loja\/wp-json\/wp\/v2\/product_cat?post=1670"},{"taxonomy":"product_tag","embeddable":true,"href":"https:\/\/cabanadoelfo.com.br\/loja\/wp-json\/wp\/v2\/product_tag?post=1670"}],"curies":[{"name":"wp","href":"https:\/\/api.w.org\/{rel}","templated":true}]}}