{"id":1642,"date":"2024-01-08T18:19:13","date_gmt":"2024-01-08T21:19:13","guid":{"rendered":"https:\/\/cabanadoelfo.com.br\/loja\/?post_type=product&#038;p=1642"},"modified":"2024-04-23T20:04:37","modified_gmt":"2024-04-23T23:04:37","slug":"prehistorias","status":"publish","type":"product","link":"https:\/\/cabanadoelfo.com.br\/loja\/jogo\/prehistorias\/","title":{"rendered":"Prehistorias"},"content":{"rendered":"<p id=\"tw-target-text\" class=\"tw-data-text tw-text-large tw-ta\" dir=\"ltr\" data-placeholder=\"Tradu\u00e7\u00e3o\" data-ved=\"2ahUKEwjPsav_3M6DAxVRuZUCHaR7BEwQ3ewLegQIBRAQ\"><span class=\"Y2IQFc\" lang=\"pt\">Os jogadores s\u00e3o, em tempos pr\u00e9-hist\u00f3ricos, tribos n\u00f4mades que v\u00e3o ca\u00e7ar e voltam para sua caverna para pintar e comemorar suas conquistas.<\/span><\/p>\n<p class=\"tw-data-text tw-text-large tw-ta\" dir=\"ltr\" data-placeholder=\"Tradu\u00e7\u00e3o\" data-ved=\"2ahUKEwjPsav_3M6DAxVRuZUCHaR7BEwQ3ewLegQIBRAQ\"><span class=\"Y2IQFc\" lang=\"pt\">A tribo cujo Xam\u00e3 ir\u00e1 pintar essas conquistas, respeitando os desejos dos Anci\u00e3os, ser\u00e1 celebrada como o tribo mais culturalmente avan\u00e7ada.<\/span><\/p>\n<p class=\"tw-data-text tw-text-large tw-ta\" dir=\"ltr\" data-placeholder=\"Tradu\u00e7\u00e3o\" data-ved=\"2ahUKEwjPsav_3M6DAxVRuZUCHaR7BEwQ3ewLegQIBRAQ\"><span class=\"Y2IQFc\" lang=\"pt\">Para fazer isso, voc\u00ea deve ser a primeira tribo a descartar seus 8 tokens de Totem, colocando-os nos Objetivos (cartas e tabuleiro), representando os desejos dos Anci\u00e3os.<\/span><\/p>\n<p><iframe loading=\"lazy\" title=\"PREHISTORIAS em 10 minutos\" width=\"500\" height=\"281\" src=\"https:\/\/www.youtube.com\/embed\/ppns9tQMu-c?feature=oembed\" frameborder=\"0\" allow=\"accelerometer; autoplay; clipboard-write; encrypted-media; gyroscope; picture-in-picture; web-share\" referrerpolicy=\"strict-origin-when-cross-origin\" allowfullscreen><\/iframe><\/p>\n<h2>Componentes:<\/h2>\n<ul>\n<li>1 Manual de Regras<\/li>\n<li>1 Tabuleiro de Dupla Face (2-3 \/ 4-5 jogadores)<\/li>\n<li>5 Cartas de Ajuda (1 para cada jogador)<\/li>\n<li>5 Cavernas 3D (1 para cada jogador)<\/li>\n<li>5 Decks de 12 Cartas de Ca\u00e7ador (1 para cada jogador)<\/li>\n<li>5 Pe\u00e7as de Animal Lend\u00e1rio<\/li>\n<li>9 Cartas de Objetivo de Dupla Face (sol \/ lua)<\/li>\n<li>25 Pe\u00e7as de Animal de Tamanho 1<\/li>\n<li>25 Pe\u00e7as de Animal de Tamanho 2<\/li>\n<li>10 Pe\u00e7as de Animal de Tamanho 3<\/li>\n<li>10 Pe\u00e7as de Animal de Tamanho 4<\/li>\n<li>40 Fichas de Totem (8 para cada jogador)<\/li>\n<\/ul>\n<h2>Regras para o aluguel:<\/h2>\n<ul>\n<li>O per\u00edodo de aluguel inclui a data de entrega e devolu\u00e7\u00e3o do jogo;<\/li>\n<li>O atraso na devolu\u00e7\u00e3o dos jogos, resultar\u00e1 em cobran\u00e7a adicional no valor de um aluguel di\u00e1rio por cada dia de atraso;<\/li>\n<li>Em caso de danos que comprometam a experi\u00eancia do jogo (perda ou avaria de componentes), o cliente dever\u00e1 arcar com os custos da reposi\u00e7\u00e3o dos componentes (quando dispon\u00edveis no mercado) ou aquisi\u00e7\u00e3o de um novo exemplar do jogo.<\/li>\n<\/ul>\n","protected":false},"excerpt":{"rendered":"<div class=\"woocommerce-product-details__short-description\">\n<p>Voc\u00ea \u00e9 o l\u00edder de uma tribo pr\u00e9-hist\u00f3rica, decidindo quais membros de sua tribo v\u00e3o ca\u00e7ar e quais presas eles querem capturar. Para gui\u00e1-lo, os Anci\u00e3os criaram desafios que voc\u00ea pode completar pintando na parede de sua caverna.<\/p>\n<\/div>\n<div class=\"more-link-wrapper\"><a class=\"more-link\" href=\"https:\/\/cabanadoelfo.com.br\/loja\/jogo\/prehistorias\/\">Read More<span class=\"screen-reader-text\">Prehistorias<\/span><\/a><\/div>\n","protected":false},"featured_media":1650,"comment_status":"open","ping_status":"closed","template":"","meta":[],"product_brand":[],"product_cat":[37],"product_tag":[],"class_list":{"0":"post-1642","1":"product","2":"type-product","3":"status-publish","4":"has-post-thumbnail","6":"product_cat-jogo-de-cartas","7":"pa_complexidade-jogos-familiares","8":"pa_designer-alexandre-emerit","9":"pa_designer-benoit-turpin","10":"pa_duracao-30-min","11":"pa_editora-meeple-br-jogos","12":"pa_estilo-colocacao-de-pecas","13":"pa_estilo-construcao-a-partir-de-modelo","14":"pa_estilo-gerenciamento-de-maos","15":"pa_estilo-grade-com-quadrados","16":"pa_estilo-leilao","17":"pa_estilo-ordem-de-fases-variavel","18":"pa_idade-133","19":"pa_idioma-portugues","20":"pa_jogadores-2-a-5","21":"pa_modo-multijogador-competitivo","22":"pa_tema-pre-historico","23":"entry","25":"first","26":"instock","27":"purchasable","28":"product-type-redq_rental"},"jetpack_sharing_enabled":true,"_links":{"self":[{"href":"https:\/\/cabanadoelfo.com.br\/loja\/wp-json\/wp\/v2\/product\/1642","targetHints":{"allow":["GET"]}}],"collection":[{"href":"https:\/\/cabanadoelfo.com.br\/loja\/wp-json\/wp\/v2\/product"}],"about":[{"href":"https:\/\/cabanadoelfo.com.br\/loja\/wp-json\/wp\/v2\/types\/product"}],"replies":[{"embeddable":true,"href":"https:\/\/cabanadoelfo.com.br\/loja\/wp-json\/wp\/v2\/comments?post=1642"}],"wp:featuredmedia":[{"embeddable":true,"href":"https:\/\/cabanadoelfo.com.br\/loja\/wp-json\/wp\/v2\/media\/1650"}],"wp:attachment":[{"href":"https:\/\/cabanadoelfo.com.br\/loja\/wp-json\/wp\/v2\/media?parent=1642"}],"wp:term":[{"taxonomy":"product_brand","embeddable":true,"href":"https:\/\/cabanadoelfo.com.br\/loja\/wp-json\/wp\/v2\/product_brand?post=1642"},{"taxonomy":"product_cat","embeddable":true,"href":"https:\/\/cabanadoelfo.com.br\/loja\/wp-json\/wp\/v2\/product_cat?post=1642"},{"taxonomy":"product_tag","embeddable":true,"href":"https:\/\/cabanadoelfo.com.br\/loja\/wp-json\/wp\/v2\/product_tag?post=1642"}],"curies":[{"name":"wp","href":"https:\/\/api.w.org\/{rel}","templated":true}]}}