{"id":1626,"date":"2024-01-08T15:52:18","date_gmt":"2024-01-08T18:52:18","guid":{"rendered":"https:\/\/cabanadoelfo.com.br\/loja\/?post_type=product&#038;p=1626"},"modified":"2024-04-20T13:59:14","modified_gmt":"2024-04-20T16:59:14","slug":"everdell","status":"publish","type":"product","link":"https:\/\/cabanadoelfo.com.br\/loja\/jogo\/everdell\/","title":{"rendered":"Everdell"},"content":{"rendered":"<p>Everdell \u00e9 um jogo din\u00e2mico de constru\u00e7\u00e3o de tabuleiro e aloca\u00e7\u00e3o de trabalhadores.<\/p>\n<p>No seu turno, um jogador pode fazer uma das tr\u00eas a\u00e7\u00f5es:<\/p>\n<p>a) Alocar um trabalhador: cada jogador possui uma cole\u00e7\u00e3o de trabalhadores. Estes s\u00e3o colocados nos locais do tabuleiro, eventos e em cartas de destino. Os trabalhadores realizam v\u00e1rias a\u00e7\u00f5es para promover o desenvolvimento do tabuleiro de um jogador: coletar recursos, comprar cartas e realizar outras a\u00e7\u00f5es especiais.<\/p>\n<p>b) Jogar uma carta: cada jogador est\u00e1 construindo e populando uma cidade; um tabuleiro de at\u00e9 15 cartas de Constru\u00e7\u00e3o e Criaturas. Existem cinco tipos de cartas: Viajantes, Produ\u00e7\u00e3o, Destino, Governan\u00e7a e Prosperidade. As cartas geram recursos (galhos, resina, cascalho e frutas), garantem habilidades e, finalmente, marcam pontos. As intera\u00e7\u00f5es das cartas revelam in\u00fameras estrat\u00e9gias e uma variedade quase infinita de cidades.<\/p>\n<p>c) Prepare-se para a pr\u00f3xima temporada: os trabalhadores retornam ao estoque dos jogadores e novos trabalhadores s\u00e3o adicionados. O jogo se passa no in\u00edcio de um inverno at\u00e9 o in\u00edcio do inverno seguinte, e ao final o jogador com mais pontos \u00e9 o vencedor.<\/p>\n<p><iframe loading=\"lazy\" title=\"EVERDELL - Regras + Review\" width=\"500\" height=\"281\" src=\"https:\/\/www.youtube.com\/embed\/zmx73LhvOow?feature=oembed\" frameborder=\"0\" allow=\"accelerometer; autoplay; clipboard-write; encrypted-media; gyroscope; picture-in-picture; web-share\" referrerpolicy=\"strict-origin-when-cross-origin\" allowfullscreen><\/iframe><\/p>\n<h2>Componentes:<\/h2>\n<ul>\n<li>1 Livro de Regras<\/li>\n<li>1 Tabuleiro, com 1 \u00c1rvore 3D<\/li>\n<li>1 Dado D8<\/li>\n<li>1 Carta de Vit\u00f3ria<\/li>\n<li>4 Pe\u00e7as de Evento B\u00e1sico<\/li>\n<li>11 Cartas de Floresta<\/li>\n<li>16 Cartas de Evento Principal<\/li>\n<li>20 Marcadores de Cascalho<\/li>\n<li>20 Marcadores de Ocupado<\/li>\n<li>24 Meeples de Trabalhadores<\/li>\n<li>30 Marcadores de Frutas<\/li>\n<li>30 Marcadores de Galhos<\/li>\n<li>30 Marcadores de Resina<\/li>\n<li>34 Marcadores de Pontos<\/li>\n<li>128 Cartas de Criaturas e Constru\u00e7\u00f5es (sendo 48 cartas \u00fanicas)<\/li>\n<\/ul>\n<h2>Regras para o aluguel:<\/h2>\n<ul>\n<li>O per\u00edodo de aluguel inclui a data de entrega e devolu\u00e7\u00e3o do jogo;<\/li>\n<li>O atraso na devolu\u00e7\u00e3o dos jogos, resultar\u00e1 em cobran\u00e7a adicional no valor de um aluguel di\u00e1rio por cada dia de atraso;<\/li>\n<li>Em caso de danos que comprometam a experi\u00eancia do jogo (perda ou avaria de componentes), o cliente dever\u00e1 arcar com os custos da reposi\u00e7\u00e3o dos componentes (quando dispon\u00edveis no mercado) ou aquisi\u00e7\u00e3o de um novo exemplar do jogo.<\/li>\n<\/ul>\n","protected":false},"excerpt":{"rendered":"<div class=\"woocommerce-product-details__short-description\">\n<p>Dentro do encantador vale de Everdell, sob os ramos das altas \u00e1rvores, entre riachos calmos e po\u00e7as musgosas, uma civiliza\u00e7\u00e3o de criaturas da floresta est\u00e1 prosperando e se expandindo. De Everfrost a Bellsong, muitos anos vieram e se foram, mas chegou a hora de estabelecer novos territ\u00f3rios e novas cidades. Voc\u00ea ser\u00e1 o l\u00edder de um grupo de criaturas para realizar esta tarefa. H\u00e1 edif\u00edcios para construir, personagens para encontrar, eventos para atender &#8211; voc\u00ea tem um ano ocupado \u00e0 sua frente. Ser\u00e1 que o sol brilhar\u00e1 mais na sua cidade antes que a lua do inverno se eleve?<\/p>\n<\/div>\n<div class=\"more-link-wrapper\"><a class=\"more-link\" href=\"https:\/\/cabanadoelfo.com.br\/loja\/jogo\/everdell\/\">Read More<span class=\"screen-reader-text\">Everdell<\/span><\/a><\/div>\n","protected":false},"featured_media":1632,"comment_status":"open","ping_status":"closed","template":"","meta":[],"product_brand":[],"product_cat":[37],"product_tag":[],"class_list":{"0":"post-1626","1":"product","2":"type-product","3":"status-publish","4":"has-post-thumbnail","6":"product_cat-jogo-de-cartas","7":"pa_complexidade-jogos-expert","8":"pa_designer-james-a-wilson","9":"pa_duracao-80-min","10":"pa_editora-galapagos-jogos","11":"pa_estilo-alocacao-de-trabalhadores","12":"pa_estilo-bonus-de-fim-de-jogo","13":"pa_estilo-colecionar-conjuntos","14":"pa_estilo-contratos","15":"pa_estilo-gerenciamento-de-maos","16":"pa_idade-95","17":"pa_idioma-portugues","18":"pa_jogadores-1-a-4","19":"pa_modo-multijogador-competitivo","20":"pa_tema-animais","21":"pa_tema-fantasia","22":"entry","24":"first","25":"instock","26":"purchasable","27":"product-type-redq_rental"},"jetpack_sharing_enabled":true,"_links":{"self":[{"href":"https:\/\/cabanadoelfo.com.br\/loja\/wp-json\/wp\/v2\/product\/1626","targetHints":{"allow":["GET"]}}],"collection":[{"href":"https:\/\/cabanadoelfo.com.br\/loja\/wp-json\/wp\/v2\/product"}],"about":[{"href":"https:\/\/cabanadoelfo.com.br\/loja\/wp-json\/wp\/v2\/types\/product"}],"replies":[{"embeddable":true,"href":"https:\/\/cabanadoelfo.com.br\/loja\/wp-json\/wp\/v2\/comments?post=1626"}],"wp:featuredmedia":[{"embeddable":true,"href":"https:\/\/cabanadoelfo.com.br\/loja\/wp-json\/wp\/v2\/media\/1632"}],"wp:attachment":[{"href":"https:\/\/cabanadoelfo.com.br\/loja\/wp-json\/wp\/v2\/media?parent=1626"}],"wp:term":[{"taxonomy":"product_brand","embeddable":true,"href":"https:\/\/cabanadoelfo.com.br\/loja\/wp-json\/wp\/v2\/product_brand?post=1626"},{"taxonomy":"product_cat","embeddable":true,"href":"https:\/\/cabanadoelfo.com.br\/loja\/wp-json\/wp\/v2\/product_cat?post=1626"},{"taxonomy":"product_tag","embeddable":true,"href":"https:\/\/cabanadoelfo.com.br\/loja\/wp-json\/wp\/v2\/product_tag?post=1626"}],"curies":[{"name":"wp","href":"https:\/\/api.w.org\/{rel}","templated":true}]}}