{"id":1615,"date":"2024-01-08T14:45:17","date_gmt":"2024-01-08T17:45:17","guid":{"rendered":"https:\/\/cabanadoelfo.com.br\/loja\/?post_type=product&#038;p=1615"},"modified":"2024-03-11T07:40:23","modified_gmt":"2024-03-11T10:40:23","slug":"dreadful-circus","status":"publish","type":"product","link":"https:\/\/cabanadoelfo.com.br\/loja\/jogo\/dreadful-circus\/","title":{"rendered":"Dreadful Circus"},"content":{"rendered":"<p>Dreadful Circus \u00e9 um jogo de cartas no qual os jogadores tentam criar o circo de maior sucesso! O jogo vem com uma reviravolta \u00fanica: ao longo do jogo, os jogadores compram cartas que possuem regras especiais de pontua\u00e7\u00e3o final. Conforme o jogo avan\u00e7a e mais cartas s\u00e3o ganhas, cada jogador desenvolve suas pr\u00f3prias regras de pontua\u00e7\u00e3o final. Nenhum jogo \u00e9 igual e nenhum jogador na mesa marca da mesma forma.<\/p>\n<p><iframe loading=\"lazy\" title=\"DREADFUL CIRCUS em 11 minutos\" width=\"500\" height=\"281\" src=\"https:\/\/www.youtube.com\/embed\/P9TtUkD63bQ?feature=oembed\" frameborder=\"0\" allow=\"accelerometer; autoplay; clipboard-write; encrypted-media; gyroscope; picture-in-picture; web-share\" referrerpolicy=\"strict-origin-when-cross-origin\" allowfullscreen><\/iframe><\/p>\n<h2>Componentes:<\/h2>\n<ul>\n<li>1 Livro de Regras<\/li>\n<li>1 Bolsa de contrato<\/li>\n<li>1 Token do 1\u00ba Vendedor<\/li>\n<li>1 Token do 2\u00ba vendedor<\/li>\n<li>8 Telas de Jogador<\/li>\n<li>8 Vag\u00f5es de Papel\u00e3o<\/li>\n<li>8 Moedas de Ouro<\/li>\n<li>16 Moedas de Prata<\/li>\n<li>24 Moedas de Cobre<\/li>\n<li>55 Contratos (11 de cada tipo)<\/li>\n<li>63 Cartas de Circo:<br \/>\n&#8211; 43 Cartas de Atra\u00e7\u00e3o<br \/>\n&#8211; 20 Cartas de Desempenho<\/li>\n<\/ul>\n<h2>Regras para o aluguel:<\/h2>\n<ul>\n<li>O per\u00edodo de aluguel inclui a data de entrega e devolu\u00e7\u00e3o do jogo;<\/li>\n<li>O atraso na devolu\u00e7\u00e3o dos jogos, resultar\u00e1 em cobran\u00e7a adicional no valor de um aluguel di\u00e1rio por cada dia de atraso;<\/li>\n<li>Em caso de danos que comprometam a experi\u00eancia do jogo (perda ou avaria de componentes), o cliente dever\u00e1 arcar com os custos da reposi\u00e7\u00e3o dos componentes (quando dispon\u00edveis no mercado) ou aquisi\u00e7\u00e3o de um novo exemplar do jogo.<\/li>\n<\/ul>\n","protected":false},"excerpt":{"rendered":"<div class=\"woocommerce-product-details__short-description\">\n<p>Voc\u00ea n\u00e3o espera mais ansiosamente a chegada dos \u00edmpios &#8211; pois eles acabaram de chegar! Na calada da noite, a escurid\u00e3o rola. Melodias sussurram em ritmos lentos enquanto as crian\u00e7as acordam de seu sono. Pulando de suas camas, eles correm para seus pais e os acordam assustados. A mistura de medo e excita\u00e7\u00e3o enche a sala. A atra\u00e7\u00e3o de doces ex\u00f3ticos flutua no vento quente de ver\u00e3o. A vida desta cidade pequena e mon\u00f3tona \u00e9 revitalizada com a expectativa deste circo terr\u00edvel.<\/p>\n<\/div>\n<div class=\"more-link-wrapper\"><a class=\"more-link\" href=\"https:\/\/cabanadoelfo.com.br\/loja\/jogo\/dreadful-circus\/\">Read More<span class=\"screen-reader-text\">Dreadful Circus<\/span><\/a><\/div>\n","protected":false},"featured_media":1624,"comment_status":"open","ping_status":"closed","template":"","meta":[],"product_brand":[],"product_cat":[37],"product_tag":[],"class_list":{"0":"post-1615","1":"product","2":"type-product","3":"status-publish","4":"has-post-thumbnail","6":"product_cat-jogo-de-cartas","7":"pa_complexidade-jogos-familiares","8":"pa_designer-bruno-faidutti","9":"pa_designer-joanna-kijanka","10":"pa_duracao-45-min","11":"pa_editora-galapagos-jogos","12":"pa_estilo-apostas","13":"pa_estilo-blefe","14":"pa_estilo-colecionar-conjuntos","15":"pa_estilo-leilao","16":"pa_idade-51","17":"pa_idioma-portugues","18":"pa_jogadores-4-a-8","19":"pa_modo-multijogador-competitivo","20":"pa_tema-arte","21":"pa_tema-horror","22":"entry","24":"first","25":"instock","26":"purchasable","27":"product-type-redq_rental"},"jetpack_sharing_enabled":true,"_links":{"self":[{"href":"https:\/\/cabanadoelfo.com.br\/loja\/wp-json\/wp\/v2\/product\/1615","targetHints":{"allow":["GET"]}}],"collection":[{"href":"https:\/\/cabanadoelfo.com.br\/loja\/wp-json\/wp\/v2\/product"}],"about":[{"href":"https:\/\/cabanadoelfo.com.br\/loja\/wp-json\/wp\/v2\/types\/product"}],"replies":[{"embeddable":true,"href":"https:\/\/cabanadoelfo.com.br\/loja\/wp-json\/wp\/v2\/comments?post=1615"}],"wp:featuredmedia":[{"embeddable":true,"href":"https:\/\/cabanadoelfo.com.br\/loja\/wp-json\/wp\/v2\/media\/1624"}],"wp:attachment":[{"href":"https:\/\/cabanadoelfo.com.br\/loja\/wp-json\/wp\/v2\/media?parent=1615"}],"wp:term":[{"taxonomy":"product_brand","embeddable":true,"href":"https:\/\/cabanadoelfo.com.br\/loja\/wp-json\/wp\/v2\/product_brand?post=1615"},{"taxonomy":"product_cat","embeddable":true,"href":"https:\/\/cabanadoelfo.com.br\/loja\/wp-json\/wp\/v2\/product_cat?post=1615"},{"taxonomy":"product_tag","embeddable":true,"href":"https:\/\/cabanadoelfo.com.br\/loja\/wp-json\/wp\/v2\/product_tag?post=1615"}],"curies":[{"name":"wp","href":"https:\/\/api.w.org\/{rel}","templated":true}]}}