{"id":1607,"date":"2024-01-08T12:56:00","date_gmt":"2024-01-08T15:56:00","guid":{"rendered":"https:\/\/cabanadoelfo.com.br\/loja\/?post_type=product&#038;p=1607"},"modified":"2024-03-11T07:40:31","modified_gmt":"2024-03-11T10:40:31","slug":"black-stories-mundo-bizarro","status":"publish","type":"product","link":"https:\/\/cabanadoelfo.com.br\/loja\/jogo\/black-stories-mundo-bizarro\/","title":{"rendered":"Black Stories: Mundo Bizarro"},"content":{"rendered":"<p>Desvende o enigma! Reconstrua os passos de cada incidente, pe\u00e7a a pe\u00e7a, fazendo perguntas, adivinhando e montando este quebra-cabe\u00e7a de evid\u00eancias. Eles v\u00e3o te dar um frio na espinha, mas a sua divers\u00e3o ser\u00e1 maior que tudo!<\/p>\n<p>Um card game f\u00e1cil de aprender e sem m\u00e1ximo de jogadores para se divertir no carro, na festa ou em absolutamente qualquer lugar!<\/p>\n<p>Hist\u00f3rias sinistras\u00a0s\u00e3o hist\u00f3rias ardilosas e sombrias que poderiam ter acontecido do jeito que s\u00e3o descritas \u2014 ou quase. Elas tomam forma depressa entre f\u00e3s fervorosos. \u00c0s vezes, tudo acaba bem r\u00e1pido; duas ou tr\u00eas perguntas e j\u00e1 estamos no caminho certo. Mas tamb\u00e9m uma hist\u00f3ria aparentemente simples pode acabar sendo de quebrar a cabe\u00e7a.<\/p>\n<p><iframe loading=\"lazy\" title=\"Conhe\u00e7a HIST\u00d3RIAS SINISTRAS | Mais Pedidos da Gal\u00e1pagos\" width=\"500\" height=\"281\" src=\"https:\/\/www.youtube.com\/embed\/cL9lIBBp6ao?feature=oembed\" frameborder=\"0\" allow=\"accelerometer; autoplay; clipboard-write; encrypted-media; gyroscope; picture-in-picture; web-share\" referrerpolicy=\"strict-origin-when-cross-origin\" allowfullscreen><\/iframe><\/p>\n<h2>Componentes:<\/h2>\n<ul>\n<li>1 Livreto de Regras<\/li>\n<li>50 Cartas de Enigmas<\/li>\n<\/ul>\n<h2>Regras para o aluguel:<\/h2>\n<ul>\n<li>O per\u00edodo de aluguel inclui a data de entrega e devolu\u00e7\u00e3o do jogo;<\/li>\n<li>O atraso na devolu\u00e7\u00e3o dos jogos, resultar\u00e1 em cobran\u00e7a adicional no valor de um aluguel di\u00e1rio por cada dia de atraso;<\/li>\n<li>Em caso de danos que comprometam a experi\u00eancia do jogo (perda ou avaria de componentes), o cliente dever\u00e1 arcar com os custos da reposi\u00e7\u00e3o dos componentes (quando dispon\u00edveis no mercado) ou aquisi\u00e7\u00e3o de um novo exemplar do jogo.<\/li>\n<\/ul>\n","protected":false},"excerpt":{"rendered":"<div class=\"woocommerce-product-details__short-description\">\n<p>Uma edi\u00e7\u00e3o do Black Stories com hist\u00f3rias de enigmas estranhos de todo o mundo.<\/p>\n<p>Black Stories s\u00e3o hist\u00f3rias de enigmas complicadas, m\u00f3rbidas e sinistras. Os jogadores tentam reconstruir os detalhes de cada incidente, pe\u00e7a por pe\u00e7a, fazendo perguntas de sim ou n\u00e3o.<\/p>\n<\/div>\n<div class=\"more-link-wrapper\"><a class=\"more-link\" href=\"https:\/\/cabanadoelfo.com.br\/loja\/jogo\/black-stories-mundo-bizarro\/\">Read More<span class=\"screen-reader-text\">Black Stories: Mundo Bizarro<\/span><\/a><\/div>\n","protected":false},"featured_media":1614,"comment_status":"open","ping_status":"closed","template":"","meta":[],"product_brand":[],"product_cat":[37],"product_tag":[],"class_list":{"0":"post-1607","1":"product","2":"type-product","3":"status-publish","4":"has-post-thumbnail","6":"product_cat-jogo-de-cartas","7":"pa_complexidade-jogo-festivo","8":"pa_designer-corinna-harder","9":"pa_designer-jens-schumacher","10":"pa_duracao-20-min","11":"pa_editora-galapagos-jogos","12":"pa_estilo-deducao","13":"pa_estilo-memoria","14":"pa_estilo-narracao-de-historias","15":"pa_idade-51","16":"pa_idioma-portugues","17":"pa_jogadores-2-a-99","18":"pa_modo-multijogador-competitivo","19":"pa_tema-adulto","20":"pa_tema-policial","21":"entry","23":"first","24":"instock","25":"purchasable","26":"product-type-redq_rental"},"jetpack_sharing_enabled":true,"_links":{"self":[{"href":"https:\/\/cabanadoelfo.com.br\/loja\/wp-json\/wp\/v2\/product\/1607","targetHints":{"allow":["GET"]}}],"collection":[{"href":"https:\/\/cabanadoelfo.com.br\/loja\/wp-json\/wp\/v2\/product"}],"about":[{"href":"https:\/\/cabanadoelfo.com.br\/loja\/wp-json\/wp\/v2\/types\/product"}],"replies":[{"embeddable":true,"href":"https:\/\/cabanadoelfo.com.br\/loja\/wp-json\/wp\/v2\/comments?post=1607"}],"wp:featuredmedia":[{"embeddable":true,"href":"https:\/\/cabanadoelfo.com.br\/loja\/wp-json\/wp\/v2\/media\/1614"}],"wp:attachment":[{"href":"https:\/\/cabanadoelfo.com.br\/loja\/wp-json\/wp\/v2\/media?parent=1607"}],"wp:term":[{"taxonomy":"product_brand","embeddable":true,"href":"https:\/\/cabanadoelfo.com.br\/loja\/wp-json\/wp\/v2\/product_brand?post=1607"},{"taxonomy":"product_cat","embeddable":true,"href":"https:\/\/cabanadoelfo.com.br\/loja\/wp-json\/wp\/v2\/product_cat?post=1607"},{"taxonomy":"product_tag","embeddable":true,"href":"https:\/\/cabanadoelfo.com.br\/loja\/wp-json\/wp\/v2\/product_tag?post=1607"}],"curies":[{"name":"wp","href":"https:\/\/api.w.org\/{rel}","templated":true}]}}