{"id":1569,"date":"2023-12-24T08:00:04","date_gmt":"2023-12-24T11:00:04","guid":{"rendered":"https:\/\/cabanadoelfo.com.br\/loja\/?post_type=product&#038;p=1569"},"modified":"2024-09-17T02:13:54","modified_gmt":"2024-09-17T05:13:54","slug":"dixit","status":"publish","type":"product","link":"https:\/\/cabanadoelfo.com.br\/loja\/jogo\/dixit\/","title":{"rendered":"Dixit"},"content":{"rendered":"<p>Um dos jogos mais jogados no Brasil e no mundo! Escolha seu coelho colorido para embarcar nessa aventura surreal onde cada ilustra\u00e7\u00e3o estimula seu potencial criativo.<\/p>\n<p>Em Dixit voc\u00ea viver\u00e1 uma experi\u00eancia \u00fanica e envolvente. Cada carta do jogo \u00e9 uma obra de arte surrealista que te inspira a mergulhar no mundo da fantasia.<\/p>\n<p>Desperte sua criatividade enquanto descobre mais sobre voc\u00ea e seus amigos neste incr\u00edvel jogo de dedu\u00e7\u00e3o. Dixit \u00e9 simples, leve e apaixonante!<\/p>\n<p>O tabuleiro te levar\u00e1 a um mundo de sonhos agrad\u00e1veis com nuvens serenas. Com divers\u00e3o at\u00e9 8 jogadores e componentes lindos para marcar seus pontos.<\/p>\n<p><iframe loading=\"lazy\" title=\"Dixit - Regras - Aprenda em Minutos\" width=\"500\" height=\"281\" src=\"https:\/\/www.youtube.com\/embed\/dxqlLhaV3KY?feature=oembed\" frameborder=\"0\" allow=\"accelerometer; autoplay; clipboard-write; encrypted-media; gyroscope; picture-in-picture; web-share\" referrerpolicy=\"strict-origin-when-cross-origin\" allowfullscreen><\/iframe><\/p>\n<h2>Componentes:<\/h2>\n<ul>\n<li>1 trilha de pontos<\/li>\n<li>84 cartas de imagem<\/li>\n<li>8 fichas de vota\u00e7\u00e3o<\/li>\n<li>8 coelhos de madeira<\/li>\n<\/ul>\n<h2>Regras para o aluguel:<\/h2>\n<ul>\n<li>O per\u00edodo de aluguel inclui a data de entrega e devolu\u00e7\u00e3o do jogo;<\/li>\n<li>O atraso na devolu\u00e7\u00e3o dos jogos, resultar\u00e1 em cobran\u00e7a adicional no valor de um aluguel di\u00e1rio por cada dia de atraso;<\/li>\n<li>Em caso de danos que comprometam a experi\u00eancia do jogo (perda ou avaria de componentes), o cliente dever\u00e1 arcar com os custos da reposi\u00e7\u00e3o dos componentes (quando dispon\u00edveis no mercado) ou aquisi\u00e7\u00e3o de um novo exemplar do jogo.<\/li>\n<\/ul>\n","protected":false},"excerpt":{"rendered":"<div class=\"woocommerce-product-details__short-description\">\n<p>O valor corresponde ao aluguel di\u00e1rio do jogo. Consulte as condi\u00e7\u00f5es abaixo.<\/p>\n<\/div>\n<div class=\"more-link-wrapper\"><a class=\"more-link\" href=\"https:\/\/cabanadoelfo.com.br\/loja\/jogo\/dixit\/\">Read More<span class=\"screen-reader-text\">Dixit<\/span><\/a><\/div>\n","protected":false},"featured_media":1570,"comment_status":"open","ping_status":"closed","template":"","meta":[],"product_brand":[],"product_cat":[37],"product_tag":[],"class_list":{"0":"post-1569","1":"product","2":"type-product","3":"status-publish","4":"has-post-thumbnail","6":"product_cat-jogo-de-cartas","7":"pa_complexidade-jogos-familiares","8":"pa_designer-jean-louis-roubira","9":"pa_designer-marie-cardouat","10":"pa_duracao-30-min","11":"pa_editora-galapagos-jogos","12":"pa_estilo-deducao","13":"pa_estilo-narracao-de-historias","14":"pa_estilo-votacao","15":"pa_idade-133","16":"pa_idioma-portugues","17":"pa_jogadores-3-a-6","18":"pa_modo-multijogador-competitivo","19":"pa_tema-arte","20":"entry","22":"first","23":"instock","24":"purchasable","25":"product-type-redq_rental"},"jetpack_sharing_enabled":true,"_links":{"self":[{"href":"https:\/\/cabanadoelfo.com.br\/loja\/wp-json\/wp\/v2\/product\/1569","targetHints":{"allow":["GET"]}}],"collection":[{"href":"https:\/\/cabanadoelfo.com.br\/loja\/wp-json\/wp\/v2\/product"}],"about":[{"href":"https:\/\/cabanadoelfo.com.br\/loja\/wp-json\/wp\/v2\/types\/product"}],"replies":[{"embeddable":true,"href":"https:\/\/cabanadoelfo.com.br\/loja\/wp-json\/wp\/v2\/comments?post=1569"}],"wp:featuredmedia":[{"embeddable":true,"href":"https:\/\/cabanadoelfo.com.br\/loja\/wp-json\/wp\/v2\/media\/1570"}],"wp:attachment":[{"href":"https:\/\/cabanadoelfo.com.br\/loja\/wp-json\/wp\/v2\/media?parent=1569"}],"wp:term":[{"taxonomy":"product_brand","embeddable":true,"href":"https:\/\/cabanadoelfo.com.br\/loja\/wp-json\/wp\/v2\/product_brand?post=1569"},{"taxonomy":"product_cat","embeddable":true,"href":"https:\/\/cabanadoelfo.com.br\/loja\/wp-json\/wp\/v2\/product_cat?post=1569"},{"taxonomy":"product_tag","embeddable":true,"href":"https:\/\/cabanadoelfo.com.br\/loja\/wp-json\/wp\/v2\/product_tag?post=1569"}],"curies":[{"name":"wp","href":"https:\/\/api.w.org\/{rel}","templated":true}]}}