{"id":1514,"date":"2023-09-01T20:50:06","date_gmt":"2023-09-01T23:50:06","guid":{"rendered":"https:\/\/cabanadoelfo.com.br\/loja\/?post_type=product&#038;p=1514"},"modified":"2025-09-13T13:42:39","modified_gmt":"2025-09-13T16:42:39","slug":"spartacus","status":"publish","type":"product","link":"https:\/\/cabanadoelfo.com.br\/loja\/jogo\/spartacus\/","title":{"rendered":"Spartacus"},"content":{"rendered":"<p>Seja bem-vindo a um mundo de viol\u00eancia e conspira\u00e7\u00f5es! Spartacus: Um Jogo de Sangue e Trai\u00e7\u00f5es \u00e9 um excitante jogo de esquemas ardilosos e combates sanguin\u00e1rios inspirado na s\u00e9rie original da STARZ. Nele cada jogador assume o papel do Dominus de uma Grande Casa competindo por influ\u00eancia na Antiga Roma. Os jogadores lutam por dom\u00ednio lan\u00e7ando m\u00e3o de diplomacia sutil, intrigas complexas e for\u00e7a bruta na Arena. Acabe com as maquina\u00e7\u00f5es dos seus rivais, aumente sua riqueza para obter vantagem no mercado e lance seus gladiadores em ferozes disputas, tudo para alcan\u00e7ar o objetivo de ver sua Casa ascender \u00e0 supremacia.<\/p>\n<p>Em Spartacus, cada jogador assume o papel de um Dominus: o chefe de uma casa proeminente em C\u00e1pua, cidade da Antiga Roma. As casas competem entre si por influ\u00eancia. Lute por dom\u00ednio usando uma combina\u00e7\u00e3o de conspira\u00e7\u00f5es pol\u00edticas e gloriosas batalhas sobre as areias da arena.<\/p>\n<p>Intrigas &amp; Esquemas: Te\u00e7a planos para arruinar seus rivais atrav\u00e9s das cartas de intriga em suas m\u00e3os. Trai\u00e7\u00e3o e deslealdade s\u00e3o suas melhores armas.<\/p>\n<p>Mercado: S\u00e3o os den\u00e1rios que movem as engrenagens do poder. Ofere\u00e7a lances contra seus oponentes no mercado aberto; adquira somente o que h\u00e1 de melhor para a Arena!<\/p>\n<p>Sangue na Areia: Coloque seus campe\u00f5es contra os de seus oponentes e aposte nos resultados. O caminho da vit\u00f3ria se faz pelo solo sagrado da Arena!<\/p>\n<p><iframe loading=\"lazy\" title=\"Desregrando: Spartacus\" width=\"500\" height=\"281\" src=\"https:\/\/www.youtube.com\/embed\/S_I_xx4rijQ?feature=oembed\" frameborder=\"0\" allow=\"accelerometer; autoplay; clipboard-write; encrypted-media; gyroscope; picture-in-picture; web-share\" referrerpolicy=\"strict-origin-when-cross-origin\" allowfullscreen><\/iframe><\/p>\n<h2>Componentes:<\/h2>\n<ul>\n<li>2 livros de regras (um b\u00e1sico e um de expans\u00e3o)<\/li>\n<li>98 cartas de mercado<\/li>\n<li>158 cartas de intriga<\/li>\n<li>7 tabuleiros de casas<\/li>\n<li>227 marcadores (16 de ferimento\/favor, 6 de campe\u00e3o, 1 de anfitri\u00e3o, 28 de casas e 176 den\u00e1rios)<\/li>\n<li>52 dados<\/li>\n<li>9 miniaturas de gladiadores<\/li>\n<li>1 tabuleiro de arena<\/li>\n<li>4 cartas de refer\u00eancia<\/li>\n<\/ul>\n<h2>Regras para o aluguel:<\/h2>\n<ul>\n<li>O per\u00edodo de aluguel inclui a data de entrega e devolu\u00e7\u00e3o do jogo;<\/li>\n<li>O atraso na devolu\u00e7\u00e3o dos jogos, resultar\u00e1 em cobran\u00e7a adicional no valor de um aluguel di\u00e1rio por cada dia de atraso;<\/li>\n<li>Em caso de danos que comprometam a experi\u00eancia do jogo (perda ou avaria de componentes), o cliente dever\u00e1 arcar com os custos da reposi\u00e7\u00e3o dos componentes (quando dispon\u00edveis no mercado) ou aquisi\u00e7\u00e3o de um novo exemplar do jogo.<\/li>\n<\/ul>\n","protected":false},"excerpt":{"rendered":"<p>Seja bem-vindo a um mundo de viol\u00eancia e conspira\u00e7\u00f5es! Spartacus: Um Jogo de Sangue e Trai\u00e7\u00f5es \u00e9 um excitante jogo de esquemas ardilosos e combates&#8230;<\/p>\n<div class=\"more-link-wrapper\"><a class=\"more-link\" href=\"https:\/\/cabanadoelfo.com.br\/loja\/jogo\/spartacus\/\">Read More<span class=\"screen-reader-text\">Spartacus<\/span><\/a><\/div>\n","protected":false},"featured_media":1515,"comment_status":"open","ping_status":"closed","template":"","meta":[],"product_brand":[],"product_cat":[15],"product_tag":[],"class_list":{"0":"post-1514","1":"product","2":"type-product","3":"status-publish","4":"has-post-thumbnail","6":"product_cat-jogos-de-tabuleiro","7":"pa_complexidade-jogos-expert","8":"pa_duracao-150-min","9":"pa_estilo-apostas","10":"pa_estilo-blefe","11":"pa_estilo-grade-hexagonal","12":"pa_estilo-jogadores-com-diferentes-habilidades","13":"pa_estilo-jogo-de-administracao-de-cartas","14":"pa_estilo-leilao","15":"pa_estilo-rolagem-de-dados","16":"pa_idade-435","17":"pa_idioma-ingles","18":"pa_idioma-portugues","19":"pa_jogadores-3-a-6","20":"pa_modo-multijogador-competitivo","21":"pa_tema-adulto","22":"pa_tema-cultura","23":"pa_tema-cultura-pop-ou-geek","24":"pa_tema-historia","25":"pa_tema-politica","26":"entry","28":"first","29":"instock","30":"purchasable","31":"product-type-redq_rental"},"jetpack_sharing_enabled":true,"_links":{"self":[{"href":"https:\/\/cabanadoelfo.com.br\/loja\/wp-json\/wp\/v2\/product\/1514","targetHints":{"allow":["GET"]}}],"collection":[{"href":"https:\/\/cabanadoelfo.com.br\/loja\/wp-json\/wp\/v2\/product"}],"about":[{"href":"https:\/\/cabanadoelfo.com.br\/loja\/wp-json\/wp\/v2\/types\/product"}],"replies":[{"embeddable":true,"href":"https:\/\/cabanadoelfo.com.br\/loja\/wp-json\/wp\/v2\/comments?post=1514"}],"wp:featuredmedia":[{"embeddable":true,"href":"https:\/\/cabanadoelfo.com.br\/loja\/wp-json\/wp\/v2\/media\/1515"}],"wp:attachment":[{"href":"https:\/\/cabanadoelfo.com.br\/loja\/wp-json\/wp\/v2\/media?parent=1514"}],"wp:term":[{"taxonomy":"product_brand","embeddable":true,"href":"https:\/\/cabanadoelfo.com.br\/loja\/wp-json\/wp\/v2\/product_brand?post=1514"},{"taxonomy":"product_cat","embeddable":true,"href":"https:\/\/cabanadoelfo.com.br\/loja\/wp-json\/wp\/v2\/product_cat?post=1514"},{"taxonomy":"product_tag","embeddable":true,"href":"https:\/\/cabanadoelfo.com.br\/loja\/wp-json\/wp\/v2\/product_tag?post=1514"}],"curies":[{"name":"wp","href":"https:\/\/api.w.org\/{rel}","templated":true}]}}