{"id":1475,"date":"2023-07-16T02:32:09","date_gmt":"2023-07-16T05:32:09","guid":{"rendered":"https:\/\/cabanadoelfo.com.br\/loja\/?post_type=product&#038;p=1475"},"modified":"2024-03-11T07:41:19","modified_gmt":"2024-03-11T10:41:19","slug":"bristol-1350","status":"publish","type":"product","link":"https:\/\/cabanadoelfo.com.br\/loja\/jogo\/bristol-1350\/","title":{"rendered":"Bristol 1350"},"content":{"rendered":"<p>A temida peste negra atingiu a cidade de Bristol!<\/p>\n<p>Voc\u00ea percorre as ruas da cidade em uma das 3 carro\u00e7as dispon\u00edveis, desesperado para escapar para a seguran\u00e7a do campo. Se a sua carro\u00e7a for a primeiro a sair da cidade, apenas com alde\u00f5es saud\u00e1veis, voc\u00ea e seus companheiros conseguem escapar e vencem a partida!<\/p>\n<p>No entanto, alguns alde\u00f5es na sua carro\u00e7a podem ter contra\u00eddo a peste pelo caminho! Se isso acontecer, eles far\u00e3o de tudo para esconder os sintomas de voc\u00ea, j\u00e1 que n\u00e3o querem ficar para tr\u00e1s. Se voc\u00ea sair da cidade com um alde\u00e3o doente na sua carro\u00e7a, voc\u00ea contrai a peste e morre!<\/p>\n<p>O que voc\u00ea far\u00e1 para garantir que isso n\u00e3o aconte\u00e7a? E em quem voc\u00ea confiar\u00e1 (ou trair\u00e1) ao longo do caminho? Use qualquer meio ego\u00edsta para sair da cidade o mais r\u00e1pido poss\u00edvel sem a praga \u2013 descubra quem \u00e9 o contaminado e empurre-o para fora da carro\u00e7a antes que seja tarde demais.<\/p>\n<p><iframe loading=\"lazy\" title=\"BRISTOL 1350 - Gameplay Resumida em 10 minutos!\" width=\"500\" height=\"281\" src=\"https:\/\/www.youtube.com\/embed\/pbJvLDGlmBo?feature=oembed\" frameborder=\"0\" allow=\"accelerometer; autoplay; clipboard-write; encrypted-media; gyroscope; picture-in-picture; web-share\" referrerpolicy=\"strict-origin-when-cross-origin\" allowfullscreen><\/iframe><\/p>\n<h2>Componentes:<\/h2>\n<ul>\n<li>1Livreto de Regras<\/li>\n<li>1 Mapa<\/li>\n<li>3\u00a0 Carro\u00e7as<\/li>\n<li>9 Pe\u00f5es<\/li>\n<li>1 Bolsa<\/li>\n<li>6 Dados<\/li>\n<li>9 Cartas de Personagem<\/li>\n<li>27 Cartas de Rem\u00e9dio<\/li>\n<li>32 Cartas de Sintomas<\/li>\n<\/ul>\n<h2>Regras para o aluguel:<\/h2>\n<ul>\n<li>O per\u00edodo de aluguel inclui a data de entrega e devolu\u00e7\u00e3o do jogo;<\/li>\n<li>O atraso na devolu\u00e7\u00e3o dos jogos, resultar\u00e1 em cobran\u00e7a adicional no valor de um aluguel di\u00e1rio por cada dia de atraso;<\/li>\n<li>Em caso de danos que comprometam a experi\u00eancia do jogo (perda ou avaria de componentes), o cliente dever\u00e1 arcar com os custos da reposi\u00e7\u00e3o dos componentes (quando dispon\u00edveis no mercado) ou aquisi\u00e7\u00e3o de um novo exemplar do jogo.<\/li>\n<\/ul>\n","protected":false},"excerpt":{"rendered":"<div class=\"woocommerce-product-details__short-description\">\n<p>O valor corresponde ao aluguel di\u00e1rio do jogo. Consulte as condi\u00e7\u00f5es abaixo.<\/p>\n<p><b>Cole\u00e7\u00e3o Cidades Sombrias: Bristol 1350<\/b><\/p>\n<\/div>\n<div class=\"more-link-wrapper\"><a class=\"more-link\" href=\"https:\/\/cabanadoelfo.com.br\/loja\/jogo\/bristol-1350\/\">Read More<span class=\"screen-reader-text\">Bristol 1350<\/span><\/a><\/div>\n","protected":false},"featured_media":1481,"comment_status":"open","ping_status":"closed","template":"","meta":[],"product_brand":[],"product_cat":[37,86,15],"product_tag":[],"class_list":{"0":"post-1475","1":"product","2":"type-product","3":"status-publish","4":"has-post-thumbnail","6":"product_cat-jogo-de-cartas","7":"product_cat-jogo-de-dados","8":"product_cat-jogos-de-tabuleiro","9":"pa_complexidade-jogos-familiares","10":"pa_designer-holly-hancock","11":"pa_designer-travis-hancock","12":"pa_duracao-20-min","13":"pa_duracao-40-min","14":"pa_editora-galapagos-jogos","15":"pa_estilo-blefe","16":"pa_estilo-deducao","17":"pa_estilo-eliminacao-de-jogadores","18":"pa_estilo-jogadores-com-diferentes-habilidades","19":"pa_estilo-rolagem-de-dados","20":"pa_idade-61","21":"pa_idioma-portugues","22":"pa_jogadores-1-a-9","23":"pa_modo-multijogador-semi-cooperativo","24":"pa_tema-corrida","25":"pa_tema-historia","26":"pa_tema-medieval","27":"pa_tema-transportes","28":"entry","30":"first","31":"instock","32":"purchasable","33":"product-type-redq_rental"},"jetpack_sharing_enabled":true,"_links":{"self":[{"href":"https:\/\/cabanadoelfo.com.br\/loja\/wp-json\/wp\/v2\/product\/1475","targetHints":{"allow":["GET"]}}],"collection":[{"href":"https:\/\/cabanadoelfo.com.br\/loja\/wp-json\/wp\/v2\/product"}],"about":[{"href":"https:\/\/cabanadoelfo.com.br\/loja\/wp-json\/wp\/v2\/types\/product"}],"replies":[{"embeddable":true,"href":"https:\/\/cabanadoelfo.com.br\/loja\/wp-json\/wp\/v2\/comments?post=1475"}],"wp:featuredmedia":[{"embeddable":true,"href":"https:\/\/cabanadoelfo.com.br\/loja\/wp-json\/wp\/v2\/media\/1481"}],"wp:attachment":[{"href":"https:\/\/cabanadoelfo.com.br\/loja\/wp-json\/wp\/v2\/media?parent=1475"}],"wp:term":[{"taxonomy":"product_brand","embeddable":true,"href":"https:\/\/cabanadoelfo.com.br\/loja\/wp-json\/wp\/v2\/product_brand?post=1475"},{"taxonomy":"product_cat","embeddable":true,"href":"https:\/\/cabanadoelfo.com.br\/loja\/wp-json\/wp\/v2\/product_cat?post=1475"},{"taxonomy":"product_tag","embeddable":true,"href":"https:\/\/cabanadoelfo.com.br\/loja\/wp-json\/wp\/v2\/product_tag?post=1475"}],"curies":[{"name":"wp","href":"https:\/\/api.w.org\/{rel}","templated":true}]}}