{"id":1471,"date":"2023-07-16T02:09:09","date_gmt":"2023-07-16T05:09:09","guid":{"rendered":"https:\/\/cabanadoelfo.com.br\/loja\/?post_type=product&#038;p=1471"},"modified":"2024-03-11T07:42:04","modified_gmt":"2024-03-11T10:42:04","slug":"similo-harry-potter","status":"publish","type":"product","link":"https:\/\/cabanadoelfo.com.br\/loja\/jogo\/similo-harry-potter\/","title":{"rendered":"Similo: Harry Potter"},"content":{"rendered":"<p>Este \u00e9 um jogo de dedu\u00e7\u00e3o cooperativo onde todos os jogadores trabalham juntos para identificar o personagem secreto usando um conjunto de Dicas!<\/p>\n<p>Doze personagens do mundo m\u00e1gico de Harry Potter est\u00e3o dispostos na mesa, mas somente um \u00e9 o personagem secreto da rodada. Conseguir\u00e3o os Adivinhadores descobrirem quem \u00e9 o bruxo da vez apenas com as dicas silenciosas de similaridade (ou a falta dela) dadas pelo Informante?<\/p>\n<p>Voc\u00ea tem 5 rodadas para descobrir esse personagem secreto. Descarte-o e todos perdem! O Informante n\u00e3o pode dizer nenhuma palavra&#8230; Ser\u00e1 que voc\u00eas est\u00e3o em sintonia?<\/p>\n<p><iframe loading=\"lazy\" title=\"SIMILO HARRY POTTER | Resumo Voad\u00e3o\" width=\"500\" height=\"281\" src=\"https:\/\/www.youtube.com\/embed\/aS2T90ysZxI?feature=oembed\" frameborder=\"0\" allow=\"accelerometer; autoplay; clipboard-write; encrypted-media; gyroscope; picture-in-picture; web-share\" referrerpolicy=\"strict-origin-when-cross-origin\" allowfullscreen><\/iframe><\/p>\n<h2>Componentes:<\/h2>\n<ul>\n<li>1 Folheto de Regras<\/li>\n<li>39 Cartas de Personagens<\/li>\n<\/ul>\n<h2>Regras para o aluguel:<\/h2>\n<ul>\n<li>O per\u00edodo de aluguel inclui a data de entrega e devolu\u00e7\u00e3o do jogo;<\/li>\n<li>O atraso na devolu\u00e7\u00e3o dos jogos, resultar\u00e1 em cobran\u00e7a adicional no valor de um aluguel di\u00e1rio por cada dia de atraso;<\/li>\n<li>Em caso de danos que comprometam a experi\u00eancia do jogo (perda ou avaria de componentes), o cliente dever\u00e1 arcar com os custos da reposi\u00e7\u00e3o dos componentes (quando dispon\u00edveis no mercado) ou aquisi\u00e7\u00e3o de um novo exemplar do jogo.<\/li>\n<\/ul>\n","protected":false},"excerpt":{"rendered":"<div class=\"woocommerce-product-details__short-description\">\n<p>O valor corresponde ao aluguel di\u00e1rio do jogo. Consulte as condi\u00e7\u00f5es abaixo.<\/p>\n<\/div>\n<div class=\"more-link-wrapper\"><a class=\"more-link\" href=\"https:\/\/cabanadoelfo.com.br\/loja\/jogo\/similo-harry-potter\/\">Read More<span class=\"screen-reader-text\">Similo: Harry Potter<\/span><\/a><\/div>\n","protected":false},"featured_media":1473,"comment_status":"open","ping_status":"closed","template":"","meta":[],"product_brand":[],"product_cat":[37],"product_tag":[],"class_list":{"0":"post-1471","1":"product","2":"type-product","3":"status-publish","4":"has-post-thumbnail","6":"product_cat-jogo-de-cartas","7":"pa_complexidade-jogo-de-entrada","8":"pa_complexidade-jogos-familiares","9":"pa_complexidade-jogo-festivo","10":"pa_complexidade-jogos-infantis","11":"pa_designer-hjalmar-hach","12":"pa_designer-martino-chiacchiera","13":"pa_designer-pierluca-zizzi","14":"pa_duracao-10-min","15":"pa_editora-grok-games","16":"pa_editora-mandala-jogos","17":"pa_estilo-deducao","18":"pa_estilo-jogo-em-equipe","19":"pa_idade-425","20":"pa_idioma-portugues","21":"pa_jogadores-2-a-8","22":"pa_modo-multijogador-cooperativo","23":"pa_tema-cultura-pop-ou-geek","24":"pa_tema-geek","25":"pa_tema-literatura-livros","26":"entry","28":"first","29":"instock","30":"purchasable","31":"product-type-redq_rental"},"jetpack_sharing_enabled":true,"_links":{"self":[{"href":"https:\/\/cabanadoelfo.com.br\/loja\/wp-json\/wp\/v2\/product\/1471","targetHints":{"allow":["GET"]}}],"collection":[{"href":"https:\/\/cabanadoelfo.com.br\/loja\/wp-json\/wp\/v2\/product"}],"about":[{"href":"https:\/\/cabanadoelfo.com.br\/loja\/wp-json\/wp\/v2\/types\/product"}],"replies":[{"embeddable":true,"href":"https:\/\/cabanadoelfo.com.br\/loja\/wp-json\/wp\/v2\/comments?post=1471"}],"wp:featuredmedia":[{"embeddable":true,"href":"https:\/\/cabanadoelfo.com.br\/loja\/wp-json\/wp\/v2\/media\/1473"}],"wp:attachment":[{"href":"https:\/\/cabanadoelfo.com.br\/loja\/wp-json\/wp\/v2\/media?parent=1471"}],"wp:term":[{"taxonomy":"product_brand","embeddable":true,"href":"https:\/\/cabanadoelfo.com.br\/loja\/wp-json\/wp\/v2\/product_brand?post=1471"},{"taxonomy":"product_cat","embeddable":true,"href":"https:\/\/cabanadoelfo.com.br\/loja\/wp-json\/wp\/v2\/product_cat?post=1471"},{"taxonomy":"product_tag","embeddable":true,"href":"https:\/\/cabanadoelfo.com.br\/loja\/wp-json\/wp\/v2\/product_tag?post=1471"}],"curies":[{"name":"wp","href":"https:\/\/api.w.org\/{rel}","templated":true}]}}