{"id":1430,"date":"2023-07-02T21:16:15","date_gmt":"2023-07-03T00:16:15","guid":{"rendered":"https:\/\/cabanadoelfo.com.br\/loja\/?post_type=product&#038;p=1430"},"modified":"2024-09-17T17:23:11","modified_gmt":"2024-09-17T20:23:11","slug":"that-time-you-killed-me","status":"publish","type":"product","link":"https:\/\/cabanadoelfo.com.br\/loja\/jogo\/that-time-you-killed-me\/","title":{"rendered":"That Time You Killed Me"},"content":{"rendered":"<p><iframe loading=\"lazy\" title=\"THAT TIME YOU KILLED ME (Trailer) | Gal\u00e1pagos\" width=\"500\" height=\"281\" src=\"https:\/\/www.youtube.com\/embed\/VeoXCsuchJI?feature=oembed\" frameborder=\"0\" allow=\"accelerometer; autoplay; clipboard-write; encrypted-media; gyroscope; picture-in-picture; web-share\" referrerpolicy=\"strict-origin-when-cross-origin\" allowfullscreen><\/iframe><\/p>\n<p>Voc\u00ea e seu oponente s\u00e3o viajantes do tempo rivais tentando apagar um ao outro da hist\u00f3ria. Para provar que voc\u00ea \u00e9 o \u00fanico verdadeiro inventor da viagem no tempo, voc\u00ea deve usar sua inven\u00e7\u00e3o para encontrar seu inimigo no tempo e mat\u00e1-lo &#8211; antes que ele o pegue!<\/p>\n<p>Infelizmente, uma vez que seu inimigo espalhou muitas c\u00f3pias de si mesmo pela linha do tempo, voc\u00ea pode ter que fazer o terr\u00edvel ato muitas e muitas vezes antes que ele se fixe. Apenas certifique-se de n\u00e3o ser apagado primeiro!<\/p>\n<p>That Time You Killed Me \u00e9 um jogo narrativo abstrato de tempo e assassinato que apresenta novos cen\u00e1rios com regras e componentes exclusivos conforme voc\u00ea joga. Como acontece com qualquer jogo sobre bagun\u00e7a ao longo do tempo, voc\u00ea deve jogar o conte\u00fado em uma ordem estrita e inalter\u00e1vel.<\/p>\n<p><iframe loading=\"lazy\" title=\"That Time You Killed Me - O xadrez com viagem no tempo | Aprenda Rapid\u00e3o | Regras e opini\u00f5es\" width=\"500\" height=\"281\" src=\"https:\/\/www.youtube.com\/embed\/DVhAZpFlKl4?feature=oembed\" frameborder=\"0\" allow=\"accelerometer; autoplay; clipboard-write; encrypted-media; gyroscope; picture-in-picture; web-share\" referrerpolicy=\"strict-origin-when-cross-origin\" allowfullscreen><\/iframe><\/p>\n<h2>Componentes:<\/h2>\n<ul>\n<li>3 tabuleiros de era<\/li>\n<li>2 fichas de foco do jogador<\/li>\n<li>14 pe\u00e7as do jogador<\/li>\n<li>4 caixas de cap\u00edtulo<\/li>\n<\/ul>\n<h2>Regras para o aluguel:<\/h2>\n<ul>\n<li>O per\u00edodo de aluguel inclui a data de entrega e devolu\u00e7\u00e3o do jogo;<\/li>\n<li>O atraso na devolu\u00e7\u00e3o dos jogos, resultar\u00e1 em cobran\u00e7a adicional no valor de um aluguel di\u00e1rio por cada dia de atraso;<\/li>\n<li>Em caso de danos que comprometam a experi\u00eancia do jogo (perda ou avaria de componentes), o cliente dever\u00e1 arcar com os custos da reposi\u00e7\u00e3o dos componentes (quando dispon\u00edveis no mercado) ou aquisi\u00e7\u00e3o de um novo exemplar do jogo.<\/li>\n<\/ul>\n","protected":false},"excerpt":{"rendered":"<div class=\"woocommerce-product-details__short-description\">\n<p>Imagine-se como um viajante do tempo, rival de outro inventor que alega ter criado a viagem temporal. Em That Time You Killed Me, voc\u00ea precisar\u00e1 provar que \u00e9 o verdadeiro criador da inven\u00e7\u00e3o ou ser apagado da hist\u00f3ria tentando! Com um design baseado em xadrez 4D, \u00e9 uma experi\u00eancia \u00fanica para f\u00e3s de jogos abstratos e de duelo.<\/p>\n<p>Com tr\u00eas tabuleiros diferentes representando o passado, presente e futuro, voc\u00ea precisa dominar pelo menos dois desses tabuleiros e eliminar seu oponente deles, empurrando-o para fora do tabuleiro.<\/p>\n<\/div>\n<div class=\"more-link-wrapper\"><a class=\"more-link\" href=\"https:\/\/cabanadoelfo.com.br\/loja\/jogo\/that-time-you-killed-me\/\">Read More<span class=\"screen-reader-text\">That Time You Killed Me<\/span><\/a><\/div>\n","protected":false},"featured_media":1431,"comment_status":"open","ping_status":"closed","template":"","meta":[],"product_brand":[],"product_cat":[15],"product_tag":[],"class_list":{"0":"post-1430","1":"product","2":"type-product","3":"status-publish","4":"has-post-thumbnail","6":"product_cat-jogos-de-tabuleiro","7":"pa_complexidade-jogos-familiares","8":"pa_designer-peter-c-hayward","9":"pa_duracao-30-min","10":"pa_editora-galapagos-jogos","11":"pa_estilo-eliminacao-de-jogadores","12":"pa_estilo-movimento-em-grade","13":"pa_idade-35","14":"pa_idioma-portugues","15":"pa_jogadores-205","16":"pa_modo-multijogador-competitivo","17":"pa_tema-ciencias","18":"pa_tema-estrategia","19":"pa_tema-estrategia-abstrata","20":"pa_tema-ficcao-cientifica","21":"entry","23":"first","24":"instock","25":"purchasable","26":"product-type-redq_rental"},"jetpack_sharing_enabled":true,"_links":{"self":[{"href":"https:\/\/cabanadoelfo.com.br\/loja\/wp-json\/wp\/v2\/product\/1430","targetHints":{"allow":["GET"]}}],"collection":[{"href":"https:\/\/cabanadoelfo.com.br\/loja\/wp-json\/wp\/v2\/product"}],"about":[{"href":"https:\/\/cabanadoelfo.com.br\/loja\/wp-json\/wp\/v2\/types\/product"}],"replies":[{"embeddable":true,"href":"https:\/\/cabanadoelfo.com.br\/loja\/wp-json\/wp\/v2\/comments?post=1430"}],"wp:featuredmedia":[{"embeddable":true,"href":"https:\/\/cabanadoelfo.com.br\/loja\/wp-json\/wp\/v2\/media\/1431"}],"wp:attachment":[{"href":"https:\/\/cabanadoelfo.com.br\/loja\/wp-json\/wp\/v2\/media?parent=1430"}],"wp:term":[{"taxonomy":"product_brand","embeddable":true,"href":"https:\/\/cabanadoelfo.com.br\/loja\/wp-json\/wp\/v2\/product_brand?post=1430"},{"taxonomy":"product_cat","embeddable":true,"href":"https:\/\/cabanadoelfo.com.br\/loja\/wp-json\/wp\/v2\/product_cat?post=1430"},{"taxonomy":"product_tag","embeddable":true,"href":"https:\/\/cabanadoelfo.com.br\/loja\/wp-json\/wp\/v2\/product_tag?post=1430"}],"curies":[{"name":"wp","href":"https:\/\/api.w.org\/{rel}","templated":true}]}}