{"id":137,"date":"2020-11-15T19:01:13","date_gmt":"2020-11-15T22:01:13","guid":{"rendered":"https:\/\/bloopix.com.br\/cabt2\/loja\/?post_type=product&#038;p=137"},"modified":"2024-04-20T13:59:03","modified_gmt":"2024-04-20T16:59:03","slug":"dice-forge","status":"publish","type":"product","link":"https:\/\/cabanadoelfo.com.br\/loja\/jogo\/dice-forge\/","title":{"rendered":"Dice Forge"},"content":{"rendered":"<p>Conquiste seu espa\u00e7o entre os deuses.<br \/>\nParab\u00e9ns, seja bem-vindo ao reino dos deuses. Sua coragem e intelig\u00eancia te guiaram at\u00e9 n\u00f3s. Mas isso \u00e9 s\u00f3 o come\u00e7o.<br \/>\nSempre em busca de divers\u00e3o para combater o t\u00e9dio, os deuses est\u00e3o organizando um torneio em que her\u00f3is competir\u00e3o para se tornarem semideuses! Para alcan\u00e7ar essa recompensa final, os her\u00f3is devem dominar dados m\u00e1gicos enquanto enfrentam gloriosas provas em ilhas celestiais e fazem oferendas no templo divino. Tudo o que resta \u00e9 encontrar alguns her\u00f3is competentes para fazer bonito.<br \/>\nEm Dice Forge, cada her\u00f3i recebe dois dados com faces remov\u00edveis que ele pode modificar e aprimorar durante o jogo. Por meio desse processo de customiza\u00e7\u00e3o, os her\u00f3is canalizam o poder aleat\u00f3rio dos dados para controlar seus destinos!<br \/>\nCom cada rolar de dados, os her\u00f3is coletam recursos e abrem um leque de possibilidades. Eles se tornam mais poderosos ao comprar novas faces para aprimorar seus dados. Para ganhar mais recompensas e gl\u00f3ria, eles tamb\u00e9m devem enfrentar provas elaboradas pelos deuses.<br \/>\nOs dados divinos dos her\u00f3is s\u00e3o seus aliados mais valiosos em sua busca por um lugar no pante\u00e3o.<br \/>\nHer\u00f3is &#8211; Preparem-se para controlar a sorte dos dados e vencer esse jogo m\u00e1gico e competitivo.<\/p>\n<p><iframe loading=\"lazy\" title=\"DICE FORGE | REGRAS #42\" width=\"500\" height=\"281\" src=\"https:\/\/www.youtube.com\/embed\/QbmjDZnHGzE?feature=oembed\" frameborder=\"0\" allow=\"accelerometer; autoplay; clipboard-write; encrypted-media; gyroscope; picture-in-picture; web-share\" referrerpolicy=\"strict-origin-when-cross-origin\" allowfullscreen><\/iframe><\/p>\n<h2>Componentes:<\/h2>\n<ul>\n<li>1 Folheto de Regras<\/li>\n<li>1 Folheto de Aux\u00edlio ao Her\u00f3i<\/li>\n<li>1 Tabuleiro de Templo<\/li>\n<li>1 Capa &#8220;Templo&#8221;<\/li>\n<li>1 Tabuleiro de Ilha<\/li>\n<li>4 Invent\u00e1rios de Her\u00f3is<\/li>\n<li>20 Marcadores Coloridos de Recursos (5 de cada cor)<\/li>\n<li>8 Bases de &#8220;Dados Divinos&#8221; (4 claras e 4 escuras)<\/li>\n<li>108 Faces de Dado (60 para o Templo e 48 para os dados)<\/li>\n<li>1 Ficha de Primeiro Jogador<\/li>\n<li>1 Marcador de Rodadas<\/li>\n<li>4 Fichas de Martelo<\/li>\n<li>4 Fichas de Ba\u00fa<\/li>\n<li>8 Fichas de Uso \u00danico (4 de C\u00e9rbero e 4 de Trit\u00e3o)<\/li>\n<li>8 Fichas de &#8220;100 Pontos de Gl\u00f3ria&#8221;<\/li>\n<li>4 Miniaturas de Her\u00f3i<\/li>\n<li>96 Cartas de &#8220;Ato Heroico&#8221; (24 de cada tipo &#8211; 15 introdut\u00f3rias e 9 veteranas)<\/li>\n<\/ul>\n<h2>Regras para o aluguel:<\/h2>\n<ul>\n<li>O per\u00edodo de aluguel inclui a data de entrega e devolu\u00e7\u00e3o do jogo;<\/li>\n<li>O atraso na devolu\u00e7\u00e3o dos jogos, resultar\u00e1 em cobran\u00e7a adicional no valor de um aluguel di\u00e1rio por cada dia de atraso;<\/li>\n<li>Em caso de danos que comprometam a experi\u00eancia do jogo (perda ou avaria de componentes), o cliente dever\u00e1 arcar com os custos da reposi\u00e7\u00e3o dos componentes (quando dispon\u00edveis no mercado) ou aquisi\u00e7\u00e3o de um novo exemplar do jogo.<\/li>\n<\/ul>\n","protected":false},"excerpt":{"rendered":"<p>O valor corresponde ao aluguel di\u00e1rio do jogo. Consulte as condi\u00e7\u00f5es abaixo.<\/p>\n<div class=\"more-link-wrapper\"><a class=\"more-link\" href=\"https:\/\/cabanadoelfo.com.br\/loja\/jogo\/dice-forge\/\">Read More<span class=\"screen-reader-text\">Dice Forge<\/span><\/a><\/div>\n","protected":false},"featured_media":210,"comment_status":"open","ping_status":"closed","template":"","meta":[],"product_brand":[],"product_cat":[86,15],"product_tag":[],"class_list":{"0":"post-137","1":"product","2":"type-product","3":"status-publish","4":"has-post-thumbnail","6":"product_cat-jogo-de-dados","7":"product_cat-jogos-de-tabuleiro","8":"pa_complexidade-jogos-familiares","9":"pa_designer-regis-bonnessee","10":"pa_duracao-45-min","11":"pa_editora-galapagos-jogos","12":"pa_estilo-construcao-de-baralho-pecas","13":"pa_estilo-rolagem-de-dados","14":"pa_idade-35","15":"pa_idioma-portugues","16":"pa_jogadores-2-a-4","17":"pa_modo-multijogador-competitivo","18":"pa_tema-fantasia","19":"entry","21":"first","22":"instock","23":"purchasable","24":"product-type-redq_rental"},"jetpack_sharing_enabled":true,"_links":{"self":[{"href":"https:\/\/cabanadoelfo.com.br\/loja\/wp-json\/wp\/v2\/product\/137","targetHints":{"allow":["GET"]}}],"collection":[{"href":"https:\/\/cabanadoelfo.com.br\/loja\/wp-json\/wp\/v2\/product"}],"about":[{"href":"https:\/\/cabanadoelfo.com.br\/loja\/wp-json\/wp\/v2\/types\/product"}],"replies":[{"embeddable":true,"href":"https:\/\/cabanadoelfo.com.br\/loja\/wp-json\/wp\/v2\/comments?post=137"}],"wp:featuredmedia":[{"embeddable":true,"href":"https:\/\/cabanadoelfo.com.br\/loja\/wp-json\/wp\/v2\/media\/210"}],"wp:attachment":[{"href":"https:\/\/cabanadoelfo.com.br\/loja\/wp-json\/wp\/v2\/media?parent=137"}],"wp:term":[{"taxonomy":"product_brand","embeddable":true,"href":"https:\/\/cabanadoelfo.com.br\/loja\/wp-json\/wp\/v2\/product_brand?post=137"},{"taxonomy":"product_cat","embeddable":true,"href":"https:\/\/cabanadoelfo.com.br\/loja\/wp-json\/wp\/v2\/product_cat?post=137"},{"taxonomy":"product_tag","embeddable":true,"href":"https:\/\/cabanadoelfo.com.br\/loja\/wp-json\/wp\/v2\/product_tag?post=137"}],"curies":[{"name":"wp","href":"https:\/\/api.w.org\/{rel}","templated":true}]}}