{"id":136,"date":"2020-11-15T15:16:06","date_gmt":"2020-11-15T18:16:06","guid":{"rendered":"https:\/\/bloopix.com.br\/cabt2\/loja\/?post_type=product&#038;p=136"},"modified":"2024-05-05T19:07:36","modified_gmt":"2024-05-05T22:07:36","slug":"terraforming-mars","status":"publish","type":"product","link":"https:\/\/cabanadoelfo.com.br\/loja\/jogo\/terraforming-mars\/","title":{"rendered":"Terraforming Mars"},"content":{"rendered":"<p>Em Terraforming Mars voc\u00ea joga com uma dessas corpora\u00e7\u00f5es e trabalha em conjunto no processo de terraforma\u00e7\u00e3o, mas compete para obter pontos de vit\u00f3ria que s\u00e3o concedidos n\u00e3o s\u00f3 pela sua contribui\u00e7\u00e3o para a terraforma\u00e7\u00e3o, mas tamb\u00e9m pelo avan\u00e7o da infraestrutura humana ao longo dos sistemas solares, e faz tamb\u00e9m outras coisas louv\u00e1veis.<\/p>\n<p><strong>Vencedor do Pr\u00eamio Ludopedia Jogo Expert do Ano 2017 &#8211; Voto Popular<\/strong><\/p>\n<p><iframe loading=\"lazy\" title=\"TERRAFORMING MARS | REGRAS #31\" width=\"500\" height=\"281\" src=\"https:\/\/www.youtube.com\/embed\/PIaWaSncx8M?feature=oembed\" frameborder=\"0\" allow=\"accelerometer; autoplay; clipboard-write; encrypted-media; gyroscope; picture-in-picture; web-share\" referrerpolicy=\"strict-origin-when-cross-origin\" allowfullscreen><\/iframe><\/p>\n<h2>Componentes:<\/h2>\n<ul>\n<li>1 Manual de Regras<\/li>\n<li>1 Tabuleiro de Marte<\/li>\n<li>5 Tabuleiros Pessoais<\/li>\n<li>17 Cartas de Corpora\u00e7\u00e3o<\/li>\n<li>208 Cartas de Projeto<\/li>\n<li>8 Cartas de Refer\u00eancia<\/li>\n<li>200 Marcadores Pessoais (cubos transparentes, 5 cores)<\/li>\n<li>200 Marcadores de Recursos (cubos opacos de diferentes tamanhos, 3 cores)<\/li>\n<li>3 Marcadores para o Tabuleiro de Marte (cubos grandes e brancos)<\/li>\n<li>9 Tiles de Oceano<\/li>\n<li>60 Tiles de Vegeta\u00e7\u00e3o\/Cidade<\/li>\n<li>11 Tiles Especiais<\/li>\n<li>1 Marcador de Primeiro Jogador<\/li>\n<\/ul>\n<h2>Regras para o aluguel:<\/h2>\n<ul>\n<li>O per\u00edodo de aluguel inclui a data de entrega e devolu\u00e7\u00e3o do jogo;<\/li>\n<li>O atraso na devolu\u00e7\u00e3o dos jogos, resultar\u00e1 em cobran\u00e7a adicional no valor de um aluguel di\u00e1rio por cada dia de atraso;<\/li>\n<li>Em caso de danos que comprometam a experi\u00eancia do jogo (perda ou avaria de componentes), o cliente dever\u00e1 arcar com os custos da reposi\u00e7\u00e3o dos componentes (quando dispon\u00edveis no mercado) ou aquisi\u00e7\u00e3o de um novo exemplar do jogo.<\/li>\n<\/ul>\n","protected":false},"excerpt":{"rendered":"<p>Nos anos de 2400, a humanidade come\u00e7a a terraformar o planeta Marte. Corpora\u00e7\u00f5es gigantes, patrocinadas pelo Governo Mundial na Terra, iniciam grandes projetos para aumentar a temperatura, o n\u00edvel de oxig\u00eanio e a cobertura do oceano at\u00e9 que o ambiente se torne habit\u00e1vel.<\/p>\n<div class=\"more-link-wrapper\"><a class=\"more-link\" href=\"https:\/\/cabanadoelfo.com.br\/loja\/jogo\/terraforming-mars\/\">Read More<span class=\"screen-reader-text\">Terraforming Mars<\/span><\/a><\/div>\n","protected":false},"featured_media":300,"comment_status":"open","ping_status":"closed","template":"","meta":[],"product_brand":[],"product_cat":[37,15],"product_tag":[],"class_list":{"0":"post-136","1":"product","2":"type-product","3":"status-publish","4":"has-post-thumbnail","6":"product_cat-jogo-de-cartas","7":"product_cat-jogos-de-tabuleiro","8":"pa_complexidade-jogos-expert","9":"pa_designer-jacob-fryxelius","10":"pa_duracao-120-min","11":"pa_editora-meeple-br-jogos","12":"pa_estilo-colecionar-componentes","13":"pa_estilo-colocacao-de-pecas","14":"pa_estilo-gestao-de-mao","15":"pa_estilo-jogadores-com-diferentes-habilidades","16":"pa_estilo-selecao-de-cartas","17":"pa_idade-51","18":"pa_idioma-portugues","19":"pa_jogadores-1-a-5","20":"pa_modo-multijogador-competitivo","21":"pa_tema-biologia","22":"pa_tema-ciencias","23":"pa_tema-economia-producao","24":"pa_tema-ficcao-cientifica","25":"entry","27":"first","28":"instock","29":"purchasable","30":"product-type-redq_rental"},"jetpack_sharing_enabled":true,"_links":{"self":[{"href":"https:\/\/cabanadoelfo.com.br\/loja\/wp-json\/wp\/v2\/product\/136","targetHints":{"allow":["GET"]}}],"collection":[{"href":"https:\/\/cabanadoelfo.com.br\/loja\/wp-json\/wp\/v2\/product"}],"about":[{"href":"https:\/\/cabanadoelfo.com.br\/loja\/wp-json\/wp\/v2\/types\/product"}],"replies":[{"embeddable":true,"href":"https:\/\/cabanadoelfo.com.br\/loja\/wp-json\/wp\/v2\/comments?post=136"}],"wp:featuredmedia":[{"embeddable":true,"href":"https:\/\/cabanadoelfo.com.br\/loja\/wp-json\/wp\/v2\/media\/300"}],"wp:attachment":[{"href":"https:\/\/cabanadoelfo.com.br\/loja\/wp-json\/wp\/v2\/media?parent=136"}],"wp:term":[{"taxonomy":"product_brand","embeddable":true,"href":"https:\/\/cabanadoelfo.com.br\/loja\/wp-json\/wp\/v2\/product_brand?post=136"},{"taxonomy":"product_cat","embeddable":true,"href":"https:\/\/cabanadoelfo.com.br\/loja\/wp-json\/wp\/v2\/product_cat?post=136"},{"taxonomy":"product_tag","embeddable":true,"href":"https:\/\/cabanadoelfo.com.br\/loja\/wp-json\/wp\/v2\/product_tag?post=136"}],"curies":[{"name":"wp","href":"https:\/\/api.w.org\/{rel}","templated":true}]}}