{"id":1313,"date":"2023-05-01T15:37:36","date_gmt":"2023-05-01T18:37:36","guid":{"rendered":"https:\/\/cabanadoelfo.com.br\/loja\/?post_type=product&#038;p=1313"},"modified":"2024-09-17T17:28:00","modified_gmt":"2024-09-17T20:28:00","slug":"papua","status":"publish","type":"product","link":"https:\/\/cabanadoelfo.com.br\/loja\/jogo\/papua\/","title":{"rendered":"Papua"},"content":{"rendered":"<p>Neste jogo os jogadores assumem o papel de l\u00edderes de expedi\u00e7\u00e3o encarregados de pesquisar na ilha de Papua. Eles ter\u00e3o que gerenciar seus cientistas e atribu\u00ed-los a v\u00e1rias tarefas: cultivar boas rela\u00e7\u00f5es com os nativos a fim de obter sua ajuda para a expedi\u00e7\u00e3o, para garantir que todos sejam alimentados no final do dia! Mas o mais importante \u00e9 que eles trabalhar\u00e3o para reunir a mais incr\u00edvel cole\u00e7\u00e3o de novas descobertas, com lances secretos para surpreender o mundo em geral.<\/p>\n<p><iframe loading=\"lazy\" title=\"Regras e Review - PAPUA - Na Mesa #229\" width=\"500\" height=\"281\" src=\"https:\/\/www.youtube.com\/embed\/RrlXVT2z7ns?feature=oembed\" frameborder=\"0\" allow=\"accelerometer; autoplay; clipboard-write; encrypted-media; gyroscope; picture-in-picture; web-share\" referrerpolicy=\"strict-origin-when-cross-origin\" allowfullscreen><\/iframe><\/p>\n<h2>Componentes:<\/h2>\n<ul>\n<li>1 Manual de Regras<\/li>\n<li>1 Tabuleiro<\/li>\n<li>4 Escudos do Jogador<\/li>\n<li>10 Dados<\/li>\n<li>60 Exploradores (15 de cada cor)<\/li>\n<li>12 Pe\u00e7as de Madeira: Prest\u00edgio, Cabana e Energia (3 de cada cor)<\/li>\n<li>14 Marcadores de Log\u00edstica<\/li>\n<li>30 Marcadores de Comida<\/li>\n<li>40 Moedas de Papel\u00e3o<\/li>\n<li>5 Marcadores de Zona 91, 2, 3, 4 e 5)<\/li>\n<li>\u00a01 Marcador de Zona Proibida (X)<\/li>\n<li>35 Cartas de Expedi\u00e7\u00e3o<\/li>\n<li>18 Cartas de Di\u00e1rio de Campo<\/li>\n<li>7 Cartas de Ci\u00eancia<\/li>\n<\/ul>\n<h2>Regras para o aluguel:<\/h2>\n<ul>\n<li>O per\u00edodo de aluguel inclui a data de entrega e devolu\u00e7\u00e3o do jogo;<\/li>\n<li>O atraso na devolu\u00e7\u00e3o dos jogos, resultar\u00e1 em cobran\u00e7a adicional no valor de um aluguel di\u00e1rio por cada dia de atraso;<\/li>\n<li>Em caso de danos que comprometam a experi\u00eancia do jogo (perda ou avaria de componentes), o cliente dever\u00e1 arcar com os custos da reposi\u00e7\u00e3o dos componentes (quando dispon\u00edveis no mercado) ou aquisi\u00e7\u00e3o de um novo exemplar do jogo.<\/li>\n<\/ul>\n","protected":false},"excerpt":{"rendered":"<div class=\"woocommerce-product-details__short-description\">\n<p>No final do s\u00e9culo XIX, a ilha remota de Papua, no Oceano Pac\u00edfico, continua desconhecida. P\u00e1ssaros de v\u00e1rias cores, insetos estranhos, plantas ex\u00f3ticas, tribos nativas e perigos diversos aguardam as almas corajosas que desejam explorar as suas maravilhas.<\/p>\n<p>Lidere a sua pr\u00f3pria expedi\u00e7\u00e3o cient\u00edfica! Enfrente perigos, organize a sua equipe, e procure realizar as mais incr\u00edveis descobertas. Ganhe prest\u00edgio e encante o mundo!<\/p>\n<\/div>\n<div class=\"more-link-wrapper\"><a class=\"more-link\" href=\"https:\/\/cabanadoelfo.com.br\/loja\/jogo\/papua\/\">Read More<span class=\"screen-reader-text\">Papua<\/span><\/a><\/div>\n","protected":false},"featured_media":1314,"comment_status":"open","ping_status":"closed","template":"","meta":[],"product_brand":[],"product_cat":[37,86,15],"product_tag":[],"class_list":{"0":"post-1313","1":"product","2":"type-product","3":"status-publish","4":"has-post-thumbnail","6":"product_cat-jogo-de-cartas","7":"product_cat-jogo-de-dados","8":"product_cat-jogos-de-tabuleiro","9":"pa_complexidade-jogos-expert","10":"pa_complexidade-jogos-familiares","11":"pa_designer-diego-ibanez","12":"pa_designer-javier-garcia","13":"pa_duracao-75-min","14":"pa_editora-devir","15":"pa_estilo-alocacao-de-trabalhadores","16":"pa_estilo-colecionar-conjuntos","17":"pa_estilo-jogadores-com-diferentes-habilidades","18":"pa_estilo-leilao","19":"pa_estilo-movimento-programado","20":"pa_estilo-rolagem-de-dados","21":"pa_estilo-sistema-de-pontos-de-acao","22":"pa_idade-35","23":"pa_idioma-portugues","24":"pa_jogadores-2-a-4","25":"pa_modo-multijogador-competitivo","26":"pa_tema-aventura","27":"pa_tema-civilizacao","28":"pa_tema-historia","29":"entry","31":"first","32":"instock","33":"purchasable","34":"product-type-redq_rental"},"jetpack_sharing_enabled":true,"_links":{"self":[{"href":"https:\/\/cabanadoelfo.com.br\/loja\/wp-json\/wp\/v2\/product\/1313","targetHints":{"allow":["GET"]}}],"collection":[{"href":"https:\/\/cabanadoelfo.com.br\/loja\/wp-json\/wp\/v2\/product"}],"about":[{"href":"https:\/\/cabanadoelfo.com.br\/loja\/wp-json\/wp\/v2\/types\/product"}],"replies":[{"embeddable":true,"href":"https:\/\/cabanadoelfo.com.br\/loja\/wp-json\/wp\/v2\/comments?post=1313"}],"wp:featuredmedia":[{"embeddable":true,"href":"https:\/\/cabanadoelfo.com.br\/loja\/wp-json\/wp\/v2\/media\/1314"}],"wp:attachment":[{"href":"https:\/\/cabanadoelfo.com.br\/loja\/wp-json\/wp\/v2\/media?parent=1313"}],"wp:term":[{"taxonomy":"product_brand","embeddable":true,"href":"https:\/\/cabanadoelfo.com.br\/loja\/wp-json\/wp\/v2\/product_brand?post=1313"},{"taxonomy":"product_cat","embeddable":true,"href":"https:\/\/cabanadoelfo.com.br\/loja\/wp-json\/wp\/v2\/product_cat?post=1313"},{"taxonomy":"product_tag","embeddable":true,"href":"https:\/\/cabanadoelfo.com.br\/loja\/wp-json\/wp\/v2\/product_tag?post=1313"}],"curies":[{"name":"wp","href":"https:\/\/api.w.org\/{rel}","templated":true}]}}