{"id":1302,"date":"2023-05-01T02:42:37","date_gmt":"2023-05-01T05:42:37","guid":{"rendered":"https:\/\/cabanadoelfo.com.br\/loja\/?post_type=product&#038;p=1302"},"modified":"2025-03-14T17:26:38","modified_gmt":"2025-03-14T20:26:38","slug":"carnival-zombie","status":"publish","type":"product","link":"https:\/\/cabanadoelfo.com.br\/loja\/jogo\/carnival-zombie\/","title":{"rendered":"Carnival Zombie"},"content":{"rendered":"<p>Esta edi\u00e7\u00e3o inclui novos cen\u00e1rios que permitir\u00e3o enfrentar desafios totalmente novos! Algumas das caracter\u00edsticas que voc\u00ea encontrar\u00e1 nos cen\u00e1rios s\u00e3o o cen\u00e1rio tutorial, jogos mais curtos e mais dif\u00edceis, mec\u00e2nica do traidor, escalabilidade (n\u00famero vari\u00e1vel de personagens, um personagem para cada jogador), jogo competitivo, mais destreza e cen\u00e1rios apenas noturnos! Os finais tamb\u00e9m podem ser jogadas como cen\u00e1rios independentes!<\/p>\n<p><iframe loading=\"lazy\" title=\"CARNIVAL ZOMBIE - Melhor Jogo de Zumbis ?\" width=\"500\" height=\"281\" src=\"https:\/\/www.youtube.com\/embed\/ZyyQZduENPA?feature=oembed\" frameborder=\"0\" allow=\"accelerometer; autoplay; clipboard-write; encrypted-media; gyroscope; picture-in-picture; web-share\" referrerpolicy=\"strict-origin-when-cross-origin\" allowfullscreen><\/iframe><\/p>\n<h2>Componentes:<\/h2>\n<ul>\n<li>1 Manual de Regras<\/li>\n<li>1 Tabuleiro<\/li>\n<li>6 Miniaturas de Personagem<\/li>\n<li>10 Miniaturas de Chefe<\/li>\n<li>6 Fichas de Personagem<\/li>\n<li>6 Refer\u00eancias do Jogador<\/li>\n<li>11 Guias<br \/>\n\u2013 1 Guia de Refer\u00eancia<br \/>\n\u2013 5 Guias de Final<br \/>\n\u2013 5\u00a0Guias de Cen\u00e1rio<\/li>\n<li>1 Saquinho (abismo)<\/li>\n<li>89 Cartas<br \/>\n\u2013 60 Cartas de Item (10 por personagem)<br \/>\n\u2013 18 Cartas de Pesadelo<br \/>\n\u2013 10 Cartas de Chefe<br \/>\n\u2013 1 Carta do Carnifex<\/li>\n<li>199 Cubos<br \/>\n\u2013 45 Cubos Verdes<br \/>\n\u2013 35 Cubos Brancos<br \/>\n\u2013 35 Cubos Roxos<br \/>\n\u2013 25 Cubos Cinzas<br \/>\n\u2013 24 Cubos Marrons<br \/>\n\u2013 15 Cubos Vermelhos<br \/>\n\u2013 10 Cubos Azuis<br \/>\n\u2013 6 Cubos Pretos<br \/>\n\u2013 4 Cubos Amarelos<\/li>\n<li>6 Totens de Personagem<\/li>\n<li>10 Totens de Chefe<\/li>\n<li>16 Suportes de Pl\u00e1stico<\/li>\n<li>6 Marcadores de Estresse<\/li>\n<li>1 Marcador do Calend\u00e1rio<\/li>\n<li>1 Marcador do Rel\u00f3gio<\/li>\n<li>1 Marcador do Grupo<\/li>\n<li>1 Marcador da Santa Granada<\/li>\n<li>1 Marcador da Senda<\/li>\n<li>8 Pe\u00e7as de Obst\u00e1culo<\/li>\n<li>4 Pe\u00e7as de Fortifica\u00e7\u00e3o<\/li>\n<li>1 Pe\u00e7a Pilha de Corpos\/Barco<\/li>\n<li>1 Pe\u00e7a Ponte\/Cemit\u00e9rio<\/li>\n<li>6 Marcadores de Sumidouro<\/li>\n<li>6 Marcadores de Cen\u00e1rio<\/li>\n<li>7 Marcadores de Ben\u00e7\u00e3o<\/li>\n<li>4 Marcadores de Barco<\/li>\n<li>3 Marcadores de Ordem<\/li>\n<\/ul>\n<h2>Regras para o aluguel:<\/h2>\n<ul>\n<li>O per\u00edodo de aluguel inclui a data de entrega e devolu\u00e7\u00e3o do jogo;<\/li>\n<li>O atraso na devolu\u00e7\u00e3o dos jogos, resultar\u00e1 em cobran\u00e7a adicional no valor de um aluguel di\u00e1rio por cada dia de atraso;<\/li>\n<li>Em caso de danos que comprometam a experi\u00eancia do jogo (perda ou avaria de componentes), o cliente dever\u00e1 arcar com os custos da reposi\u00e7\u00e3o dos componentes (quando dispon\u00edveis no mercado) ou aquisi\u00e7\u00e3o de um novo exemplar do jogo.<\/li>\n<\/ul>\n","protected":false},"excerpt":{"rendered":"<div class=\"woocommerce-product-details__short-description\">\n<p>Carnival Zombie \u00e9 um jogo de tabuleiro cooperativo para 1 a 6 jogadores, seguindo um grupo de personagens que est\u00e3o fugindo em terra firme de uma Veneza afundando e invadida por zumbis. Os jogadores controlam esse grupo de her\u00f3is enquanto lutam para encontrar uma das poss\u00edveis rotas de fuga para fora da cidade. Durante a noite eles enfrentam hordas de zumbis inquietos, enquanto durante o dia eles se recuperam, se movem ou buscam por itens \u00fateis e sobreviventes.<\/p>\n<\/div>\n<div class=\"more-link-wrapper\"><a class=\"more-link\" href=\"https:\/\/cabanadoelfo.com.br\/loja\/jogo\/carnival-zombie\/\">Read More<span class=\"screen-reader-text\">Carnival Zombie<\/span><\/a><\/div>\n","protected":false},"featured_media":1310,"comment_status":"open","ping_status":"closed","template":"","meta":[],"product_brand":[],"product_cat":[37,15],"product_tag":[],"class_list":{"0":"post-1302","1":"product","2":"type-product","3":"status-publish","4":"has-post-thumbnail","6":"product_cat-jogo-de-cartas","7":"product_cat-jogos-de-tabuleiro","8":"pa_complexidade-jogos-expert","9":"pa_designer-claudio-jones-padovani","10":"pa_designer-matteo-santus","11":"pa_duracao-120-min","12":"pa_duracao-90-min","13":"pa_editora-funbox-jogos","14":"pa_estilo-cerco-de-area","15":"pa_estilo-jogadores-com-diferentes-habilidades","16":"pa_estilo-jogo-em-equipe","17":"pa_estilo-movimento-de-area","18":"pa_estilo-movimento-ponto-a-ponto","19":"pa_estilo-movimento-programado","20":"pa_estilo-sistema-de-pontos-de-acao","21":"pa_idade-51","22":"pa_idioma-portugues","23":"pa_jogadores-1-a-6","24":"pa_modo-multijogador-cooperativo","25":"pa_modo-multijogador-semi-cooperativo","26":"pa_tema-aventura","27":"pa_tema-estrategia","28":"pa_tema-fantasia","29":"pa_tema-horror","30":"pa_tema-luta-artes-marciais","31":"pa_tema-zumbis","32":"entry","34":"first","35":"instock","36":"purchasable","37":"product-type-redq_rental"},"jetpack_sharing_enabled":true,"_links":{"self":[{"href":"https:\/\/cabanadoelfo.com.br\/loja\/wp-json\/wp\/v2\/product\/1302","targetHints":{"allow":["GET"]}}],"collection":[{"href":"https:\/\/cabanadoelfo.com.br\/loja\/wp-json\/wp\/v2\/product"}],"about":[{"href":"https:\/\/cabanadoelfo.com.br\/loja\/wp-json\/wp\/v2\/types\/product"}],"replies":[{"embeddable":true,"href":"https:\/\/cabanadoelfo.com.br\/loja\/wp-json\/wp\/v2\/comments?post=1302"}],"wp:featuredmedia":[{"embeddable":true,"href":"https:\/\/cabanadoelfo.com.br\/loja\/wp-json\/wp\/v2\/media\/1310"}],"wp:attachment":[{"href":"https:\/\/cabanadoelfo.com.br\/loja\/wp-json\/wp\/v2\/media?parent=1302"}],"wp:term":[{"taxonomy":"product_brand","embeddable":true,"href":"https:\/\/cabanadoelfo.com.br\/loja\/wp-json\/wp\/v2\/product_brand?post=1302"},{"taxonomy":"product_cat","embeddable":true,"href":"https:\/\/cabanadoelfo.com.br\/loja\/wp-json\/wp\/v2\/product_cat?post=1302"},{"taxonomy":"product_tag","embeddable":true,"href":"https:\/\/cabanadoelfo.com.br\/loja\/wp-json\/wp\/v2\/product_tag?post=1302"}],"curies":[{"name":"wp","href":"https:\/\/api.w.org\/{rel}","templated":true}]}}