{"id":1293,"date":"2023-05-01T01:48:03","date_gmt":"2023-05-01T04:48:03","guid":{"rendered":"https:\/\/cabanadoelfo.com.br\/loja\/?post_type=product&#038;p=1293"},"modified":"2024-03-11T07:44:28","modified_gmt":"2024-03-11T10:44:28","slug":"bang-the-dice-game","status":"publish","type":"product","link":"https:\/\/cabanadoelfo.com.br\/loja\/jogo\/bang-the-dice-game\/","title":{"rendered":"Bang! The Dice Game"},"content":{"rendered":"<p>Seja o mais r\u00e1pido e estrat\u00e9gico do oeste para vencer em Bang! The Dice Game<\/p>\n<p>Bang! The Dice Game traz a verdadeira experi\u00eancia dos faroestes para sua mesa. Tiros, flechas, explos\u00f5es e trai\u00e7\u00f5es esperam voc\u00ea e seu grupo de pistoleiros. Um jogo de pap\u00e9is secretos, dados e diversos personagens com poderes \u00fanicos, al\u00e9m de muita facada nas costas do amiguinho.<\/p>\n<p>Receba um papel secreto junto com um personagem \u00fanico, e secretamente realize seu objetivo. Mas cuidado, voc\u00ea n\u00e3o saber\u00e1 quem est\u00e1 do seu lado, e os dados nem sempre estar\u00e3o a seu favor! Com regras simples e r\u00e1pidas de aprender, Bang! The Dice Game requer muita aten\u00e7\u00e3o para descobrir quem s\u00e3o seus oponentes e seus amigos, enquanto voc\u00ea mente para todos eles.<\/p>\n<p>Divirta-se com BANG!, agora na vers\u00e3o com dados! Promovendo confrontos no faroeste de 3 a 8 jogadores.<\/p>\n<p><strong>**************************************************************************<\/strong><br \/>\n<strong>Indicado ao Pr\u00eamio Ludopedia Jogo Fam\u00edlia do Ano 2019 &#8211; Voto Popular<\/strong><br \/>\n<strong>**************************************************************************<\/strong><\/p>\n<p><iframe loading=\"lazy\" title=\"Bang The Dice Game - Regras - Aprenda em Minutos - Ep. 20\" width=\"500\" height=\"281\" src=\"https:\/\/www.youtube.com\/embed\/MAM4c-bKUhs?feature=oembed\" frameborder=\"0\" allow=\"accelerometer; autoplay; clipboard-write; encrypted-media; gyroscope; picture-in-picture; web-share\" referrerpolicy=\"strict-origin-when-cross-origin\" allowfullscreen><\/iframe><\/p>\n<h2>Componentes:<\/h2>\n<ul>\n<li>1 Livro de Regras<\/li>\n<li>5 Dados BANG!<\/li>\n<li>30 Cartas:<br \/>\n\u2013 8 Cartas de Identidade (1 xerife, 2 vice, 3 fora da lei e 2 renegado)<br \/>\n\u2013 16 Cartas de Personagens<br \/>\n\u2013 6 Cartas de Resumo<\/li>\n<li>9 Fichas de Flecha<\/li>\n<li>38 Fichas de Bala (23 balas de valor 1 e 15 balas de valor 3)<\/li>\n<\/ul>\n<h2>Regras para o aluguel:<\/h2>\n<ul>\n<li>O per\u00edodo de aluguel inclui a data de entrega e devolu\u00e7\u00e3o do jogo;<\/li>\n<li>O atraso na devolu\u00e7\u00e3o dos jogos, resultar\u00e1 em cobran\u00e7a adicional no valor de um aluguel di\u00e1rio por cada dia de atraso;<\/li>\n<li>Em caso de danos que comprometam a experi\u00eancia do jogo (perda ou avaria de componentes), o cliente dever\u00e1 arcar com os custos da reposi\u00e7\u00e3o dos componentes (quando dispon\u00edveis no mercado) ou aquisi\u00e7\u00e3o de um novo exemplar do jogo.<\/li>\n<\/ul>\n","protected":false},"excerpt":{"rendered":"<div class=\"woocommerce-product-details__short-description\">\n<p>O valor corresponde ao aluguel di\u00e1rio do jogo. Consulte as condi\u00e7\u00f5es abaixo.<\/p>\n<\/div>\n<div class=\"more-link-wrapper\"><a class=\"more-link\" href=\"https:\/\/cabanadoelfo.com.br\/loja\/jogo\/bang-the-dice-game\/\">Read More<span class=\"screen-reader-text\">Bang! The Dice Game<\/span><\/a><\/div>\n","protected":false},"featured_media":1295,"comment_status":"open","ping_status":"closed","template":"","meta":[],"product_brand":[],"product_cat":[37,86],"product_tag":[],"class_list":{"0":"post-1293","1":"product","2":"type-product","3":"status-publish","4":"has-post-thumbnail","6":"product_cat-jogo-de-cartas","7":"product_cat-jogo-de-dados","8":"pa_complexidade-jogos-familiares","9":"pa_designer-lukas-zach","10":"pa_designer-michael-palm","11":"pa_duracao-15-min","12":"pa_editora-dv-giochi","13":"pa_estilo-blefe","14":"pa_estilo-deducao","15":"pa_estilo-eliminacao-de-jogadores","16":"pa_estilo-force-sua-sorte","17":"pa_estilo-jogadores-com-diferentes-habilidades","18":"pa_estilo-jogo-em-equipe","19":"pa_estilo-rolagem-de-dados","20":"pa_idade-133","21":"pa_idioma-ingles","22":"pa_jogadores-3-a-8","23":"pa_modo-multijogador-semi-cooperativo","24":"pa_tema-faroeste","25":"entry","27":"first","28":"instock","29":"purchasable","30":"product-type-redq_rental"},"jetpack_sharing_enabled":true,"_links":{"self":[{"href":"https:\/\/cabanadoelfo.com.br\/loja\/wp-json\/wp\/v2\/product\/1293","targetHints":{"allow":["GET"]}}],"collection":[{"href":"https:\/\/cabanadoelfo.com.br\/loja\/wp-json\/wp\/v2\/product"}],"about":[{"href":"https:\/\/cabanadoelfo.com.br\/loja\/wp-json\/wp\/v2\/types\/product"}],"replies":[{"embeddable":true,"href":"https:\/\/cabanadoelfo.com.br\/loja\/wp-json\/wp\/v2\/comments?post=1293"}],"wp:featuredmedia":[{"embeddable":true,"href":"https:\/\/cabanadoelfo.com.br\/loja\/wp-json\/wp\/v2\/media\/1295"}],"wp:attachment":[{"href":"https:\/\/cabanadoelfo.com.br\/loja\/wp-json\/wp\/v2\/media?parent=1293"}],"wp:term":[{"taxonomy":"product_brand","embeddable":true,"href":"https:\/\/cabanadoelfo.com.br\/loja\/wp-json\/wp\/v2\/product_brand?post=1293"},{"taxonomy":"product_cat","embeddable":true,"href":"https:\/\/cabanadoelfo.com.br\/loja\/wp-json\/wp\/v2\/product_cat?post=1293"},{"taxonomy":"product_tag","embeddable":true,"href":"https:\/\/cabanadoelfo.com.br\/loja\/wp-json\/wp\/v2\/product_tag?post=1293"}],"curies":[{"name":"wp","href":"https:\/\/api.w.org\/{rel}","templated":true}]}}