{"id":1260,"date":"2023-04-30T21:48:43","date_gmt":"2023-05-01T00:48:43","guid":{"rendered":"https:\/\/cabanadoelfo.com.br\/loja\/?post_type=product&#038;p=1260"},"modified":"2025-09-18T22:09:01","modified_gmt":"2025-09-19T01:09:01","slug":"flamecraft","status":"publish","type":"product","link":"https:\/\/cabanadoelfo.com.br\/loja\/jogo\/flamecraft\/","title":{"rendered":"Flamecraft"},"content":{"rendered":"<p>No mundo fantasioso de Flamecraft, humanos e pequenos drag\u00f5es convivem pacificamente. Neste mundo, Drag\u00f5es Artes\u00e3os, vers\u00f5es menores e magicamente talentosas de seus primos maiores (e destrutivos), s\u00e3o produtores criativos cujas chamas especializadas lhes permitem criar uma variedade de produtos deliciosos e \u00fateis. Essas criaturas s\u00e3o muito cobi\u00e7adas por lojistas que desejam atrair e agradar a clientela.<\/p>\n<p>Voc\u00ea \u00e9 um Guardachama, um indiv\u00edduo com habilidade na arte de falar com drag\u00f5es, aloc\u00e1-los em lares adequados e lan\u00e7ar encantamentos para incentiv\u00e1-los a produzir obras maravilhosas. Como os drag\u00f5es possuem diferentes especialidades (p\u00e3o, carne, ferro, cristal, planta e po\u00e7\u00e3o), jogadores precisam ser inteligentes na aloca\u00e7\u00e3o de seus amigos r\u00e9pteis!<\/p>\n<p>A reputa\u00e7\u00e3o dos jogadores aumenta \u00e0 medida que eles ajudam os drag\u00f5es e os lojistas, e o Guardachama com a melhor reputa\u00e7\u00e3o \u00e9 nomeado Mestre do Of\u00edcio \u00cdgneo!<\/p>\n<p>Um jogo estrat\u00e9gico, mas que \u00e9 f\u00e1cil de aprender e mais f\u00e1cil ainda de se apaixonar!<\/p>\n<p><iframe loading=\"lazy\" title=\"Flamecraft - Como Jogar\" width=\"500\" height=\"281\" src=\"https:\/\/www.youtube.com\/embed\/lmyCuL1imnQ?feature=oembed\" frameborder=\"0\" allow=\"accelerometer; autoplay; clipboard-write; encrypted-media; gyroscope; picture-in-picture; web-share\" referrerpolicy=\"strict-origin-when-cross-origin\" allowfullscreen><\/iframe><\/p>\n<h2>Componentes:<\/h2>\n<ul>\n<li>1 Livro de Regras<\/li>\n<li>6 Marcadores de Jogador<\/li>\n<li>6 Marcadores de Reputa\u00e7\u00e3o<\/li>\n<li>1 Tabuleiro da Cidade<\/li>\n<li>8 Refer\u00eancias de Jogador<\/li>\n<li>36 Cartas de Drag\u00e3o Artes\u00e3o<\/li>\n<li>6 Cartas de Drag\u00e3o Iniciais<\/li>\n<li>36 Cartas de Drag\u00e3o de Elite<\/li>\n<li>28 Cartas de Loja<\/li>\n<li>6 Cartas de Lojas Iniciais<\/li>\n<li>36 Cartas de Encantamento (18 amarelas + 18 roxas)<\/li>\n<li>\u00a07 Cartas de Drag\u00f5es Companheiros<\/li>\n<li>216 Fichas de Produto (36 de cada: P\u00e3o, Carne, Po\u00e7\u00e3o, Planta, Cristal, Ferro)<\/li>\n<li>24 Fichas de Moeda<\/li>\n<\/ul>\n<h2>Regras para o aluguel:<\/h2>\n<ul>\n<li>O per\u00edodo de aluguel inclui a data de entrega e devolu\u00e7\u00e3o do jogo;<\/li>\n<li>O atraso na devolu\u00e7\u00e3o dos jogos, resultar\u00e1 em cobran\u00e7a adicional no valor de um aluguel di\u00e1rio por cada dia de atraso;<\/li>\n<li>Em caso de danos que comprometam a experi\u00eancia do jogo (perda ou avaria de componentes), o cliente dever\u00e1 arcar com os custos da reposi\u00e7\u00e3o dos componentes (quando dispon\u00edveis no mercado) ou aquisi\u00e7\u00e3o de um novo exemplar do jogo.<\/li>\n<\/ul>\n","protected":false},"excerpt":{"rendered":"<div class=\"woocommerce-product-details__short-description\">\n<p><em>Em um reino m\u00e1gico uma vila acorda, e Drag\u00f5es Artes\u00e3os fazem bolos e tortas! Voc\u00ea \u00e9 um GUARDACHAMA, um indiv\u00edduo com habilidade na arte de conversar com drag\u00f5es. Ganhe mais reputa\u00e7\u00e3o na cidade para se tornar o MESTRE DO OF\u00cdCIO \u00cdGNEO!<\/em><\/p>\n<\/div>\n<div class=\"more-link-wrapper\"><a class=\"more-link\" href=\"https:\/\/cabanadoelfo.com.br\/loja\/jogo\/flamecraft\/\">Read More<span class=\"screen-reader-text\">Flamecraft<\/span><\/a><\/div>\n","protected":false},"featured_media":1261,"comment_status":"open","ping_status":"closed","template":"","meta":[],"product_brand":[],"product_cat":[37,15],"product_tag":[],"class_list":{"0":"post-1260","1":"product","2":"type-product","3":"status-publish","4":"has-post-thumbnail","6":"product_cat-jogo-de-cartas","7":"product_cat-jogos-de-tabuleiro","8":"pa_complexidade-jogos-familiares","9":"pa_designer-manny-vega","10":"pa_duracao-60-min","11":"pa_editora-galapagos-jogos","12":"pa_estilo-alocacao-de-trabalhadores","13":"pa_estilo-gerenciamento-de-maos","14":"pa_estilo-gestao-de-mao","15":"pa_idade-35","16":"pa_idioma-portugues","17":"pa_jogadores-1-a-5","18":"pa_modo-multijogador-competitivo","19":"pa_tema-animais","20":"pa_tema-economia-producao","21":"pa_tema-estrategia","22":"pa_tema-fantasia","23":"pa_tema-mitologia","24":"entry","26":"first","27":"instock","28":"purchasable","29":"product-type-redq_rental"},"jetpack_sharing_enabled":true,"_links":{"self":[{"href":"https:\/\/cabanadoelfo.com.br\/loja\/wp-json\/wp\/v2\/product\/1260","targetHints":{"allow":["GET"]}}],"collection":[{"href":"https:\/\/cabanadoelfo.com.br\/loja\/wp-json\/wp\/v2\/product"}],"about":[{"href":"https:\/\/cabanadoelfo.com.br\/loja\/wp-json\/wp\/v2\/types\/product"}],"replies":[{"embeddable":true,"href":"https:\/\/cabanadoelfo.com.br\/loja\/wp-json\/wp\/v2\/comments?post=1260"}],"wp:featuredmedia":[{"embeddable":true,"href":"https:\/\/cabanadoelfo.com.br\/loja\/wp-json\/wp\/v2\/media\/1261"}],"wp:attachment":[{"href":"https:\/\/cabanadoelfo.com.br\/loja\/wp-json\/wp\/v2\/media?parent=1260"}],"wp:term":[{"taxonomy":"product_brand","embeddable":true,"href":"https:\/\/cabanadoelfo.com.br\/loja\/wp-json\/wp\/v2\/product_brand?post=1260"},{"taxonomy":"product_cat","embeddable":true,"href":"https:\/\/cabanadoelfo.com.br\/loja\/wp-json\/wp\/v2\/product_cat?post=1260"},{"taxonomy":"product_tag","embeddable":true,"href":"https:\/\/cabanadoelfo.com.br\/loja\/wp-json\/wp\/v2\/product_tag?post=1260"}],"curies":[{"name":"wp","href":"https:\/\/api.w.org\/{rel}","templated":true}]}}