{"id":1248,"date":"2023-04-30T01:13:25","date_gmt":"2023-04-30T04:13:25","guid":{"rendered":"https:\/\/cabanadoelfo.com.br\/loja\/?post_type=product&#038;p=1248"},"modified":"2026-01-09T22:30:14","modified_gmt":"2026-01-10T01:30:14","slug":"sushi-go","status":"publish","type":"product","link":"https:\/\/cabanadoelfo.com.br\/loja\/jogo\/sushi-go\/","title":{"rendered":"Sushi Go!"},"content":{"rendered":"<p>Um jogo para &#8220;devorar&#8221; cartas<\/p>\n<p>Neste jogo de de cartas, voc\u00ea est\u00e1 comendo em um restaurante de sushi e tentando pegar a melhor combina\u00e7\u00e3o de pratos. Voc\u00ea ganha pontos se comer o maior n\u00famero de makis ou se fazer um trio de sashimi. Mergulhe seu nigiri favorito no shoyu com wasabi para triplicar o seu valor! E uma vez que voc\u00ea comeu tudo, termine a sua refei\u00e7\u00e3o com todo o pudim que tiver!<\/p>\n<p>Sushi Go leva o mecanismo de compra de cartas de Fairy Tale e 7 Wonders a um jogo de vinte minutos que qualquer um pode jogar. A din\u00e2mica de &#8220;comprar e passar&#8221; \u00e9 trazida \u00e0 tona, mantendo um m\u00ednimo de regras. Como voc\u00ea v\u00ea as primeiras m\u00e3os de cartas, voc\u00ea deve avaliar rapidamente o destino da rodada e decidir que tipo de sushi voc\u00ea se focar\u00e1. Ent\u00e3o, a cada turno voc\u00ea precisa pesar que cartas manter e quais passar. As diferentes combina\u00e7\u00f5es de pontua\u00e7\u00e3o permitem algumas jogadas inteligentes e combos desagrad\u00e1veis. Rodada a rodada, voc\u00ea tamb\u00e9m deve ficar de olho no objetivo de ter a maioria das cartas de pudim no final do jogo!<\/p>\n<p><iframe loading=\"lazy\" title=\"DEVIR BRASIL I Sushi Go! - regras r\u00e1pidas\" width=\"500\" height=\"281\" src=\"https:\/\/www.youtube.com\/embed\/yBhsS6p03Zk?feature=oembed\" frameborder=\"0\" allow=\"accelerometer; autoplay; clipboard-write; encrypted-media; gyroscope; picture-in-picture; web-share\" referrerpolicy=\"strict-origin-when-cross-origin\" allowfullscreen><\/iframe><\/p>\n<h2>Componentes:<\/h2>\n<ul>\n<li>108 Cartas<br \/>\n\u2013 14 Tempur\u00e1<br \/>\n\u2013 14 Sashimi<br \/>\n\u2013 14 Gyoza<br \/>\n\u2013 12 Maki (2)<br \/>\n\u2013 8 Maki (3)<br \/>\n\u2013 6 Maki (1)<br \/>\n\u2013 10 Nigiri de Salm\u00e3o<br \/>\n\u2013 5 Nigiri de Lula<br \/>\n\u2013 5 Nigiri de Ovo<br \/>\n\u2013 10 Pudim<br \/>\n\u2013 6 Wasabi<br \/>\n\u2013 4 Hashis<\/li>\n<li>1 Manual de Regras<\/li>\n<\/ul>\n<h2>Regras para o aluguel:<\/h2>\n<ul>\n<li>O per\u00edodo de aluguel inclui a data de entrega e devolu\u00e7\u00e3o do jogo;<\/li>\n<li>O atraso na devolu\u00e7\u00e3o dos jogos, resultar\u00e1 em cobran\u00e7a adicional no valor de um aluguel di\u00e1rio por cada dia de atraso;<\/li>\n<li>Em caso de danos que comprometam a experi\u00eancia do jogo (perda ou avaria de componentes), o cliente dever\u00e1 arcar com os custos da reposi\u00e7\u00e3o dos componentes (quando dispon\u00edveis no mercado) ou aquisi\u00e7\u00e3o de um novo exemplar do jogo.<\/li>\n<\/ul>\n","protected":false},"excerpt":{"rendered":"<div class=\"woocommerce-product-details__short-description\">\n<p>O valor corresponde ao aluguel di\u00e1rio do jogo. Consulte as condi\u00e7\u00f5es abaixo.<\/p>\n<\/div>\n<div class=\"more-link-wrapper\"><a class=\"more-link\" href=\"https:\/\/cabanadoelfo.com.br\/loja\/jogo\/sushi-go\/\">Read More<span class=\"screen-reader-text\">Sushi Go!<\/span><\/a><\/div>\n","protected":false},"featured_media":1253,"comment_status":"open","ping_status":"closed","template":"","meta":[],"product_brand":[],"product_cat":[37],"product_tag":[],"class_list":{"0":"post-1248","1":"product","2":"type-product","3":"status-publish","4":"has-post-thumbnail","6":"product_cat-jogo-de-cartas","7":"pa_complexidade-jogo-de-entrada","8":"pa_complexidade-jogos-familiares","9":"pa_complexidade-jogo-festivo","10":"pa_complexidade-jogos-infantis","11":"pa_designer-phil-walker-harding","12":"pa_duracao-15-min","13":"pa_editora-devir","14":"pa_estilo-acao-simultanea","15":"pa_estilo-colecionar-componentes","16":"pa_estilo-gerenciamento-de-maos","17":"pa_estilo-selecao-de-cartas","18":"pa_idade-133","19":"pa_idioma-portugues","20":"pa_jogadores-2-a-5","21":"pa_modo-multijogador-competitivo","22":"pa_tema-cultura","23":"pa_tema-cultura-oriental","24":"pa_tema-gastronomia","25":"entry","27":"first","28":"instock","29":"purchasable","30":"product-type-redq_rental"},"jetpack_sharing_enabled":true,"_links":{"self":[{"href":"https:\/\/cabanadoelfo.com.br\/loja\/wp-json\/wp\/v2\/product\/1248","targetHints":{"allow":["GET"]}}],"collection":[{"href":"https:\/\/cabanadoelfo.com.br\/loja\/wp-json\/wp\/v2\/product"}],"about":[{"href":"https:\/\/cabanadoelfo.com.br\/loja\/wp-json\/wp\/v2\/types\/product"}],"replies":[{"embeddable":true,"href":"https:\/\/cabanadoelfo.com.br\/loja\/wp-json\/wp\/v2\/comments?post=1248"}],"wp:featuredmedia":[{"embeddable":true,"href":"https:\/\/cabanadoelfo.com.br\/loja\/wp-json\/wp\/v2\/media\/1253"}],"wp:attachment":[{"href":"https:\/\/cabanadoelfo.com.br\/loja\/wp-json\/wp\/v2\/media?parent=1248"}],"wp:term":[{"taxonomy":"product_brand","embeddable":true,"href":"https:\/\/cabanadoelfo.com.br\/loja\/wp-json\/wp\/v2\/product_brand?post=1248"},{"taxonomy":"product_cat","embeddable":true,"href":"https:\/\/cabanadoelfo.com.br\/loja\/wp-json\/wp\/v2\/product_cat?post=1248"},{"taxonomy":"product_tag","embeddable":true,"href":"https:\/\/cabanadoelfo.com.br\/loja\/wp-json\/wp\/v2\/product_tag?post=1248"}],"curies":[{"name":"wp","href":"https:\/\/api.w.org\/{rel}","templated":true}]}}