{"id":1231,"date":"2023-04-30T00:20:04","date_gmt":"2023-04-30T03:20:04","guid":{"rendered":"https:\/\/cabanadoelfo.com.br\/loja\/?post_type=product&#038;p=1231"},"modified":"2025-09-18T21:56:26","modified_gmt":"2025-09-19T00:56:26","slug":"dr-eureka","status":"publish","type":"product","link":"https:\/\/cabanadoelfo.com.br\/loja\/jogo\/dr-eureka\/","title":{"rendered":"Dr. Eureka"},"content":{"rendered":"<p>Indicado ao Pr\u00eamio Ludopedia Jogo Infantil do Ano 2017<br \/>\nIndicado ao Pr\u00eamio Ludopedia Jogo Infantil do Ano 2017 &#8211; Voto Popular<\/p>\n<p><iframe loading=\"lazy\" title=\"Dr. Eureka - regras - Aprenda em Minutas\" width=\"500\" height=\"281\" src=\"https:\/\/www.youtube.com\/embed\/leoC7SK7YPY?feature=oembed\" frameborder=\"0\" allow=\"accelerometer; autoplay; clipboard-write; encrypted-media; gyroscope; picture-in-picture; web-share\" referrerpolicy=\"strict-origin-when-cross-origin\" allowfullscreen><\/iframe><\/p>\n<h2>Componentes:<\/h2>\n<ul>\n<li>54 cartas de desafio<\/li>\n<li>24 bolas coloridas (8 de cada cor)<\/li>\n<li>12 tubos de ensaio<\/li>\n<li>1 folheto de regras<\/li>\n<\/ul>\n<h2>Regras para o aluguel:<\/h2>\n<ul>\n<li>O atraso na devolu\u00e7\u00e3o dos jogos, resultar\u00e1 em cobran\u00e7a adicional no valor de um aluguel di\u00e1rio por cada dia de atraso;<\/li>\n<li>Em caso de danos que comprometam a experi\u00eancia do jogo (perda ou avaria de componentes), o cliente dever\u00e1 arcar com os custos da reposi\u00e7\u00e3o dos componentes (quando dispon\u00edveis no mercado) ou aquisi\u00e7\u00e3o de um novo exemplar do jogo.<\/li>\n<\/ul>\n","protected":false},"excerpt":{"rendered":"<p>O brilhante Dr. Eureka tem experi\u00eancias importantes para voc\u00ea completar! Voc\u00ea deve resolver suas f\u00f3rmulas cient\u00edficas, misturando as mol\u00e9culas do tubo para tubo sem toc\u00e1-los com as m\u00e3os nuas. Transfira suas mol\u00e9culas mais r\u00e1pido do que a sua concorr\u00eancia no Dr. Eureka para provar que voc\u00ea \u00e9 o cientista mais inteligente do laborat\u00f3rio&#8230;<\/p>\n<div class=\"more-link-wrapper\"><a class=\"more-link\" href=\"https:\/\/cabanadoelfo.com.br\/loja\/jogo\/dr-eureka\/\">Read More<span class=\"screen-reader-text\">Dr. Eureka<\/span><\/a><\/div>\n","protected":false},"featured_media":1240,"comment_status":"open","ping_status":"closed","template":"","meta":[],"product_brand":[],"product_cat":[15],"product_tag":[],"class_list":{"0":"post-1231","1":"product","2":"type-product","3":"status-publish","4":"has-post-thumbnail","6":"product_cat-jogos-de-tabuleiro","7":"pa_complexidade-jogo-de-entrada","8":"pa_complexidade-jogos-familiares","9":"pa_complexidade-jogos-infantis","10":"pa_designer-roberto-fraga","11":"pa_designer-stephane-escapa","12":"pa_duracao-15-min","13":"pa_editora-mandala-jogos","14":"pa_estilo-acao-simultanea","15":"pa_estilo-construcao-a-partir-de-modelo","16":"pa_idade-50","17":"pa_idioma-portugues","18":"pa_jogadores-2-a-4","19":"pa_modo-multijogador-competitivo","20":"pa_tema-ciencias","21":"pa_tema-quebra-cabeca","22":"entry","24":"first","25":"instock","26":"purchasable","27":"product-type-redq_rental"},"jetpack_sharing_enabled":true,"_links":{"self":[{"href":"https:\/\/cabanadoelfo.com.br\/loja\/wp-json\/wp\/v2\/product\/1231","targetHints":{"allow":["GET"]}}],"collection":[{"href":"https:\/\/cabanadoelfo.com.br\/loja\/wp-json\/wp\/v2\/product"}],"about":[{"href":"https:\/\/cabanadoelfo.com.br\/loja\/wp-json\/wp\/v2\/types\/product"}],"replies":[{"embeddable":true,"href":"https:\/\/cabanadoelfo.com.br\/loja\/wp-json\/wp\/v2\/comments?post=1231"}],"wp:featuredmedia":[{"embeddable":true,"href":"https:\/\/cabanadoelfo.com.br\/loja\/wp-json\/wp\/v2\/media\/1240"}],"wp:attachment":[{"href":"https:\/\/cabanadoelfo.com.br\/loja\/wp-json\/wp\/v2\/media?parent=1231"}],"wp:term":[{"taxonomy":"product_brand","embeddable":true,"href":"https:\/\/cabanadoelfo.com.br\/loja\/wp-json\/wp\/v2\/product_brand?post=1231"},{"taxonomy":"product_cat","embeddable":true,"href":"https:\/\/cabanadoelfo.com.br\/loja\/wp-json\/wp\/v2\/product_cat?post=1231"},{"taxonomy":"product_tag","embeddable":true,"href":"https:\/\/cabanadoelfo.com.br\/loja\/wp-json\/wp\/v2\/product_tag?post=1231"}],"curies":[{"name":"wp","href":"https:\/\/api.w.org\/{rel}","templated":true}]}}