{"id":1198,"date":"2023-02-14T13:43:52","date_gmt":"2023-02-14T16:43:52","guid":{"rendered":"https:\/\/cabanadoelfo.com.br\/loja\/?post_type=product&#038;p=1198"},"modified":"2026-04-04T16:13:54","modified_gmt":"2026-04-04T19:13:54","slug":"mascarade-2a-edicao-2021","status":"publish","type":"product","link":"https:\/\/cabanadoelfo.com.br\/loja\/jogo\/mascarade-2a-edicao-2021\/","title":{"rendered":"Mascarade"},"content":{"rendered":"<p>Quem \u00e9 voc\u00ea em Mascarade? Quem voc\u00ea quiser ser&#8230; pelo menos at\u00e9 que algu\u00e9m o chame!<\/p>\n<p>Cada personagem recebe uma carta de fun\u00e7\u00e3o virada para baixo no in\u00edcio do jogo, e em uma partida com 4-5 jogadores algumas cartas de fun\u00e7\u00e3o s\u00e3o colocadas no centro da mesa. Em um turno, voc\u00ea realiza uma das tr\u00eas a\u00e7\u00f5es:<\/p>\n<p>1) Anuncie seu personagem: reivindique o poder de um determinado personagem e execute a a\u00e7\u00e3o associada. Voc\u00ea n\u00e3o precisa ter aquela carta de personagem na sua frente para fazer esta a\u00e7\u00e3o, mas se algu\u00e9m disser que \u00e9 aquele personagem e revelar a carta para provar isso, aquele jogador toma a a\u00e7\u00e3o enquanto voc\u00ea perde uma moeda para o tribunal.<\/p>\n<p>2) Trocar cartas ou n\u00e3o: Pegue a carta de personagem de outro jogador junto com a sua, coloque-a embaixo da mesa, embaralhe-a um pouco, depois devolva uma carta ao outro jogador, mantendo uma para voc\u00ea. Voc\u00ea (presumivelmente) sabe se mudou de personagem e pode ter alguma ideia de quem voc\u00ea \u00e9 agora, mas esse outro jogador pode estar no escuro.<\/p>\n<p>3) Olhe secretamente para o seu personagem: Olhe para o seu cart\u00e3o de personagem para ter certeza de quem voc\u00ea \u00e9.<\/p>\n<p>O jogo continua at\u00e9 que um jogador obtenha 13 moedas e ven\u00e7a &#8211; ou at\u00e9 que um jogador tenha perdido todas as suas moedas, caso em que o jogador com mais moedas vence.<\/p>\n<p>Mascarade inclui mais cartas de personagens do que o n\u00famero de jogadores, ent\u00e3o nem todos os personagens ser\u00e3o usados \u200b\u200bem cada jogo. As regras sugerem que voc\u00ea use certos personagens em seus primeiros jogos, mas depois de conhecer o jogo, voc\u00ea pode tentar muitas outras distribui\u00e7\u00f5es.<\/p>\n<p>Observe que esta segunda edi\u00e7\u00e3o do Mascarade inclui 17 cartas de fun\u00e7\u00e3o, sendo essas cartas uma mistura de fun\u00e7\u00f5es do jogo base original e da expans\u00e3o de 2014.<\/p>\n<h2>Componentes:<\/h2>\n<ul>\n<li>1 Livreto de Regras<\/li>\n<li>1 Insert de Banco<\/li>\n<li>1 Tabuleiro de Tribunal<\/li>\n<li>6 Folhetos de Refer\u00eancia<\/li>\n<li>9 Fichas de Cen\u00e1rio<\/li>\n<li>17 Cartas de M\u00e1scara<\/li>\n<li>78 Moedas de Valor 1<\/li>\n<li>24 Moedas de Valor 5<\/li>\n<\/ul>\n<h2>Regras para o aluguel:<\/h2>\n<ul>\n<li>O per\u00edodo de aluguel inclui a data de entrega e devolu\u00e7\u00e3o do jogo;<\/li>\n<li>O atraso na devolu\u00e7\u00e3o dos jogos, resultar\u00e1 em cobran\u00e7a adicional no valor de um aluguel di\u00e1rio por cada dia de atraso;<\/li>\n<li>Em caso de danos que comprometam a experi\u00eancia do jogo (perda ou avaria de componentes), o cliente dever\u00e1 arcar com os custos da reposi\u00e7\u00e3o dos componentes (quando dispon\u00edveis no mercado) ou aquisi\u00e7\u00e3o de um novo exemplar do jogo.<\/li>\n<\/ul>\n<p><iframe loading=\"lazy\" title=\"Mascarade | Review\" width=\"500\" height=\"281\" src=\"https:\/\/www.youtube.com\/embed\/Q4xDwq9gv28?start=51&#038;feature=oembed\" frameborder=\"0\" allow=\"accelerometer; autoplay; clipboard-write; encrypted-media; gyroscope; picture-in-picture; web-share\" referrerpolicy=\"strict-origin-when-cross-origin\" allowfullscreen><\/iframe><\/p>\n","protected":false},"excerpt":{"rendered":"<div class=\"woocommerce-product-details__short-description\">\n<p>O valor corresponde ao aluguel di\u00e1rio do jogo. Consulte as condi\u00e7\u00f5es abaixo.<\/p>\n<p><strong>2\u00aa Edi\u00e7\u00e3o (2021)<\/strong><\/p>\n<\/div>\n<div class=\"more-link-wrapper\"><a class=\"more-link\" href=\"https:\/\/cabanadoelfo.com.br\/loja\/jogo\/mascarade-2a-edicao-2021\/\">Read More<span class=\"screen-reader-text\">Mascarade<\/span><\/a><\/div>\n","protected":false},"featured_media":1204,"comment_status":"open","ping_status":"closed","template":"","meta":[],"product_brand":[],"product_cat":[37],"product_tag":[],"class_list":{"0":"post-1198","1":"product","2":"type-product","3":"status-publish","4":"has-post-thumbnail","6":"product_cat-jogo-de-cartas","7":"pa_complexidade-jogos-familiares","8":"pa_designer-bruno-faidutti","9":"pa_duracao-30-min","10":"pa_editora-galapagos-jogos","11":"pa_estilo-blefe","12":"pa_estilo-jogadores-com-diferentes-habilidades","13":"pa_estilo-memoria","14":"pa_estilo-posicionamento-secreto","15":"pa_idade-35","16":"pa_idioma-portugues","17":"pa_jogadores-4-a-12","18":"pa_modo-multijogador-competitivo","19":"pa_tema-medieval","20":"entry","22":"first","23":"instock","24":"purchasable","25":"product-type-redq_rental"},"jetpack_sharing_enabled":true,"_links":{"self":[{"href":"https:\/\/cabanadoelfo.com.br\/loja\/wp-json\/wp\/v2\/product\/1198","targetHints":{"allow":["GET"]}}],"collection":[{"href":"https:\/\/cabanadoelfo.com.br\/loja\/wp-json\/wp\/v2\/product"}],"about":[{"href":"https:\/\/cabanadoelfo.com.br\/loja\/wp-json\/wp\/v2\/types\/product"}],"replies":[{"embeddable":true,"href":"https:\/\/cabanadoelfo.com.br\/loja\/wp-json\/wp\/v2\/comments?post=1198"}],"wp:featuredmedia":[{"embeddable":true,"href":"https:\/\/cabanadoelfo.com.br\/loja\/wp-json\/wp\/v2\/media\/1204"}],"wp:attachment":[{"href":"https:\/\/cabanadoelfo.com.br\/loja\/wp-json\/wp\/v2\/media?parent=1198"}],"wp:term":[{"taxonomy":"product_brand","embeddable":true,"href":"https:\/\/cabanadoelfo.com.br\/loja\/wp-json\/wp\/v2\/product_brand?post=1198"},{"taxonomy":"product_cat","embeddable":true,"href":"https:\/\/cabanadoelfo.com.br\/loja\/wp-json\/wp\/v2\/product_cat?post=1198"},{"taxonomy":"product_tag","embeddable":true,"href":"https:\/\/cabanadoelfo.com.br\/loja\/wp-json\/wp\/v2\/product_tag?post=1198"}],"curies":[{"name":"wp","href":"https:\/\/api.w.org\/{rel}","templated":true}]}}