{"id":1187,"date":"2023-02-14T12:28:40","date_gmt":"2023-02-14T15:28:40","guid":{"rendered":"https:\/\/cabanadoelfo.com.br\/loja\/?post_type=product&#038;p=1187"},"modified":"2025-09-13T13:36:53","modified_gmt":"2025-09-13T16:36:53","slug":"a-ilha-dos-gatos","status":"publish","type":"product","link":"https:\/\/cabanadoelfo.com.br\/loja\/jogo\/a-ilha-dos-gatos\/","title":{"rendered":"A Ilha dos Gatos"},"content":{"rendered":"<p>Os cidad\u00e3os de Squall\u2019s End est\u00e3o em uma miss\u00e3o de resgate na Ilha dos Gatos, tentando salvar tantas destas criaturas quanto poss\u00edvel antes que o ex\u00e9rcito do mal\u00e9fico Vesh M\u00e3o Negra chegue. Cada gato \u00e9 representado por uma pe\u00e7a \u00fanica e pertence a uma fam\u00edlia. Voc\u00ea dever\u00e1 encontrar um modo de encaixar todos eles em seu navio, tentando manter as fam\u00edlias unidas.<\/p>\n<p>Voc\u00ea dever\u00e1 administrar os recursos \u00e0 medida que explora a ilha, atrav\u00e9s de um intrigante sistema de compra de cartas, resgata gatos, encontra tesouros e aprende com pergaminhos antigos. Cada aprendizado conquistado lhe trar\u00e1 novas formas de receber pontos, al\u00e9m de preencher seu navio e manter as fam\u00edlias de gatos juntas!<\/p>\n<p>A Ilha dos Gatos \u00e9 um jogo competitivo de cartas com elementos de quebra-cabe\u00e7a de aloca\u00e7\u00e3o de pe\u00e7as para 1 a 4 jogadores. Ele tamb\u00e9m possui um modo fam\u00edlia e uma vers\u00e3o solo, ao mesmo tempo que oferece uma experi\u00eancia desafiante para jogadores mais experientes.<\/p>\n<p><iframe loading=\"lazy\" title=\"A Ilha dos Gatos - Review com Jack Explicador\" width=\"500\" height=\"281\" src=\"https:\/\/www.youtube.com\/embed\/Mbf3ZctLtyI?feature=oembed\" frameborder=\"0\" allow=\"accelerometer; autoplay; clipboard-write; encrypted-media; gyroscope; picture-in-picture; web-share\" referrerpolicy=\"strict-origin-when-cross-origin\" allowfullscreen><\/iframe><\/p>\n<h2>Componentes:<\/h2>\n<ul>\n<li>1 Livro de Regras<\/li>\n<li>1 Folheto de Regras Modo Fam\u00edlia<\/li>\n<li>1 Navio de Vesh<\/li>\n<li>1 Bloco de Pontos<\/li>\n<li>1 Tabuleiro da Ilha<\/li>\n<li>1 Bolsa de Achados<\/li>\n<li>4 Navios dos Jogadores<\/li>\n<li>6 Pe\u00e7as de Oshax<\/li>\n<li>10 Cestas<\/li>\n<li>25 Pe\u00e7as de Tesouros Raros<\/li>\n<li>44 Pe\u00e7as de Tesouros Comuns (11 de cada forma)<\/li>\n<li>30 Gatos de Madeira (6 em cada cor)<\/li>\n<li>42 Marcadores de Peixes (20 de 1 peixe e 22 de 5 peixes)<\/li>\n<li>85 Pe\u00e7as de Gatos (17 x 5 de cada cor)<\/li>\n<li>4 Cartas Coloridas (refer\u00eancia para dalt\u00f4nicos)<\/li>\n<li>5 Cartas Solo Coloridas<\/li>\n<li>23 Cartas Solo de Cestas<\/li>\n<li>10 Cartas Solo de Aprendizado<\/li>\n<li>9 Cartas Solo de Aprendizado Avan\u00e7adas<\/li>\n<li>18 Cartas Modo Fam\u00edlia<\/li>\n<li>150 Cartas de Descoberta<\/li>\n<\/ul>\n<h2>Regras para o aluguel:<\/h2>\n<ul>\n<li>O per\u00edodo de aluguel inclui a data de entrega e devolu\u00e7\u00e3o do jogo;<\/li>\n<li>O atraso na devolu\u00e7\u00e3o dos jogos, resultar\u00e1 em cobran\u00e7a adicional no valor de um aluguel di\u00e1rio por cada dia de atraso;<\/li>\n<li>Em caso de danos que comprometam a experi\u00eancia do jogo (perda ou avaria de componentes), o cliente dever\u00e1 arcar com os custos da reposi\u00e7\u00e3o dos componentes (quando dispon\u00edveis no mercado) ou aquisi\u00e7\u00e3o de um novo exemplar do jogo.<\/li>\n<\/ul>\n","protected":false},"excerpt":{"rendered":"<div class=\"woocommerce-product-details__short-description\">\n<p>O valor corresponde ao aluguel di\u00e1rio do jogo. Consulte as condi\u00e7\u00f5es abaixo.<\/p>\n<p><strong>Aux\u00edlio para Dalt\u00f4nicos<\/strong><\/p>\n<\/div>\n<div class=\"more-link-wrapper\"><a class=\"more-link\" href=\"https:\/\/cabanadoelfo.com.br\/loja\/jogo\/a-ilha-dos-gatos\/\">Read More<span class=\"screen-reader-text\">A Ilha dos Gatos<\/span><\/a><\/div>\n","protected":false},"featured_media":1189,"comment_status":"open","ping_status":"closed","template":"","meta":[],"product_brand":[],"product_cat":[37,15],"product_tag":[],"class_list":{"0":"post-1187","1":"product","2":"type-product","3":"status-publish","4":"has-post-thumbnail","6":"product_cat-jogo-de-cartas","7":"product_cat-jogos-de-tabuleiro","8":"pa_complexidade-jogos-familiares","9":"pa_designer-dragolisco","10":"pa_designer-frank-west","11":"pa_duracao-90-min","12":"pa_editora-meeple-br-jogos","13":"pa_estilo-colecionar-conjuntos","14":"pa_estilo-colocacao-de-pecas","15":"pa_estilo-reconhecimento-de-padrao","16":"pa_idade-133","17":"pa_idioma-portugues","18":"pa_jogadores-1-a-4","19":"pa_modo-multijogador-competitivo","20":"pa_tema-animais","21":"pa_tema-fantasia","22":"pa_tema-quebra-cabeca","23":"entry","25":"first","26":"instock","27":"purchasable","28":"product-type-redq_rental"},"jetpack_sharing_enabled":true,"_links":{"self":[{"href":"https:\/\/cabanadoelfo.com.br\/loja\/wp-json\/wp\/v2\/product\/1187","targetHints":{"allow":["GET"]}}],"collection":[{"href":"https:\/\/cabanadoelfo.com.br\/loja\/wp-json\/wp\/v2\/product"}],"about":[{"href":"https:\/\/cabanadoelfo.com.br\/loja\/wp-json\/wp\/v2\/types\/product"}],"replies":[{"embeddable":true,"href":"https:\/\/cabanadoelfo.com.br\/loja\/wp-json\/wp\/v2\/comments?post=1187"}],"wp:featuredmedia":[{"embeddable":true,"href":"https:\/\/cabanadoelfo.com.br\/loja\/wp-json\/wp\/v2\/media\/1189"}],"wp:attachment":[{"href":"https:\/\/cabanadoelfo.com.br\/loja\/wp-json\/wp\/v2\/media?parent=1187"}],"wp:term":[{"taxonomy":"product_brand","embeddable":true,"href":"https:\/\/cabanadoelfo.com.br\/loja\/wp-json\/wp\/v2\/product_brand?post=1187"},{"taxonomy":"product_cat","embeddable":true,"href":"https:\/\/cabanadoelfo.com.br\/loja\/wp-json\/wp\/v2\/product_cat?post=1187"},{"taxonomy":"product_tag","embeddable":true,"href":"https:\/\/cabanadoelfo.com.br\/loja\/wp-json\/wp\/v2\/product_tag?post=1187"}],"curies":[{"name":"wp","href":"https:\/\/api.w.org\/{rel}","templated":true}]}}