{"id":1177,"date":"2023-02-14T10:52:16","date_gmt":"2023-02-14T13:52:16","guid":{"rendered":"https:\/\/cabanadoelfo.com.br\/loja\/?post_type=product&#038;p=1177"},"modified":"2024-09-17T11:06:58","modified_gmt":"2024-09-17T14:06:58","slug":"coatl","status":"publish","type":"product","link":"https:\/\/cabanadoelfo.com.br\/loja\/jogo\/coatl\/","title":{"rendered":"Coatl"},"content":{"rendered":"<p>A elei\u00e7\u00e3o do Sumo Sacerdote asteca \u00e9 iminente. A fim de provar seu valor e m\u00e9rito, os contendores se envolvem em uma corrida por prest\u00edgio para ganhar o favor dos deuses. Voc\u00ea conseguir\u00e1 fazer as mais belas esculturas de cobras emplumadas (chamadas de C\u00f3atl) para se destacar e ter acesso ao cobi\u00e7ado t\u00edtulo de Sumo Sacerdote?<\/p>\n<p>Em C\u00f3atl, os jogadores trabalham para construir as mais belas e valiosas serpentes. As serpentes, ou C\u00f3atl, s\u00e3o constru\u00eddas com uma cabe\u00e7a, uma cauda e uma s\u00e9rie de ladrilhos do corpo, cada um feito de pl\u00e1stico colorido e grosso. Em um turno, os jogadores levar\u00e3o as pe\u00e7as do tabuleiro central para seu tabuleiro pessoal ou trabalhar\u00e3o para construir um de seus C\u00f3atls com as diferentes pe\u00e7as que coletaram.<\/p>\n<p>O fim do jogo \u00e9 acionado quando um jogador termina seu terceiro C\u00f3atl. Os jogadores recebem pontos por cumprirem os objetivos, e aquele com mais pontos \u00e9 nomeado o novo Sumo Sacerdote!<\/p>\n<p><iframe loading=\"lazy\" title=\"Coatl - Partida completa + regras e opini\u00f5es\" width=\"500\" height=\"281\" src=\"https:\/\/www.youtube.com\/embed\/EOdDX7aYYpY?feature=oembed\" frameborder=\"0\" allow=\"accelerometer; autoplay; clipboard-write; encrypted-media; gyroscope; picture-in-picture; web-share\" referrerpolicy=\"strict-origin-when-cross-origin\" allowfullscreen><\/iframe><\/p>\n<h2>Componentes:<\/h2>\n<ul>\n<li>1 Livreto de Regras<\/li>\n<li>1 Folheto de Regras Modo Solo<\/li>\n<li>1 Marcador de Primeiro Jogador<\/li>\n<li>1 Tabuleiro de Estoque e Pontua\u00e7\u00e3o<\/li>\n<li>3 Sacolas de Estoque<\/li>\n<li>4 Tabuleiros de Jogador<\/li>\n<li>12 Fichas de Sacrif\u00edcio<\/li>\n<li>20 Cartas de Templo\n<ul>\n<li>15 Cartas Jogo Base<\/li>\n<li>5 Cartas Promo<\/li>\n<\/ul>\n<\/li>\n<li>60 Cartas de Profecia\n<ul>\n<li>54 Cartas Jogo Base<\/li>\n<li>6 Cartas Promo<\/li>\n<\/ul>\n<\/li>\n<li>150 Pe\u00e7as de Coatl (15 caudas, 15 cabe\u00e7as e 120 partes do corpo)<\/li>\n<\/ul>\n<h2>Regras para o aluguel:<\/h2>\n<ul>\n<li>O per\u00edodo de aluguel inclui a data de entrega e devolu\u00e7\u00e3o do jogo;<\/li>\n<li>O atraso na devolu\u00e7\u00e3o dos jogos, resultar\u00e1 em cobran\u00e7a adicional no valor de um aluguel di\u00e1rio por cada dia de atraso;<\/li>\n<li>Em caso de danos que comprometam a experi\u00eancia do jogo (perda ou avaria de componentes), o cliente dever\u00e1 arcar com os custos da reposi\u00e7\u00e3o dos componentes (quando dispon\u00edveis no mercado) ou aquisi\u00e7\u00e3o de um novo exemplar do jogo.<\/li>\n<\/ul>\n","protected":false},"excerpt":{"rendered":"<div class=\"woocommerce-product-details__short-description\">\n<p>O valor corresponde ao aluguel di\u00e1rio do jogo. Consulte as condi\u00e7\u00f5es abaixo.<\/p>\n<p><strong>Inclui a Expans\u00e3o:<\/strong><\/p>\n<ul>\n<li><strong> Cartas Promo<\/strong><\/li>\n<\/ul>\n<\/div>\n<div class=\"more-link-wrapper\"><a class=\"more-link\" href=\"https:\/\/cabanadoelfo.com.br\/loja\/jogo\/coatl\/\">Read More<span class=\"screen-reader-text\">Coatl<\/span><\/a><\/div>\n","protected":false},"featured_media":1180,"comment_status":"open","ping_status":"closed","template":"","meta":[],"product_brand":[],"product_cat":[37,15],"product_tag":[],"class_list":{"0":"post-1177","1":"product","2":"type-product","3":"status-publish","4":"has-post-thumbnail","6":"product_cat-jogo-de-cartas","7":"product_cat-jogos-de-tabuleiro","8":"pa_complexidade-jogos-familiares","9":"pa_designer-etienne-dubois-roy","10":"pa_designer-pascale-brassard","11":"pa_duracao-60-min","12":"pa_editora-funbox-jogos","13":"pa_estilo-colecionar-conjuntos","14":"pa_estilo-construcao-a-partir-de-modelo","15":"pa_estilo-gerenciamento-de-maos","16":"pa_idade-35","17":"pa_idioma-portugues","18":"pa_jogadores-1-a-4","19":"pa_modo-multijogador-competitivo","20":"pa_tema-estrategia-abstrata","21":"pa_tema-historia","22":"entry","24":"first","25":"instock","26":"purchasable","27":"product-type-redq_rental"},"jetpack_sharing_enabled":true,"_links":{"self":[{"href":"https:\/\/cabanadoelfo.com.br\/loja\/wp-json\/wp\/v2\/product\/1177","targetHints":{"allow":["GET"]}}],"collection":[{"href":"https:\/\/cabanadoelfo.com.br\/loja\/wp-json\/wp\/v2\/product"}],"about":[{"href":"https:\/\/cabanadoelfo.com.br\/loja\/wp-json\/wp\/v2\/types\/product"}],"replies":[{"embeddable":true,"href":"https:\/\/cabanadoelfo.com.br\/loja\/wp-json\/wp\/v2\/comments?post=1177"}],"wp:featuredmedia":[{"embeddable":true,"href":"https:\/\/cabanadoelfo.com.br\/loja\/wp-json\/wp\/v2\/media\/1180"}],"wp:attachment":[{"href":"https:\/\/cabanadoelfo.com.br\/loja\/wp-json\/wp\/v2\/media?parent=1177"}],"wp:term":[{"taxonomy":"product_brand","embeddable":true,"href":"https:\/\/cabanadoelfo.com.br\/loja\/wp-json\/wp\/v2\/product_brand?post=1177"},{"taxonomy":"product_cat","embeddable":true,"href":"https:\/\/cabanadoelfo.com.br\/loja\/wp-json\/wp\/v2\/product_cat?post=1177"},{"taxonomy":"product_tag","embeddable":true,"href":"https:\/\/cabanadoelfo.com.br\/loja\/wp-json\/wp\/v2\/product_tag?post=1177"}],"curies":[{"name":"wp","href":"https:\/\/api.w.org\/{rel}","templated":true}]}}