{"id":1167,"date":"2023-02-11T12:51:05","date_gmt":"2023-02-11T15:51:05","guid":{"rendered":"https:\/\/cabanadoelfo.com.br\/loja\/?post_type=product&#038;p=1167"},"modified":"2024-03-11T07:46:16","modified_gmt":"2024-03-11T10:46:16","slug":"calico","status":"publish","type":"product","link":"https:\/\/cabanadoelfo.com.br\/loja\/jogo\/calico\/","title":{"rendered":"Calico"},"content":{"rendered":"<p>Cada colcha tem um padr\u00e3o particular que deve ser seguido, e os jogadores tamb\u00e9m est\u00e3o tentando criar combina\u00e7\u00f5es de cores e padr\u00f5es que n\u00e3o s\u00e3o apenas esteticamente agrad\u00e1veis, mas tamb\u00e9m capazes de atrair os gatos mais fofos!<\/p>\n<p><iframe loading=\"lazy\" title=\"Calico - Vis\u00e3o geral e Opini\u00f5es\" width=\"500\" height=\"281\" src=\"https:\/\/www.youtube.com\/embed\/8ifQVjosQfs?feature=oembed\" frameborder=\"0\" allow=\"accelerometer; autoplay; clipboard-write; encrypted-media; gyroscope; picture-in-picture; web-share\" referrerpolicy=\"strict-origin-when-cross-origin\" allowfullscreen><\/iframe><\/p>\n<h2>Componentes:<\/h2>\n<ul>\n<li>1 Livro de Regras<\/li>\n<li>1 Sacola de Tecido<\/li>\n<li>1 Bloco de Pontua\u00e7\u00e3o<\/li>\n<li>1 Ficha de Pontua\u00e7\u00e3o dos Bot\u00f5es<\/li>\n<li>1 Medalha de Mestre das Colchas<\/li>\n<li>4 Tabuleiros Dupla Camada de Colcha<\/li>\n<li>5 Fichas Dupla Face de Pontua\u00e7\u00e3o de Gato<\/li>\n<li>6 Pe\u00e7as de Retalho Preto &amp; Branco<\/li>\n<li>24 Pe\u00e7as de Composi\u00e7\u00e3o (4 conjuntos de 6 nas 4 cores de jogador, mostradas no verso)<\/li>\n<li>52 Marcadores de Bot\u00e3o (8 de cada cor + 4 arco-\u00edris)<\/li>\n<li>80 Marcadores de Gato<\/li>\n<li>108 Pe\u00e7as de Retalho Coloridas (6 conjuntos de 18)<\/li>\n<\/ul>\n<h2>Regras para o aluguel:<\/h2>\n<ul>\n<li>O per\u00edodo de aluguel inclui a data de entrega e devolu\u00e7\u00e3o do jogo;<\/li>\n<li>O atraso na devolu\u00e7\u00e3o dos jogos, resultar\u00e1 em cobran\u00e7a adicional no valor de um aluguel di\u00e1rio por cada dia de atraso;<\/li>\n<li>Em caso de danos que comprometam a experi\u00eancia do jogo (perda ou avaria de componentes), o cliente dever\u00e1 arcar com os custos da reposi\u00e7\u00e3o dos componentes (quando dispon\u00edveis no mercado) ou aquisi\u00e7\u00e3o de um novo exemplar do jogo.<\/li>\n<\/ul>\n","protected":false},"excerpt":{"rendered":"<div class=\"woocommerce-product-details__short-description\">\n<p>Calico \u00e9 um jogo de coloca\u00e7\u00e3o de colchas e gatos.<\/p>\n<p>Em Calico, os jogadores competem para costurar a colcha mais aconchegante enquanto colecionam e colocam fragmentos de cores e padr\u00f5es diferentes.<\/p>\n<p><strong>Aux\u00edlio para dalt\u00f4nicos<\/strong><\/p>\n<\/div>\n<div class=\"more-link-wrapper\"><a class=\"more-link\" href=\"https:\/\/cabanadoelfo.com.br\/loja\/jogo\/calico\/\">Read More<span class=\"screen-reader-text\">Calico<\/span><\/a><\/div>\n","protected":false},"featured_media":1173,"comment_status":"open","ping_status":"closed","template":"","meta":[],"product_brand":[],"product_cat":[15],"product_tag":[],"class_list":{"0":"post-1167","1":"product","2":"type-product","3":"status-publish","4":"has-post-thumbnail","6":"product_cat-jogos-de-tabuleiro","7":"pa_complexidade-jogos-familiares","8":"pa_designer-kevin-russ","9":"pa_duracao-45-min","10":"pa_editora-grok-games","11":"pa_estilo-colecionar-conjuntos","12":"pa_estilo-colocacao-de-pecas","13":"pa_estilo-construcao-a-partir-de-modelo","14":"pa_idade-95","15":"pa_idioma-portugues","16":"pa_jogadores-1-a-4","17":"pa_modo-multijogador-competitivo","18":"pa_tema-animais","19":"pa_tema-estrategia-abstrata","20":"pa_tema-quebra-cabeca","21":"entry","23":"first","24":"instock","25":"purchasable","26":"product-type-redq_rental"},"jetpack_sharing_enabled":true,"_links":{"self":[{"href":"https:\/\/cabanadoelfo.com.br\/loja\/wp-json\/wp\/v2\/product\/1167","targetHints":{"allow":["GET"]}}],"collection":[{"href":"https:\/\/cabanadoelfo.com.br\/loja\/wp-json\/wp\/v2\/product"}],"about":[{"href":"https:\/\/cabanadoelfo.com.br\/loja\/wp-json\/wp\/v2\/types\/product"}],"replies":[{"embeddable":true,"href":"https:\/\/cabanadoelfo.com.br\/loja\/wp-json\/wp\/v2\/comments?post=1167"}],"wp:featuredmedia":[{"embeddable":true,"href":"https:\/\/cabanadoelfo.com.br\/loja\/wp-json\/wp\/v2\/media\/1173"}],"wp:attachment":[{"href":"https:\/\/cabanadoelfo.com.br\/loja\/wp-json\/wp\/v2\/media?parent=1167"}],"wp:term":[{"taxonomy":"product_brand","embeddable":true,"href":"https:\/\/cabanadoelfo.com.br\/loja\/wp-json\/wp\/v2\/product_brand?post=1167"},{"taxonomy":"product_cat","embeddable":true,"href":"https:\/\/cabanadoelfo.com.br\/loja\/wp-json\/wp\/v2\/product_cat?post=1167"},{"taxonomy":"product_tag","embeddable":true,"href":"https:\/\/cabanadoelfo.com.br\/loja\/wp-json\/wp\/v2\/product_tag?post=1167"}],"curies":[{"name":"wp","href":"https:\/\/api.w.org\/{rel}","templated":true}]}}