{"id":1161,"date":"2023-02-11T11:28:30","date_gmt":"2023-02-11T14:28:30","guid":{"rendered":"https:\/\/cabanadoelfo.com.br\/loja\/?post_type=product&#038;p=1161"},"modified":"2024-09-18T14:46:52","modified_gmt":"2024-09-18T17:46:52","slug":"tao-long-o-caminho-do-dragao","status":"publish","type":"product","link":"https:\/\/cabanadoelfo.com.br\/loja\/jogo\/tao-long-o-caminho-do-dragao\/","title":{"rendered":"Tao Long: O Caminho do Drag\u00e3o"},"content":{"rendered":"<p style=\"text-align: left\">&#8220;Havia algo sem forma e perfeito antes do Universo nascer. Pela falta de um nome melhor, eu o chamo Tao.&#8221;<br \/>\nLao Tsu<\/p>\n<p>Tao Long \u00e9 um jogo circular no estilo de abstratos em que cada a\u00e7\u00e3o tomada deixa diferentes op\u00e7\u00f5es para seu advers\u00e1rio.<\/p>\n<p>Nele, ambos jogadores controlam drag\u00f5es disputando para enfraquecer o outro enquanto que fatalmente ligados pelo equil\u00edbrio do Tao &#8211; o jogador manipular\u00e1 pedras em um tabuleiro especial para ativar seu drag\u00e3o, deixando esse mesmo tabuleiro para que o oponente manipule em seu turno.<\/p>\n<p>Entre cen\u00e1rios customiz\u00e1veis e modos de jogo cada vez mais profundos, ambos os drag\u00f5es se movem, atacam, bloqueiam seus caminhos e buscam supremacia. Ao fim, deve haver apenas um&#8230; Isto \u00e9, pelo menos at\u00e9 que ventos de mudan\u00e7a soprem novamente.<\/p>\n<p><strong>Indicado ao Pr\u00eamio Ludopedia Jogo Expert do Ano (Designer Nacional) 2018<\/strong><br \/>\n<strong>Indicado ao Pr\u00eamio Ludopedia Jogo Expert do Ano (Designer Nacional) 2018 &#8211; Voto Popular<\/strong><\/p>\n<p><iframe loading=\"lazy\" title=\"Tao Long - Como Jogar\" width=\"500\" height=\"281\" src=\"https:\/\/www.youtube.com\/embed\/NRVvdLfj-vo?feature=oembed\" frameborder=\"0\" allow=\"accelerometer; autoplay; clipboard-write; encrypted-media; gyroscope; picture-in-picture; web-share\" referrerpolicy=\"strict-origin-when-cross-origin\" allowfullscreen><\/iframe><\/p>\n<h2>Componentes:<\/h2>\n<ul>\n<li>1 Livreto de Regras<\/li>\n<li>1 Tabuleiro de Jogo (Ba Gua + Humano)<\/li>\n<li>1 Moeda de Fluxo<\/li>\n<li>1 Pe\u00e7a de Rocha Grande<\/li>\n<li>8 Pe\u00e7as de Rocha Pequena<\/li>\n<li>1 Medidor de Alcance<\/li>\n<li>8 Pe\u00e7as de Portal (2 de cada cor)<\/li>\n<li>8 Pe\u00e7as de Drag\u00e3o (4 brancas e 4 pretas \/ cada conjunto com 3 segmentos e 1 cabe\u00e7a)<\/li>\n<li>8 Pedras de Ba Gua (4 brancas e 4 pretas)<\/li>\n<li>16 Pedras de Elemento (8 de \u00e1gua e 8 de fogo)<\/li>\n<\/ul>\n<h2>Regras para o aluguel:<\/h2>\n<ul>\n<li>O per\u00edodo de aluguel inclui a data de entrega e devolu\u00e7\u00e3o do jogo;<\/li>\n<li>O atraso na devolu\u00e7\u00e3o dos jogos, resultar\u00e1 em cobran\u00e7a adicional no valor de um aluguel di\u00e1rio por cada dia de atraso;<\/li>\n<li>Em caso de danos que comprometam a experi\u00eancia do jogo (perda ou avaria de componentes), o cliente dever\u00e1 arcar com os custos da reposi\u00e7\u00e3o dos componentes (quando dispon\u00edveis no mercado) ou aquisi\u00e7\u00e3o de um novo exemplar do jogo.<\/li>\n<\/ul>\n","protected":false},"excerpt":{"rendered":"<div class=\"woocommerce-product-details__short-description\">\n<p>O valor corresponde ao aluguel di\u00e1rio do jogo. Consulte as condi\u00e7\u00f5es abaixo.<\/p>\n<\/div>\n<div class=\"more-link-wrapper\"><a class=\"more-link\" href=\"https:\/\/cabanadoelfo.com.br\/loja\/jogo\/tao-long-o-caminho-do-dragao\/\">Read More<span class=\"screen-reader-text\">Tao Long: O Caminho do Drag\u00e3o<\/span><\/a><\/div>\n","protected":false},"featured_media":1162,"comment_status":"open","ping_status":"closed","template":"","meta":[],"product_brand":[],"product_cat":[15],"product_tag":[],"class_list":{"0":"post-1161","1":"product","2":"type-product","3":"status-publish","4":"has-post-thumbnail","6":"product_cat-jogos-de-tabuleiro","7":"pa_complexidade-jogos-expert","8":"pa_designer-dox-lucchin","9":"pa_designer-pedro-latro","10":"pa_duracao-20-min","11":"pa_editora-octo-ludustudio","12":"pa_estilo-movimento-em-grade","13":"pa_estilo-movimento-ponto-a-ponto","14":"pa_estilo-movimento-programado","15":"pa_idade-61","16":"pa_idioma-portugues","17":"pa_jogadores-1-a-2","18":"pa_modo-multijogador-competitivo","19":"pa_tema-cultura-oriental","20":"pa_tema-fantasia","21":"pa_tema-historia","22":"pa_tema-jogos-de-guerra","23":"pa_tema-mitologia","24":"entry","26":"first","27":"instock","28":"purchasable","29":"product-type-redq_rental"},"jetpack_sharing_enabled":true,"_links":{"self":[{"href":"https:\/\/cabanadoelfo.com.br\/loja\/wp-json\/wp\/v2\/product\/1161","targetHints":{"allow":["GET"]}}],"collection":[{"href":"https:\/\/cabanadoelfo.com.br\/loja\/wp-json\/wp\/v2\/product"}],"about":[{"href":"https:\/\/cabanadoelfo.com.br\/loja\/wp-json\/wp\/v2\/types\/product"}],"replies":[{"embeddable":true,"href":"https:\/\/cabanadoelfo.com.br\/loja\/wp-json\/wp\/v2\/comments?post=1161"}],"wp:featuredmedia":[{"embeddable":true,"href":"https:\/\/cabanadoelfo.com.br\/loja\/wp-json\/wp\/v2\/media\/1162"}],"wp:attachment":[{"href":"https:\/\/cabanadoelfo.com.br\/loja\/wp-json\/wp\/v2\/media?parent=1161"}],"wp:term":[{"taxonomy":"product_brand","embeddable":true,"href":"https:\/\/cabanadoelfo.com.br\/loja\/wp-json\/wp\/v2\/product_brand?post=1161"},{"taxonomy":"product_cat","embeddable":true,"href":"https:\/\/cabanadoelfo.com.br\/loja\/wp-json\/wp\/v2\/product_cat?post=1161"},{"taxonomy":"product_tag","embeddable":true,"href":"https:\/\/cabanadoelfo.com.br\/loja\/wp-json\/wp\/v2\/product_tag?post=1161"}],"curies":[{"name":"wp","href":"https:\/\/api.w.org\/{rel}","templated":true}]}}