{"id":1143,"date":"2023-01-26T19:19:07","date_gmt":"2023-01-26T22:19:07","guid":{"rendered":"https:\/\/cabanadoelfo.com.br\/loja\/?post_type=product&#038;p=1143"},"modified":"2025-09-20T15:57:15","modified_gmt":"2025-09-20T18:57:15","slug":"cubirds","status":"publish","type":"product","link":"https:\/\/cabanadoelfo.com.br\/loja\/jogo\/cubirds\/","title":{"rendered":"CuBirds"},"content":{"rendered":"<p>Os jogadores come\u00e7am cada nova rodada de CuBirds com oito cartas de p\u00e1ssaros na m\u00e3o. Alguns p\u00e1ssaros tamb\u00e9m se sentam em quatro cercas distintas sobre a mesa. Na sua vez, voc\u00ea coloca uma s\u00e9rie de p\u00e1ssaros id\u00eanticos de sua m\u00e3o na extremidade de uma cerca. Esses p\u00e1ssaros se juntam instantaneamente com qualquer p\u00e1ssaro id\u00eantico j\u00e1 presente nesta cerca, fazendo com que todos os p\u00e1ssaros colocados entre eles voem em sua m\u00e3o. Com suficientes p\u00e1ssaros id\u00eanticos em sua m\u00e3o, voc\u00ea pode fazer um bando, permitindo que voc\u00ea adicione algumas dessas aves na sua \u00e1rea de pontua\u00e7\u00e3o.<\/p>\n<p>Seu objetivo final \u00e9 ser o primeiro jogador a reunir em sua \u00e1rea de pontua\u00e7\u00e3o sete esp\u00e9cies diferentes ou duas esp\u00e9cies com pelo menos tr\u00eas aves id\u00eanticas em cada uma. Cada p\u00e1ssaro vem com uma pequena e uma grande contagem de bandos, ent\u00e3o voc\u00ea pode querer esperar para chegar a um grande bando para adicionar mais p\u00e1ssaros ao mesmo tempo em sua \u00e1rea de pontua\u00e7\u00e3o. Cuidado, no entanto, pois a rodada termina assim que um jogador esvaziar a m\u00e3o, for\u00e7ando todos os jogadores a descartar suas m\u00e3os e planos atuais!<\/p>\n<p><iframe loading=\"lazy\" title=\"CUBIRDS - O nome parece estranho, mas o jogo \u00e9 sensacional\" width=\"500\" height=\"281\" src=\"https:\/\/www.youtube.com\/embed\/E62jTRs9KQc?feature=oembed\" frameborder=\"0\" allow=\"accelerometer; autoplay; clipboard-write; encrypted-media; gyroscope; picture-in-picture; web-share\" referrerpolicy=\"strict-origin-when-cross-origin\" allowfullscreen><\/iframe><\/p>\n<h2>Componentes:<\/h2>\n<ul>\n<li>1 Folheto de Regras<\/li>\n<li>110 Cartas de P\u00e1ssaros (8 esp\u00e9cies diferentes)<\/li>\n<\/ul>\n<h2>Regras para o aluguel:<\/h2>\n<ul>\n<li>O per\u00edodo de aluguel inclui a data de entrega e devolu\u00e7\u00e3o do jogo;<\/li>\n<li>O atraso na devolu\u00e7\u00e3o dos jogos, resultar\u00e1 em cobran\u00e7a adicional no valor de um aluguel di\u00e1rio por cada dia de atraso;<\/li>\n<li>Em caso de danos que comprometam a experi\u00eancia do jogo (perda ou avaria de componentes), o cliente dever\u00e1 arcar com os custos da reposi\u00e7\u00e3o dos componentes (quando dispon\u00edveis no mercado) ou aquisi\u00e7\u00e3o de um novo exemplar do jogo.<\/li>\n<\/ul>\n","protected":false},"excerpt":{"rendered":"<div class=\"woocommerce-product-details__short-description\">\n<p>Todos os dias, dezenas de p\u00e1ssaros param nas cercas do nosso campo. Quando \u00e9 hora de sair, todas essas aves se misturam, incapazes de se organizar em bandos para voar de volta para casa. Ajude-os a encontrar o caminho de volta ao seu ninho.<\/p>\n<\/div>\n<div class=\"more-link-wrapper\"><a class=\"more-link\" href=\"https:\/\/cabanadoelfo.com.br\/loja\/jogo\/cubirds\/\">Read More<span class=\"screen-reader-text\">CuBirds<\/span><\/a><\/div>\n","protected":false},"featured_media":1154,"comment_status":"open","ping_status":"closed","template":"","meta":[],"product_brand":[],"product_cat":[37],"product_tag":[],"class_list":{"0":"post-1143","1":"product","2":"type-product","3":"status-publish","4":"has-post-thumbnail","6":"product_cat-jogo-de-cartas","7":"pa_complexidade-jogo-de-entrada","8":"pa_complexidade-jogos-familiares","9":"pa_designer-stefan-alexander","10":"pa_duracao-20-min","11":"pa_editora-grok-games","12":"pa_estilo-colecionar-conjuntos","13":"pa_estilo-gerenciamento-de-maos","14":"pa_idade-133","15":"pa_idioma-portugues","16":"pa_jogadores-2-a-5","17":"pa_modo-multijogador-competitivo","18":"pa_tema-animais","19":"entry","21":"first","22":"instock","23":"purchasable","24":"product-type-redq_rental"},"jetpack_sharing_enabled":true,"_links":{"self":[{"href":"https:\/\/cabanadoelfo.com.br\/loja\/wp-json\/wp\/v2\/product\/1143","targetHints":{"allow":["GET"]}}],"collection":[{"href":"https:\/\/cabanadoelfo.com.br\/loja\/wp-json\/wp\/v2\/product"}],"about":[{"href":"https:\/\/cabanadoelfo.com.br\/loja\/wp-json\/wp\/v2\/types\/product"}],"replies":[{"embeddable":true,"href":"https:\/\/cabanadoelfo.com.br\/loja\/wp-json\/wp\/v2\/comments?post=1143"}],"wp:featuredmedia":[{"embeddable":true,"href":"https:\/\/cabanadoelfo.com.br\/loja\/wp-json\/wp\/v2\/media\/1154"}],"wp:attachment":[{"href":"https:\/\/cabanadoelfo.com.br\/loja\/wp-json\/wp\/v2\/media?parent=1143"}],"wp:term":[{"taxonomy":"product_brand","embeddable":true,"href":"https:\/\/cabanadoelfo.com.br\/loja\/wp-json\/wp\/v2\/product_brand?post=1143"},{"taxonomy":"product_cat","embeddable":true,"href":"https:\/\/cabanadoelfo.com.br\/loja\/wp-json\/wp\/v2\/product_cat?post=1143"},{"taxonomy":"product_tag","embeddable":true,"href":"https:\/\/cabanadoelfo.com.br\/loja\/wp-json\/wp\/v2\/product_tag?post=1143"}],"curies":[{"name":"wp","href":"https:\/\/api.w.org\/{rel}","templated":true}]}}