{"id":1125,"date":"2023-01-26T16:10:08","date_gmt":"2023-01-26T19:10:08","guid":{"rendered":"https:\/\/cabanadoelfo.com.br\/loja\/?post_type=product&#038;p=1125"},"modified":"2024-09-18T14:58:00","modified_gmt":"2024-09-18T17:58:00","slug":"drillit-a-fuga-da-montanha-de-cristal","status":"publish","type":"product","link":"https:\/\/cabanadoelfo.com.br\/loja\/jogo\/drillit-a-fuga-da-montanha-de-cristal\/","title":{"rendered":"Drillit! A Fuga da Montanha de Cristal"},"content":{"rendered":"<p>Drillit! A fuga da montanha de cristal \u00e9 um jogo cooperativo para 2 a 4 jogadores.<\/p>\n<p>Cada jogador controla um Gnomo especialista que deve cumprir seu papel para proteger o tanque e completar a miss\u00e3o!<\/p>\n<p>Se defender dos Goblins invasores enquanto procuram a sa\u00edda da montanha de Cristal n\u00e3o ser\u00e1 uma tarefa f\u00e1cil!<\/p>\n<p><iframe loading=\"lazy\" title=\"Drillit: Tutorama\" width=\"500\" height=\"281\" src=\"https:\/\/www.youtube.com\/embed\/3c2R2IKlqBc?feature=oembed\" frameborder=\"0\" allow=\"accelerometer; autoplay; clipboard-write; encrypted-media; gyroscope; picture-in-picture; web-share\" referrerpolicy=\"strict-origin-when-cross-origin\" allowfullscreen><\/iframe><\/p>\n<h2>Componentes:<\/h2>\n<ul>\n<li>1 Livreto de Regras<\/li>\n<li>1 Dado<\/li>\n<li>1 Pe\u00e7a de Sa\u00edda<\/li>\n<li>1 Tabuleiro Tanque<\/li>\n<li>5 Pe\u00e7as de Abismo<\/li>\n<li>5 Pe\u00f5es de Jogador<\/li>\n<li>5 Cartas de Personagem<\/li>\n<li>5 Marcadores de Inc\u00eandio<\/li>\n<li>5 Marcadores de Blindagem<\/li>\n<li>5 Marcadores de Dano Permanente<\/li>\n<li>15 Cristais (5 vermelhos, 5 azuis, 5 amarelos)<\/li>\n<li>18 Cartas de Evento<\/li>\n<li>20 Marcadores de Goblins<\/li>\n<li>36 Pe\u00e7as de Caminho<\/li>\n<\/ul>\n<h2>Regras para o aluguel:<\/h2>\n<ul>\n<li>O per\u00edodo de aluguel inclui a data de entrega e devolu\u00e7\u00e3o do jogo;<\/li>\n<li>O atraso na devolu\u00e7\u00e3o dos jogos, resultar\u00e1 em cobran\u00e7a adicional no valor de um aluguel di\u00e1rio por cada dia de atraso;<\/li>\n<li>Em caso de danos que comprometam a experi\u00eancia do jogo (perda ou avaria de componentes), o cliente dever\u00e1 arcar com os custos da reposi\u00e7\u00e3o dos componentes (quando dispon\u00edveis no mercado) ou aquisi\u00e7\u00e3o de um novo exemplar do jogo.<\/li>\n<\/ul>\n","protected":false},"excerpt":{"rendered":"<div class=\"woocommerce-product-details__short-description\">\n<p>O valor corresponde ao aluguel di\u00e1rio do jogo. Consulte as condi\u00e7\u00f5es abaixo.<\/p>\n<\/div>\n<div class=\"more-link-wrapper\"><a class=\"more-link\" href=\"https:\/\/cabanadoelfo.com.br\/loja\/jogo\/drillit-a-fuga-da-montanha-de-cristal\/\">Read More<span class=\"screen-reader-text\">Drillit! A Fuga da Montanha de Cristal<\/span><\/a><\/div>\n","protected":false},"featured_media":1131,"comment_status":"open","ping_status":"closed","template":"","meta":[],"product_brand":[],"product_cat":[15],"product_tag":[],"class_list":{"0":"post-1125","1":"product","2":"type-product","3":"status-publish","4":"has-post-thumbnail","6":"product_cat-jogos-de-tabuleiro","7":"pa_complexidade-jogos-expert","8":"pa_designer-lucas-pereira","9":"pa_designer-pedro-nastari","10":"pa_duracao-30-min","11":"pa_editora-ludens-spirit","12":"pa_estilo-colecionar-conjuntos","13":"pa_estilo-colocacao-de-pecas","14":"pa_estilo-construcao-de-rotas","15":"pa_estilo-grade-hexagonal","16":"pa_estilo-jogadores-com-diferentes-habilidades","17":"pa_estilo-rolagem-de-dados","18":"pa_estilo-sistema-de-pontos-de-acao","19":"pa_estilo-tabuleiro-modular","20":"pa_idade-133","21":"pa_idioma-portugues","22":"pa_jogadores-2-a-4","23":"pa_modo-multijogador-cooperativo","24":"pa_tema-aventura","25":"pa_tema-fantasia","26":"pa_tema-humor","27":"entry","29":"first","30":"instock","31":"purchasable","32":"product-type-redq_rental"},"jetpack_sharing_enabled":true,"_links":{"self":[{"href":"https:\/\/cabanadoelfo.com.br\/loja\/wp-json\/wp\/v2\/product\/1125","targetHints":{"allow":["GET"]}}],"collection":[{"href":"https:\/\/cabanadoelfo.com.br\/loja\/wp-json\/wp\/v2\/product"}],"about":[{"href":"https:\/\/cabanadoelfo.com.br\/loja\/wp-json\/wp\/v2\/types\/product"}],"replies":[{"embeddable":true,"href":"https:\/\/cabanadoelfo.com.br\/loja\/wp-json\/wp\/v2\/comments?post=1125"}],"wp:featuredmedia":[{"embeddable":true,"href":"https:\/\/cabanadoelfo.com.br\/loja\/wp-json\/wp\/v2\/media\/1131"}],"wp:attachment":[{"href":"https:\/\/cabanadoelfo.com.br\/loja\/wp-json\/wp\/v2\/media?parent=1125"}],"wp:term":[{"taxonomy":"product_brand","embeddable":true,"href":"https:\/\/cabanadoelfo.com.br\/loja\/wp-json\/wp\/v2\/product_brand?post=1125"},{"taxonomy":"product_cat","embeddable":true,"href":"https:\/\/cabanadoelfo.com.br\/loja\/wp-json\/wp\/v2\/product_cat?post=1125"},{"taxonomy":"product_tag","embeddable":true,"href":"https:\/\/cabanadoelfo.com.br\/loja\/wp-json\/wp\/v2\/product_tag?post=1125"}],"curies":[{"name":"wp","href":"https:\/\/api.w.org\/{rel}","templated":true}]}}