{"id":1115,"date":"2023-01-26T15:41:51","date_gmt":"2023-01-26T18:41:51","guid":{"rendered":"https:\/\/cabanadoelfo.com.br\/loja\/?post_type=product&#038;p=1115"},"modified":"2024-03-11T07:47:11","modified_gmt":"2024-03-11T10:47:11","slug":"kingdomino-origens","status":"publish","type":"product","link":"https:\/\/cabanadoelfo.com.br\/loja\/jogo\/kingdomino-origens\/","title":{"rendered":"Kingdomino Origins"},"content":{"rendered":"<p>H\u00e1 3 modos de jogo em Kingdomino Origins: o primeiro introduz vulc\u00f5es e fogo, o segundo utiliza recursos naturais para melhorar sua pontua\u00e7\u00e3o e o terceiro modo recruta homens das cavernas para ajudar sua tribo.<\/p>\n<p>Redescubra Kingdomino com um cen\u00e1rio e regras totalmente diferentes em um novo jogo completamente independente.<\/p>\n<p><iframe loading=\"lazy\" title=\"KINGDOMINO ORIGINS | Regras + Review\" width=\"500\" height=\"281\" src=\"https:\/\/www.youtube.com\/embed\/Pbp_P1xB2d8?feature=oembed\" frameborder=\"0\" allow=\"accelerometer; autoplay; clipboard-write; encrypted-media; gyroscope; picture-in-picture; web-share\" referrerpolicy=\"strict-origin-when-cross-origin\" allowfullscreen><\/iframe><\/p>\n<h2>Componentes:<\/h2>\n<ul>\n<li>1 Livreto de Regras<\/li>\n<li>1 Bloco de Pontua\u00e7\u00e3o<\/li>\n<li>1 Tabuleiro da Caverna<\/li>\n<li>4 Cabanas<\/li>\n<li>4 Pe\u00e7as de Totem<\/li>\n<li>4 Pe\u00e7as de \u00c1rea Inicial<\/li>\n<li>8 Chefes Tribais de Madeira<\/li>\n<li>10 Fichas de Fogo<\/li>\n<li>22 Pe\u00e7as de Habitantes das Cavernas<\/li>\n<li>48 Pe\u00e7as de Paisagem<\/li>\n<li>49 Recursos de Madeira<\/li>\n<\/ul>\n<h2>Regras para o aluguel:<\/h2>\n<ul>\n<li>O per\u00edodo de aluguel inclui a data de entrega e devolu\u00e7\u00e3o do jogo;<\/li>\n<li>O atraso na devolu\u00e7\u00e3o dos jogos, resultar\u00e1 em cobran\u00e7a adicional no valor de um aluguel di\u00e1rio por cada dia de atraso;<\/li>\n<li>Em caso de danos que comprometam a experi\u00eancia do jogo (perda ou avaria de componentes), o cliente dever\u00e1 arcar com os custos da reposi\u00e7\u00e3o dos componentes (quando dispon\u00edveis no mercado) ou aquisi\u00e7\u00e3o de um novo exemplar do jogo.<\/li>\n<\/ul>\n","protected":false},"excerpt":{"rendered":"<div class=\"woocommerce-product-details__short-description\">\n<p>Tudo come\u00e7ou com o fogo! Viaje no tempo at\u00e9 a era pr\u00e9-hist\u00f3rica de Kingdomino!<\/p>\n<p>Em Kingdomino Origins, desenvolva sua tribo, levando o fogo a seus v\u00e1rios acampamentos, com ajuda dos terr\u00edveis vulc\u00f5es e suas erup\u00e7\u00f5es. Explore recursos naturais: mamutes, peixes, s\u00edlex e cogumelos, para recrutar destemidos homens das cavernas, aumentando sua tribo e seu territ\u00f3rio de ca\u00e7a!<\/p>\n<\/div>\n<div class=\"more-link-wrapper\"><a class=\"more-link\" href=\"https:\/\/cabanadoelfo.com.br\/loja\/jogo\/kingdomino-origens\/\">Read More<span class=\"screen-reader-text\">Kingdomino Origins<\/span><\/a><\/div>\n","protected":false},"featured_media":1118,"comment_status":"open","ping_status":"closed","template":"","meta":[],"product_brand":[],"product_cat":[15],"product_tag":[],"class_list":{"0":"post-1115","1":"product","2":"type-product","3":"status-publish","4":"has-post-thumbnail","6":"product_cat-jogos-de-tabuleiro","7":"pa_complexidade-jogo-de-entrada","8":"pa_complexidade-jogos-familiares","9":"pa_designer-bruno-cathala","10":"pa_duracao-25-min","11":"pa_editora-papergames","12":"pa_estilo-colocacao-de-pecas","13":"pa_idade-133","14":"pa_idioma-portugues","15":"pa_jogadores-2-a-4","16":"pa_modo-multijogador-competitivo","17":"pa_tema-civilizacao","18":"pa_tema-pre-historico","19":"entry","21":"first","22":"instock","23":"purchasable","24":"product-type-redq_rental"},"jetpack_sharing_enabled":true,"_links":{"self":[{"href":"https:\/\/cabanadoelfo.com.br\/loja\/wp-json\/wp\/v2\/product\/1115","targetHints":{"allow":["GET"]}}],"collection":[{"href":"https:\/\/cabanadoelfo.com.br\/loja\/wp-json\/wp\/v2\/product"}],"about":[{"href":"https:\/\/cabanadoelfo.com.br\/loja\/wp-json\/wp\/v2\/types\/product"}],"replies":[{"embeddable":true,"href":"https:\/\/cabanadoelfo.com.br\/loja\/wp-json\/wp\/v2\/comments?post=1115"}],"wp:featuredmedia":[{"embeddable":true,"href":"https:\/\/cabanadoelfo.com.br\/loja\/wp-json\/wp\/v2\/media\/1118"}],"wp:attachment":[{"href":"https:\/\/cabanadoelfo.com.br\/loja\/wp-json\/wp\/v2\/media?parent=1115"}],"wp:term":[{"taxonomy":"product_brand","embeddable":true,"href":"https:\/\/cabanadoelfo.com.br\/loja\/wp-json\/wp\/v2\/product_brand?post=1115"},{"taxonomy":"product_cat","embeddable":true,"href":"https:\/\/cabanadoelfo.com.br\/loja\/wp-json\/wp\/v2\/product_cat?post=1115"},{"taxonomy":"product_tag","embeddable":true,"href":"https:\/\/cabanadoelfo.com.br\/loja\/wp-json\/wp\/v2\/product_tag?post=1115"}],"curies":[{"name":"wp","href":"https:\/\/api.w.org\/{rel}","templated":true}]}}