{"id":1104,"date":"2023-01-26T12:37:28","date_gmt":"2023-01-26T15:37:28","guid":{"rendered":"https:\/\/cabanadoelfo.com.br\/loja\/?post_type=product&#038;p=1104"},"modified":"2026-01-01T19:00:49","modified_gmt":"2026-01-01T22:00:49","slug":"walk-the-plank-deluxe-edition-expansao-piratas-ao-mar","status":"publish","type":"product","link":"https:\/\/cabanadoelfo.com.br\/loja\/jogo\/walk-the-plank-deluxe-edition-expansao-piratas-ao-mar\/","title":{"rendered":"Walk the Plank"},"content":{"rendered":"<p>Devido a uma escassez de piratas, o capit\u00e3o decidiu que ele est\u00e1 disposto a manter dois de voc\u00eas na tripula\u00e7\u00e3o. Para provarem seu valor, voc\u00eas lutar\u00e3o entre si, tentando empurrar os piratas dos outros jogadores para fora da prancha enquanto mant\u00eam os seus piratas vivos. Os dois \u00faltimos piratas sobreviventes vencem o jogo!<\/p>\n<p>Mas cuidado, pois \u00e0s vezes todos os piratas acabar\u00e3o na \u00e1gua, o que significa que ningu\u00e9m vence, exceto o Kraken, que rodeia aquelas \u00e1guas.<\/p>\n<p>Esta Edi\u00e7\u00e3o de Luxo cont\u00e9m uma nova arte, pe\u00e7as de madeira serigrafadas, uma expans\u00e3o (Pirata Fantasma) e um novo manual de regras.<\/p>\n<p><iframe loading=\"lazy\" title=\"WALK THE PLANK em 9 minutos\" width=\"500\" height=\"281\" src=\"https:\/\/www.youtube.com\/embed\/rzLXJ9Q60CY?feature=oembed\" frameborder=\"0\" allow=\"accelerometer; autoplay; clipboard-write; encrypted-media; gyroscope; picture-in-picture; web-share\" referrerpolicy=\"strict-origin-when-cross-origin\" allowfullscreen><\/iframe><\/p>\n<h2>Componentes Jogo Base:<\/h2>\n<ul>\n<li>1 Folheto de Regras<\/li>\n<li>1 Navio<\/li>\n<li>1 Kraken<\/li>\n<li>1 Pirata Fantasma<\/li>\n<li>1 Ficha de Capit\u00e3o<\/li>\n<li>3 Peda\u00e7os da Prancha<\/li>\n<li>15 Piratas (3 de cada cor)<\/li>\n<li>50 Cartas (5 conjuntos de 10 cartas em 5 cores)<\/li>\n<\/ul>\n<h2>Expans\u00e3o Piratas ao Mar<\/h2>\n<p>A Expans\u00e3o \u201cPiratas ao Mar\u201d, para o jogo Walk the Plank, aumenta a disputa pela sobreviv\u00eancia, adicionando 5 novas a\u00e7\u00f5es para ajudar a manter seu pirata vivo enquanto empurra os piratas dos outros jogadores diretamente para a boca do Kraken!<\/p>\n<p>Ser\u00e1 que explos\u00f5es, almas penadas, curingas e malandros v\u00e3o garantir sua vit\u00f3ria?<\/p>\n<h3>Componentes Expans\u00e3o Piratas ao Mar:<\/h3>\n<ul>\n<li>2 Cartas de Regras<\/li>\n<li>25 Cartas de A\u00e7\u00e3o (5 conjuntos de 5 cores)<\/li>\n<\/ul>\n<h2>Regras para o aluguel:<\/h2>\n<ul>\n<li>O per\u00edodo de aluguel inclui a data de entrega e devolu\u00e7\u00e3o do jogo;<\/li>\n<li>O atraso na devolu\u00e7\u00e3o dos jogos, resultar\u00e1 em cobran\u00e7a adicional no valor de um aluguel di\u00e1rio por cada dia de atraso;<\/li>\n<li>Em caso de danos que comprometam a experi\u00eancia do jogo (perda ou avaria de componentes), o cliente dever\u00e1 arcar com os custos da reposi\u00e7\u00e3o dos componentes (quando dispon\u00edveis no mercado) ou aquisi\u00e7\u00e3o de um novo exemplar do jogo.<\/li>\n<\/ul>\n","protected":false},"excerpt":{"rendered":"<div class=\"woocommerce-product-details__short-description\">\n<p>Em Walk The Plank, voc\u00eas representam os piores piratas da tripula\u00e7\u00e3o de um navio. O capit\u00e3o enquadrou-os porque voc\u00eas s\u00e3o pregui\u00e7osos e est\u00fapidos demais para merecerem sua parte do rum e do butim.<\/p>\n<p><strong>Edi\u00e7\u00e3o Deluxe<\/strong><\/p>\n<p><strong>Inclui a Expans\u00e3o:<\/strong><\/p>\n<ul>\n<li><b>Piratas ao Mar<\/b><\/li>\n<\/ul>\n<\/div>\n<div class=\"more-link-wrapper\"><a class=\"more-link\" href=\"https:\/\/cabanadoelfo.com.br\/loja\/jogo\/walk-the-plank-deluxe-edition-expansao-piratas-ao-mar\/\">Read More<span class=\"screen-reader-text\">Walk the Plank<\/span><\/a><\/div>\n","protected":false},"featured_media":1107,"comment_status":"open","ping_status":"closed","template":"","meta":[],"product_brand":[],"product_cat":[37],"product_tag":[],"class_list":{"0":"post-1104","1":"product","2":"type-product","3":"status-publish","4":"has-post-thumbnail","6":"product_cat-jogo-de-cartas","7":"pa_complexidade-jogo-de-entrada","8":"pa_complexidade-jogos-familiares","9":"pa_designer-jared-tinney","10":"pa_designer-shane-steely","11":"pa_duracao-20-min","12":"pa_editora-papergames","13":"pa_estilo-eliminacao-de-jogadores","14":"pa_estilo-movimento-programado","15":"pa_estilo-selecao-de-acao-simultanea","16":"pa_estilo-toma-essa","17":"pa_idade-133","18":"pa_idioma-portugues","19":"pa_jogadores-3-a-5","20":"pa_modo-multijogador-competitivo","21":"pa_tema-humor","22":"pa_tema-piratas","23":"entry","25":"first","26":"instock","27":"purchasable","28":"product-type-redq_rental"},"jetpack_sharing_enabled":true,"_links":{"self":[{"href":"https:\/\/cabanadoelfo.com.br\/loja\/wp-json\/wp\/v2\/product\/1104","targetHints":{"allow":["GET"]}}],"collection":[{"href":"https:\/\/cabanadoelfo.com.br\/loja\/wp-json\/wp\/v2\/product"}],"about":[{"href":"https:\/\/cabanadoelfo.com.br\/loja\/wp-json\/wp\/v2\/types\/product"}],"replies":[{"embeddable":true,"href":"https:\/\/cabanadoelfo.com.br\/loja\/wp-json\/wp\/v2\/comments?post=1104"}],"wp:featuredmedia":[{"embeddable":true,"href":"https:\/\/cabanadoelfo.com.br\/loja\/wp-json\/wp\/v2\/media\/1107"}],"wp:attachment":[{"href":"https:\/\/cabanadoelfo.com.br\/loja\/wp-json\/wp\/v2\/media?parent=1104"}],"wp:term":[{"taxonomy":"product_brand","embeddable":true,"href":"https:\/\/cabanadoelfo.com.br\/loja\/wp-json\/wp\/v2\/product_brand?post=1104"},{"taxonomy":"product_cat","embeddable":true,"href":"https:\/\/cabanadoelfo.com.br\/loja\/wp-json\/wp\/v2\/product_cat?post=1104"},{"taxonomy":"product_tag","embeddable":true,"href":"https:\/\/cabanadoelfo.com.br\/loja\/wp-json\/wp\/v2\/product_tag?post=1104"}],"curies":[{"name":"wp","href":"https:\/\/api.w.org\/{rel}","templated":true}]}}