{"id":104,"date":"2020-11-12T13:12:47","date_gmt":"2020-11-12T16:12:47","guid":{"rendered":"https:\/\/bloopix.com.br\/cabt2\/lojatp\/?post_type=product&#038;p=104"},"modified":"2025-09-13T13:24:24","modified_gmt":"2025-09-13T16:24:24","slug":"bang","status":"publish","type":"product","link":"https:\/\/cabanadoelfo.com.br\/loja\/jogo\/bang\/","title":{"rendered":"Bang!"},"content":{"rendered":"<p>Quando um homem com uma pistola encontra um homem com uma Winchester, voc\u00ea pode dizer que o que est\u00e1 com a pistola est\u00e1 morto&#8230; A n\u00e3o ser que essa pistola seja uma Volcanic!<br \/>\nNo Velho Oeste, os Fora da lei ca\u00e7am o Xerife, o Xerife ca\u00e7a os Fora da lei, e o Renegado age em sil\u00eancio, pronto para se juntar a um ou ao outro lado. E logo as balas come\u00e7as a voar!<br \/>\nQual pistoleiro \u00e9 o Vice-Xerife, disposto a se sacrificar pelo Xerife? E quais pistoleiros s\u00e3o os impiedosos Fora da lei, buscando derrub\u00e1-lo?<br \/>\nBang! \u00e9 um divertido jogo de tiros semicooperativo onde cada jogador assume um papel, representando um personagem inspirado em celebridades do velho Oeste.<\/p>\n<p><iframe loading=\"lazy\" title=\"Como Jogar Bang\" width=\"500\" height=\"281\" src=\"https:\/\/www.youtube.com\/embed\/X_pULD3bA58?feature=oembed\" frameborder=\"0\" allow=\"accelerometer; autoplay; clipboard-write; encrypted-media; gyroscope; picture-in-picture; web-share\" referrerpolicy=\"strict-origin-when-cross-origin\" allowfullscreen><\/iframe><\/p>\n<h2>Componentes:<\/h2>\n<ul>\n<li>1 Livro de Regras<\/li>\n<li>7 Tabuleiros Individuais<\/li>\n<li>30 Balas Cartonadas<\/li>\n<li>110 Cartas (56 x 87 mm):<br \/>\n\u2013 7 Cartas de Resumo<br \/>\n\u2013 7 Cartas de Identidade (1 xerife, 2 vice, 3 fora da Lei, 1 renegado)<br \/>\n\u2013 16 Cartas de Personagens<br \/>\n\u2013 80 Cartas de A\u00e7\u00e3o<\/li>\n<\/ul>\n<h2>Regras para o aluguel:<\/h2>\n<ul>\n<li>O per\u00edodo de aluguel inclui a data de entrega e devolu\u00e7\u00e3o do jogo;<\/li>\n<li>O atraso na devolu\u00e7\u00e3o dos jogos, resultar\u00e1 em cobran\u00e7a adicional no valor de um aluguel di\u00e1rio por cada dia de atraso;<\/li>\n<li>Em caso de danos que comprometam a experi\u00eancia do jogo (perda ou avaria de componentes), o cliente dever\u00e1 arcar com os custos da reposi\u00e7\u00e3o dos componentes (quando dispon\u00edveis no mercado) ou aquisi\u00e7\u00e3o de um novo exemplar do jogo.<\/li>\n<\/ul>\n","protected":false},"excerpt":{"rendered":"<p>O valor corresponde ao aluguel di\u00e1rio do jogo. Consulte as condi\u00e7\u00f5es abaixo.<\/p>\n<div class=\"more-link-wrapper\"><a class=\"more-link\" href=\"https:\/\/cabanadoelfo.com.br\/loja\/jogo\/bang\/\">Read More<span class=\"screen-reader-text\">Bang!<\/span><\/a><\/div>\n","protected":false},"featured_media":212,"comment_status":"open","ping_status":"closed","template":"","meta":[],"product_brand":[],"product_cat":[37],"product_tag":[],"class_list":{"0":"post-104","1":"product","2":"type-product","3":"status-publish","4":"has-post-thumbnail","6":"product_cat-jogo-de-cartas","7":"pa_complexidade-jogos-familiares","8":"pa_designer-emiliano-sciarra","9":"pa_duracao-30-min","10":"pa_editora-grow","11":"pa_estilo-blefe","12":"pa_estilo-campanha-batalhas-dirigidas-por-cartas","13":"pa_estilo-deducao","14":"pa_estilo-jogadores-com-diferentes-habilidades","15":"pa_estilo-jogo-em-equipe","16":"pa_idade-35","17":"pa_idioma-portugues","18":"pa_jogadores-4-a-7","19":"pa_modo-multijogador-semi-cooperativo","20":"pa_tema-faroeste","21":"entry","23":"first","24":"instock","25":"purchasable","26":"product-type-redq_rental"},"jetpack_sharing_enabled":true,"_links":{"self":[{"href":"https:\/\/cabanadoelfo.com.br\/loja\/wp-json\/wp\/v2\/product\/104","targetHints":{"allow":["GET"]}}],"collection":[{"href":"https:\/\/cabanadoelfo.com.br\/loja\/wp-json\/wp\/v2\/product"}],"about":[{"href":"https:\/\/cabanadoelfo.com.br\/loja\/wp-json\/wp\/v2\/types\/product"}],"replies":[{"embeddable":true,"href":"https:\/\/cabanadoelfo.com.br\/loja\/wp-json\/wp\/v2\/comments?post=104"}],"wp:featuredmedia":[{"embeddable":true,"href":"https:\/\/cabanadoelfo.com.br\/loja\/wp-json\/wp\/v2\/media\/212"}],"wp:attachment":[{"href":"https:\/\/cabanadoelfo.com.br\/loja\/wp-json\/wp\/v2\/media?parent=104"}],"wp:term":[{"taxonomy":"product_brand","embeddable":true,"href":"https:\/\/cabanadoelfo.com.br\/loja\/wp-json\/wp\/v2\/product_brand?post=104"},{"taxonomy":"product_cat","embeddable":true,"href":"https:\/\/cabanadoelfo.com.br\/loja\/wp-json\/wp\/v2\/product_cat?post=104"},{"taxonomy":"product_tag","embeddable":true,"href":"https:\/\/cabanadoelfo.com.br\/loja\/wp-json\/wp\/v2\/product_tag?post=104"}],"curies":[{"name":"wp","href":"https:\/\/api.w.org\/{rel}","templated":true}]}}