{"id":1011,"date":"2022-08-02T23:33:29","date_gmt":"2022-08-03T02:33:29","guid":{"rendered":"https:\/\/cabanadoelfo.com.br\/loja\/?post_type=product&#038;p=1011"},"modified":"2024-05-05T19:10:49","modified_gmt":"2024-05-05T22:10:49","slug":"camel-up-2a-edicao-2018","status":"publish","type":"product","link":"https:\/\/cabanadoelfo.com.br\/loja\/jogo\/camel-up-2a-edicao-2018\/","title":{"rendered":"Camel Up"},"content":{"rendered":"<p>Em Camel Up, at\u00e9 oito jogadores apostam em cinco camelos de corrida, tentando descobrir quais ser\u00e3o os primeiros e segundos colocados em uma corrida r\u00e1pida em torno de uma pir\u00e2mide. Quanto mais cedo voc\u00ea fizer a sua aposta, mais voc\u00ea pode ganhar &#8211; voc\u00ea deve adivinhar corretamente, \u00e9 claro. Os camelos n\u00e3o correm bem, no entanto, \u00e0s vezes pousam em cima de outro e s\u00e3o levados para a linha de chegada. Quem vai correr quando? Isso tudo depende de como os dados saem do agitador de dados da pir\u00e2mide, que libera um dado de cada vez quando os jogadores fazem uma pausa de suas apostas tempo suficiente para ver quem realmente est\u00e1 se movendo!<\/p>\n<p>E para deixar tudo ainda mais dif\u00edcil, esta edi\u00e7\u00e3o de 2018 do Camel Up apresenta dois novos participantes &#8211; camelos desonestos malucos que come\u00e7am a corrida na dire\u00e7\u00e3o oposta! E apesar de serem imediatamente desqualificados, eles n\u00e3o abandonam a competi\u00e7\u00e3o&#8230; Voc\u00ea nunca sabe como uma corrida vai acabar! Prepare os dados e seus palpites, que a divers\u00e3o vai come\u00e7ar!<\/p>\n<p><iframe loading=\"lazy\" title=\"Camel Up - Bota na Mesa para Conhecer - Ep 047\" width=\"500\" height=\"281\" src=\"https:\/\/www.youtube.com\/embed\/GNpeg1O_y20?feature=oembed\" frameborder=\"0\" allow=\"accelerometer; autoplay; clipboard-write; encrypted-media; gyroscope; picture-in-picture; web-share\" referrerpolicy=\"strict-origin-when-cross-origin\" allowfullscreen><\/iframe><\/p>\n<h2>Componentes:<\/h2>\n<ul>\n<li>1 Folheto de Regras<\/li>\n<li>1 Tabuleiro com uma Palmeira 3D Gigante<\/li>\n<li>1 Pir\u00e2mide de Dados<\/li>\n<li>1 Marcador de Jogador Inicial<\/li>\n<li>1 Dado Cinza (3 n\u00fameros brancos e 3 n\u00fameros pretos)<\/li>\n<li>2 Camelos Doidos (1 branco e 1 preto)<\/li>\n<li>5 Camelos de Corrida (1 de cada cor)<\/li>\n<li>5 Dados de Corrida (1 de cada cor correspondente aos camelos de corrida)<\/li>\n<li>5 Fichas de Pir\u00e2mide<\/li>\n<li>8 Pe\u00e7as de P\u00fablico (1 de cada personagem \/ lado da torcida e lado das vaias)<\/li>\n<li>8 Cartas de Parceria (1 de cada personagem \/ lado dispon\u00edvel e lado da parceria)<\/li>\n<li>20 Fichas de Apostas (4 de cada cor)<\/li>\n<li>40 Cartas de Aposta (5 de cada personagem \/ frente e verso)<\/li>\n<li>79 Moedas de Libras Eg\u00edpcias (49 de valor 1 e 30 de valor 5)<\/li>\n<\/ul>\n<h2>Regras para o aluguel:<\/h2>\n<ul>\n<li>O per\u00edodo de aluguel inclui a data de entrega e devolu\u00e7\u00e3o do jogo;<\/li>\n<li>O atraso na devolu\u00e7\u00e3o dos jogos, resultar\u00e1 em cobran\u00e7a adicional no valor de um aluguel di\u00e1rio por cada dia de atraso;<\/li>\n<li>Em caso de danos que comprometam a experi\u00eancia do jogo (perda ou avaria de componentes), o cliente dever\u00e1 arcar com os custos da reposi\u00e7\u00e3o dos componentes (quando dispon\u00edveis no mercado) ou aquisi\u00e7\u00e3o de um novo exemplar do jogo.<\/li>\n<\/ul>\n","protected":false},"excerpt":{"rendered":"<div class=\"woocommerce-product-details__short-description\">\n<p>Bem-vindo \u00e0 corrida de camelos mais louca que voc\u00ea j\u00e1 viu, na qual \u00e9 poss\u00edvel apostar nos camelos mais promissores e ficar rico! Mas os camelos gostam de carregar uns aos outros nas costas, ent\u00e3o, apostar certo n\u00e3o \u00e9 t\u00e3o f\u00e1cil quanto parece. Saber avistar as oportunidades \u00e9 quase t\u00e3o importante quanto entender a din\u00e2mica da corrida.<\/p>\n<\/div>\n<div class=\"more-link-wrapper\"><a class=\"more-link\" href=\"https:\/\/cabanadoelfo.com.br\/loja\/jogo\/camel-up-2a-edicao-2018\/\">Read More<span class=\"screen-reader-text\">Camel Up<\/span><\/a><\/div>\n","protected":false},"featured_media":1013,"comment_status":"open","ping_status":"closed","template":"","meta":[],"product_brand":[],"product_cat":[86,15],"product_tag":[],"class_list":{"0":"post-1011","1":"product","2":"type-product","3":"status-publish","4":"has-post-thumbnail","6":"product_cat-jogo-de-dados","7":"product_cat-jogos-de-tabuleiro","8":"pa_complexidade-jogos-familiares","9":"pa_designer-steffen-bogen","10":"pa_duracao-45-min","11":"pa_editora-galapagos-jogos","12":"pa_estilo-apostas","13":"pa_estilo-force-sua-sorte","14":"pa_estilo-rolagem-de-dados","15":"pa_estilo-rolar-e-mover","16":"pa_idade-133","17":"pa_idioma-portugues","18":"pa_jogadores-3-a-8","19":"pa_modo-multijogador-competitivo","20":"pa_tema-animais","21":"pa_tema-esportes","22":"entry","24":"first","25":"instock","26":"purchasable","27":"product-type-redq_rental"},"jetpack_sharing_enabled":true,"_links":{"self":[{"href":"https:\/\/cabanadoelfo.com.br\/loja\/wp-json\/wp\/v2\/product\/1011","targetHints":{"allow":["GET"]}}],"collection":[{"href":"https:\/\/cabanadoelfo.com.br\/loja\/wp-json\/wp\/v2\/product"}],"about":[{"href":"https:\/\/cabanadoelfo.com.br\/loja\/wp-json\/wp\/v2\/types\/product"}],"replies":[{"embeddable":true,"href":"https:\/\/cabanadoelfo.com.br\/loja\/wp-json\/wp\/v2\/comments?post=1011"}],"wp:featuredmedia":[{"embeddable":true,"href":"https:\/\/cabanadoelfo.com.br\/loja\/wp-json\/wp\/v2\/media\/1013"}],"wp:attachment":[{"href":"https:\/\/cabanadoelfo.com.br\/loja\/wp-json\/wp\/v2\/media?parent=1011"}],"wp:term":[{"taxonomy":"product_brand","embeddable":true,"href":"https:\/\/cabanadoelfo.com.br\/loja\/wp-json\/wp\/v2\/product_brand?post=1011"},{"taxonomy":"product_cat","embeddable":true,"href":"https:\/\/cabanadoelfo.com.br\/loja\/wp-json\/wp\/v2\/product_cat?post=1011"},{"taxonomy":"product_tag","embeddable":true,"href":"https:\/\/cabanadoelfo.com.br\/loja\/wp-json\/wp\/v2\/product_tag?post=1011"}],"curies":[{"name":"wp","href":"https:\/\/api.w.org\/{rel}","templated":true}]}}