{"id":1000,"date":"2022-07-30T02:44:19","date_gmt":"2022-07-30T05:44:19","guid":{"rendered":"https:\/\/cabanadoelfo.com.br\/loja\/?post_type=product&#038;p=1000"},"modified":"2024-03-11T07:47:46","modified_gmt":"2024-03-11T10:47:46","slug":"recto-verso","status":"publish","type":"product","link":"https:\/\/cabanadoelfo.com.br\/loja\/jogo\/recto-verso\/","title":{"rendered":"Recto Verso"},"content":{"rendered":"<p><strong>Comunica\u00e7\u00e3o, colabora\u00e7\u00e3o e velocidade!<\/strong><\/p>\n<p>Cada turno, dois jogadores devem construir um edif\u00edcio o mais r\u00e1pido que puderem.\u00a0Mas cada um s\u00f3 pode ver um lado do padr\u00e3o e do edif\u00edcio: um v\u00ea a frente e o outro o verso!\u00a0Ent\u00e3o prepare o cron\u00f4metro!\u00a0Uma reedi\u00e7\u00e3o de La Boca com nova arte e modo para dois jogadores.<\/p>\n<p>Criar horizontes de beleza e excentricidade semelhantes \u00e9 o objetivo das equipes de constru\u00e7\u00e3o que jogam Recto Verso. Ao trocar equipes de dois que se sentam frente a frente, os jogadores tentam criar horizontes em cartas de desafio \u2013 mas os jogadores podem ver a imagem completa apenas do seu ponto de vista, ent\u00e3o eles devem consultar uns aos outros constantemente para garantir que cada bloco colorido acaba no local certo enquanto corre contra o cron\u00f4metro.<\/p>\n<p>Quanto mais r\u00e1pido os jogadores completarem sua constru\u00e7\u00e3o, mais pontos eles marcar\u00e3o. Em seguida, a pr\u00f3xima equipe se senta, desmonta os blocos e come\u00e7a a construir de novo.\u00a0Quem tiver mais pontos ap\u00f3s um certo n\u00famero de rodadas vence.<\/p>\n<p>Um novo modo cooperativo de 2 jogadores foi adicionado a esta edi\u00e7\u00e3o.<\/p>\n<h2>Componentes:<\/h2>\n<ul>\n<li>1 Folheto de Regras<\/li>\n<li>1 Tabuleiro Dupla Face<\/li>\n<li>11 Pe\u00e7as de Constru\u00e7\u00e3o em Madeira<\/li>\n<li>6 Fichas Grandes Hexagonais de Jogador (1 de cada cor)<\/li>\n<li>30 Fichas Hexagonais de Parceiros (5 de cada cor)<\/li>\n<li>32 Cartas de Edif\u00edcio com Fundo Azul Claro (normal)<\/li>\n<li>32 Cartas de Edif\u00edcio com Fundo Roxo (dif\u00edcil)<\/li>\n<li>100 Fichas de Ponto de Vit\u00f3ria (fichas redondas com valores entre 1 e 20)<\/li>\n<\/ul>\n<h2>Regras para o aluguel:<\/h2>\n<ul>\n<li>O per\u00edodo de aluguel inclui a data de entrega e devolu\u00e7\u00e3o do jogo;<\/li>\n<li>O atraso na devolu\u00e7\u00e3o dos jogos, resultar\u00e1 em cobran\u00e7a adicional no valor de um aluguel di\u00e1rio por cada dia de atraso;<\/li>\n<li>Em caso de danos que comprometam a experi\u00eancia do jogo (perda ou avaria de componentes), o cliente dever\u00e1 arcar com os custos da reposi\u00e7\u00e3o dos componentes (quando dispon\u00edveis no mercado) ou aquisi\u00e7\u00e3o de um novo exemplar do jogo.<\/li>\n<\/ul>\n","protected":false},"excerpt":{"rendered":"<div class=\"woocommerce-product-details__short-description\">\n<p>O valor corresponde ao aluguel di\u00e1rio do jogo. Consulte as condi\u00e7\u00f5es abaixo.<\/p>\n<\/div>\n<div class=\"more-link-wrapper\"><a class=\"more-link\" href=\"https:\/\/cabanadoelfo.com.br\/loja\/jogo\/recto-verso\/\">Read More<span class=\"screen-reader-text\">Recto Verso<\/span><\/a><\/div>\n","protected":false},"featured_media":1010,"comment_status":"open","ping_status":"closed","template":"","meta":[],"product_brand":[],"product_cat":[393,37,15],"product_tag":[],"class_list":{"0":"post-1000","1":"product","2":"type-product","3":"status-publish","4":"has-post-thumbnail","6":"product_cat-jogos-de-blocos","7":"product_cat-jogo-de-cartas","8":"product_cat-jogos-de-tabuleiro","9":"pa_complexidade-jogos-familiares","10":"pa_complexidade-jogos-infantis","11":"pa_designer-inka-brand","12":"pa_designer-markus-brand","13":"pa_duracao-30-min","14":"pa_editora-meeple-br-jogos","15":"pa_estilo-acao-simultanea","16":"pa_estilo-colocacao-de-pecas","17":"pa_estilo-construcao-a-partir-de-modelo","18":"pa_estilo-tempo-real","19":"pa_idade-133","20":"pa_idioma-portugues","21":"pa_jogadores-2-a-6","22":"pa_modo-multijogador-competitivo","23":"pa_modo-multijogador-cooperativo","24":"pa_modo-multijogador-semi-cooperativo","25":"pa_tema-estrategia-abstrata","26":"entry","28":"first","29":"instock","30":"purchasable","31":"product-type-redq_rental"},"jetpack_sharing_enabled":true,"_links":{"self":[{"href":"https:\/\/cabanadoelfo.com.br\/loja\/wp-json\/wp\/v2\/product\/1000","targetHints":{"allow":["GET"]}}],"collection":[{"href":"https:\/\/cabanadoelfo.com.br\/loja\/wp-json\/wp\/v2\/product"}],"about":[{"href":"https:\/\/cabanadoelfo.com.br\/loja\/wp-json\/wp\/v2\/types\/product"}],"replies":[{"embeddable":true,"href":"https:\/\/cabanadoelfo.com.br\/loja\/wp-json\/wp\/v2\/comments?post=1000"}],"wp:featuredmedia":[{"embeddable":true,"href":"https:\/\/cabanadoelfo.com.br\/loja\/wp-json\/wp\/v2\/media\/1010"}],"wp:attachment":[{"href":"https:\/\/cabanadoelfo.com.br\/loja\/wp-json\/wp\/v2\/media?parent=1000"}],"wp:term":[{"taxonomy":"product_brand","embeddable":true,"href":"https:\/\/cabanadoelfo.com.br\/loja\/wp-json\/wp\/v2\/product_brand?post=1000"},{"taxonomy":"product_cat","embeddable":true,"href":"https:\/\/cabanadoelfo.com.br\/loja\/wp-json\/wp\/v2\/product_cat?post=1000"},{"taxonomy":"product_tag","embeddable":true,"href":"https:\/\/cabanadoelfo.com.br\/loja\/wp-json\/wp\/v2\/product_tag?post=1000"}],"curies":[{"name":"wp","href":"https:\/\/api.w.org\/{rel}","templated":true}]}}