{"id":198,"date":"2020-11-20T14:48:59","date_gmt":"2020-11-20T17:48:59","guid":{"rendered":"https:\/\/bloopix.com.br\/cabt2\/loja\/?page_id=198"},"modified":"2024-01-13T19:20:38","modified_gmt":"2024-01-13T22:20:38","slug":"termos-e-condicoes","status":"publish","type":"page","link":"https:\/\/cabanadoelfo.com.br\/loja\/termos-e-condicoes\/","title":{"rendered":"Termos e Condi\u00e7\u00f5es"},"content":{"rendered":"<p>Termos e Condi\u00e7\u00f5es de Aluguel da Cabana do Elfo, doravante denominada simplesmente Cabana do Elfo, e, de outro lado, o cliente Cabana do Elfo, qualificado no momento da aquisi\u00e7\u00e3o dos produtos Cabana do Elfo, doravante denominado simplesmente Cliente.<\/p>\n<p>Considerando que a Cabana do Elfo realiza aluguel de produtos pela internet; Considerando o interesse do Cliente no aluguel dos produtos oferecidos pela Cabana do Elfo (&#8220;Produtos&#8221;) em seus canais da internet; O presente contrato tem por finalidade estabelecer as condi\u00e7\u00f5es gerais de uso e aluguel de produtos e servi\u00e7os do cliente do site Cabana do Elfo.<\/p>\n<p>I. Confidencialidade: \u00e9 de responsabilidade da Cabana do Elfo a preserva\u00e7\u00e3o da confidencialidade de todos os dados e informa\u00e7\u00f5es fornecidos pelo Cliente no processo de aluguel. A seguran\u00e7a do site \u00e9 auditada frequentemente.<\/p>\n<p>II. Servi\u00e7o de Atendimento ao Cliente (SAC): O cliente disp\u00f5e desse servi\u00e7o para sanar suas d\u00favidas, solucionar eventuais solicita\u00e7\u00f5es ou reclama\u00e7\u00f5es a respeito do seu pedido ou de qualquer conte\u00fado disponibilizado no site. O SAC poder\u00e1 ser acionado por meio de e-mail (<strong>contato@cabanadoelfo.com.br<\/strong>) ou de formul\u00e1rio do site quando dispon\u00edvel.<\/p>\n<p>III. Pol\u00edtica de entrega: o prazo para entrega dos Produtos \u00e9 informado durante o procedimento de compra. As entregas dos Produtos s\u00e3o realizadas das 8h \u00e0s 22h, em dias previamente programados.<\/p>\n<p>III.I &#8211; A confer\u00eancia da adequa\u00e7\u00e3o das dimens\u00f5es do produto \u00e9 de responsabilidade do Cliente, que dever\u00e1 se assegurar de que estas est\u00e3o de acordo com os limites espaciais dos elevadores, portas e corredores do local da entrega. N\u00e3o ser\u00e1 realizada a montagem ou desmontagem do produto, transporte pela escada e\/ou portas e janelas, ou i\u00e7amento das entregas.<\/p>\n<p>III.II &#8211; Ser\u00e1 realizada tentativa de entrega no local informado em dia e faixa de hor\u00e1rio previamente informado. \u00c9 indispens\u00e1vel que, no endere\u00e7o solicitado, haja uma pessoa autorizada pelo comprador, maior de 18 anos, e portando documento de identifica\u00e7\u00e3o para receber a mercadoria e assinar o protocolo de entrega. Em caso de tentativa de entrega sem sucesso, o pedido retornar\u00e1 para o Centro de Distribui\u00e7\u00e3o da Cabana do Elfo.<\/p>\n<p>III.III &#8211; Ap\u00f3s a finaliza\u00e7\u00e3o do pedido n\u00e3o \u00e9 poss\u00edvel alterar a forma de pagamento e\/ou endere\u00e7o de entrega, solicitar adiantamento ou, ainda, prioridade da entrega.<\/p>\n<p>III.IV &#8211; O prazo informado durante o procedimento de aluguel do Produto leva em considera\u00e7\u00e3o o estoque, a regi\u00e3o e o tempo de preparo do produto. A cada atualiza\u00e7\u00e3o no status de entrega do pedido, o sistema da Cabana do Elfo envia, automaticamente, e-mails de alerta para o Cliente.<\/p>\n<p>III.V &#8211; O valor do frete da entrega \u00e9 fixo, estar\u00e1 dispon\u00edvel apenas para a cidade de Castanhal-PA e ser\u00e1 informado no carrinho de compras do site, ap\u00f3s apresenta\u00e7\u00e3o do CEP do Cliente.<\/p>\n<p>III.VI &#8211; A Cabana do Elfo n\u00e3o autoriza a transportadora a: entrar no domic\u00edlio; entregar por meios alternativos (exemplo: i\u00e7ar produto por janela); realizar instala\u00e7\u00e3o ou manuten\u00e7\u00e3o de produtos; realizar entrega em endere\u00e7o diferente do que consta no pedido; realizar entrega a menor de idade ou sem documento de identifica\u00e7\u00e3o.<\/p>\n<p>IV. O aluguel tem dura\u00e7\u00e3o determinada pelo cliente no momento da reserva, devendo o produto ser devolvido \u00e0 Cabana do Elfo na data final selecionada na reserva ou em outra data escolhida em comum acordo entre as partes (Cliente e Cabana do Elfo)<\/p>\n<p>V. O atraso na devolu\u00e7\u00e3o dos jogos resultar\u00e1 em cobran\u00e7a de uma taxa adicional equivalente a uma di\u00e1ria do aluguel, por cada dia de atraso.<\/p>\n<p>VI. Ap\u00f3s o aluguel, o produto dever\u00e1 ser devolvido \u00e0 Cabana do Elfo na embalagem original, acompanhado do manual e de todos os seus acess\u00f3rios.<\/p>\n<p>VII. Em caso de danos que comprometam a experi\u00eancia do jogo (perda ou avaria de componentes), o cliente dever\u00e1 arcar com os custos da reposi\u00e7\u00e3o dos componentes (quando dispon\u00edveis no mercado) ou aquisi\u00e7\u00e3o de um novo exemplar do jogo.<\/p>\n<p>VIII. A devolu\u00e7\u00e3o do produto alugado e qualquer custo de transporte para tal \u00e9 de responsabilidade integral do Cliente. Poder\u00e1 ser solicitada recolha em domic\u00edlio, desde que previamente acordado entre o Cliente e a Cabana do Elfo, mediante pagamento de valor estabelecido pela loja (valor este que n\u00e3o deve ser confundido com a taxa de entrega).<\/p>\n","protected":false},"excerpt":{"rendered":"<p>Termos e Condi\u00e7\u00f5es de Aluguel da Cabana do Elfo, doravante denominada simplesmente Cabana do Elfo, e, de outro lado, o cliente Cabana do Elfo, qualificado&#8230;<\/p>\n<div class=\"more-link-wrapper\"><a class=\"more-link\" href=\"https:\/\/cabanadoelfo.com.br\/loja\/termos-e-condicoes\/\">Read More<span class=\"screen-reader-text\">Termos e Condi\u00e7\u00f5es<\/span><\/a><\/div>\n","protected":false},"author":1,"featured_media":0,"parent":0,"menu_order":0,"comment_status":"closed","ping_status":"closed","template":"","meta":{"footnotes":""},"class_list":["post-198","page","type-page","status-publish","hentry","entry"],"jetpack_sharing_enabled":true,"_links":{"self":[{"href":"https:\/\/cabanadoelfo.com.br\/loja\/wp-json\/wp\/v2\/pages\/198","targetHints":{"allow":["GET"]}}],"collection":[{"href":"https:\/\/cabanadoelfo.com.br\/loja\/wp-json\/wp\/v2\/pages"}],"about":[{"href":"https:\/\/cabanadoelfo.com.br\/loja\/wp-json\/wp\/v2\/types\/page"}],"author":[{"embeddable":true,"href":"https:\/\/cabanadoelfo.com.br\/loja\/wp-json\/wp\/v2\/users\/1"}],"replies":[{"embeddable":true,"href":"https:\/\/cabanadoelfo.com.br\/loja\/wp-json\/wp\/v2\/comments?post=198"}],"version-history":[{"count":6,"href":"https:\/\/cabanadoelfo.com.br\/loja\/wp-json\/wp\/v2\/pages\/198\/revisions"}],"predecessor-version":[{"id":1762,"href":"https:\/\/cabanadoelfo.com.br\/loja\/wp-json\/wp\/v2\/pages\/198\/revisions\/1762"}],"wp:attachment":[{"href":"https:\/\/cabanadoelfo.com.br\/loja\/wp-json\/wp\/v2\/media?parent=198"}],"curies":[{"name":"wp","href":"https:\/\/api.w.org\/{rel}","templated":true}]}}